{"id":1092,"date":"2020-04-20T12:22:13","date_gmt":"2020-04-20T09:22:13","guid":{"rendered":"http:\/\/mikelbaka.lv\/?page_id=1092"},"modified":"2020-04-20T12:22:13","modified_gmt":"2020-04-20T09:22:13","slug":"ueber-die-region","status":"publish","type":"page","link":"https:\/\/mikelbaka.lv\/de\/ueber-die-region\/","title":{"rendered":"\u00dcber die Region"},"content":{"rendered":"<h3>Tourismuskarten<\/h3>\n<a href='http:\/\/visit.dundaga.lv\/userfiles\/files\/435\/LibiesiKarte2018_en.pdf' class='bold-link' target='_blank'>Tourism map \u00abThe Liv coastline is inviting you!\u00bb<\/a>\n<p>&nbsp;<\/p>\n<h3>Der Nationalpark Slitere<\/h3>\n<a href='http:\/\/visit.dundaga.lv\/de\/various\/routes\/369\/' class='bold-link' target='_blank'>Naturpfad Slitere<\/a>\n<a href='http:\/\/visit.dundaga.lv\/de\/various\/routes\/370\/' class='bold-link' target='_blank'>Naturpfad Peterezers<\/a>\n<a href='http:\/\/visit.dundaga.lv\/de\/various\/routes\/371\/' class='bold-link' target='_blank'>Naturpfad Kiefern in Kolka<\/a>\n<a href='http:\/\/visit.dundaga.lv\/de\/various\/routes\/372\/' class='bold-link' target='_blank'> Naturpfad und Steilufer Evazi<\/a>\n<a href='http:\/\/visit.dundaga.lv\/de\/various\/bakas\/74\/' class='bold-link' target='_blank'>Leuchtturm von \u0160l\u012btere<\/a>\n<p>&nbsp;<\/p>\n<h3>Informationen \u00fcber die Region<\/h3>\n<a href='http:\/\/visit.dundaga.lv\/de\/various\/dabas-objekti\/' class='bold-link' target='_blank'>Naturobjekte<\/a>\n<a href='http:\/\/visit.dundaga.lv\/de\/various\/kolekcijas\/' class='bold-link' target='_blank'>Sammlungen<\/a>\n<a href='http:\/\/visit.dundaga.lv\/de\/various\/pieminekli\/' class='bold-link' target='_blank'>Denkm\u00e4ler<\/a>\n<a href='http:\/\/visit.dundaga.lv\/de\/dishes\/degustacijas-maltites\/' class='bold-link' target='_blank'>Leckereien, Kostproben<\/a>\n","protected":false},"excerpt":{"rendered":"<p>Tourismuskarten &nbsp; Der Nationalpark Slitere &nbsp; Informationen \u00fcber die Region <a href=\"https:\/\/mikelbaka.lv\/de\/ueber-die-region\/\" class=\"bold-link\">Uzzin\u0101t vair\u0101k<\/a><\/p>\n","protected":false},"author":1,"featured_media":1087,"parent":0,"menu_order":0,"comment_status":"closed","ping_status":"closed","template":"","meta":{"_acf_changed":false,"footnotes":""},"class_list":["post-1092","page","type-page","status-publish","has-post-thumbnail","hentry"],"acf":[],"yoast_head":"<!-- This site is optimized with the Yoast SEO plugin v26.1.1 - https:\/\/yoast.com\/wordpress\/plugins\/seo\/ -->\n<title>\u00dcber die Region - Kempings Mi\u0137e\u013cb\u0101ka<\/title>\n<meta name=\"robots\" content=\"index, follow, max-snippet:-1, max-image-preview:large, max-video-preview:-1\" \/>\n<link rel=\"canonical\" href=\"https:\/\/mikelbaka.lv\/par-regionu\/\" \/>\n<meta property=\"og:locale\" content=\"de_DE\" \/>\n<meta property=\"og:type\" content=\"article\" \/>\n<meta property=\"og:title\" content=\"\u00dcber die Region - Kempings Mi\u0137e\u013cb\u0101ka\" \/>\n<meta property=\"og:description\" content=\"Tourismuskarten &nbsp; Der Nationalpark Slitere &nbsp; Informationen \u00fcber die Region Uzzin\u0101t vair\u0101k\" \/>\n<meta property=\"og:url\" content=\"https:\/\/mikelbaka.lv\/par-regionu\/\" \/>\n<meta property=\"og:site_name\" content=\"Kempings Mi\u0137e\u013cb\u0101ka\" \/>\n<meta property=\"og:image\" content=\"https:\/\/mikelbaka.lv\/wp-content\/uploads\/2020\/04\/par-regionu.jpg\" \/>\n\t<meta property=\"og:image:width\" content=\"1579\" \/>\n\t<meta property=\"og:image:height\" content=\"800\" \/>\n\t<meta property=\"og:image:type\" content=\"image\/jpeg\" \/>\n<meta name=\"twitter:card\" content=\"summary_large_image\" \/>\n<meta name=\"twitter:label1\" content=\"Gesch\u00e4tzte Lesezeit\" \/>\n\t<meta name=\"twitter:data1\" content=\"1\u00a0Minute\" \/>\n<script type=\"application\/ld+json\" class=\"yoast-schema-graph\">{\"@context\":\"https:\/\/schema.org\",\"@graph\":[{\"@type\":\"WebPage\",\"@id\":\"https:\/\/mikelbaka.lv\/par-regionu\/\",\"url\":\"https:\/\/mikelbaka.lv\/par-regionu\/\",\"name\":\"\u00dcber die Region - Kempings Mi\u0137e\u013cb\u0101ka\",\"isPartOf\":{\"@id\":\"https:\/\/mikelbaka.lv\/#website\"},\"primaryImageOfPage\":{\"@id\":\"https:\/\/mikelbaka.lv\/par-regionu\/#primaryimage\"},\"image\":{\"@id\":\"https:\/\/mikelbaka.lv\/par-regionu\/#primaryimage\"},\"thumbnailUrl\":\"https:\/\/mikelbaka.lv\/wp-content\/uploads\/2020\/04\/par-regionu.jpg\",\"datePublished\":\"2020-04-20T09:22:13+00:00\",\"breadcrumb\":{\"@id\":\"https:\/\/mikelbaka.lv\/par-regionu\/#breadcrumb\"},\"inLanguage\":\"de\",\"potentialAction\":[{\"@type\":\"ReadAction\",\"target\":[\"https:\/\/mikelbaka.lv\/par-regionu\/\"]}]},{\"@type\":\"ImageObject\",\"inLanguage\":\"de\",\"@id\":\"https:\/\/mikelbaka.lv\/par-regionu\/#primaryimage\",\"url\":\"https:\/\/mikelbaka.lv\/wp-content\/uploads\/2020\/04\/par-regionu.jpg\",\"contentUrl\":\"https:\/\/mikelbaka.lv\/wp-content\/uploads\/2020\/04\/par-regionu.jpg\",\"width\":1579,\"height\":800,\"caption\":\"OLYMPUS DIGITAL CAMERA\"},{\"@type\":\"BreadcrumbList\",\"@id\":\"https:\/\/mikelbaka.lv\/par-regionu\/#breadcrumb\",\"itemListElement\":[{\"@type\":\"ListItem\",\"position\":1,\"name\":\"Home\",\"item\":\"https:\/\/mikelbaka.lv\/de\/\"},{\"@type\":\"ListItem\",\"position\":2,\"name\":\"\u00dcber die Region\"}]},{\"@type\":\"WebSite\",\"@id\":\"https:\/\/mikelbaka.lv\/#website\",\"url\":\"https:\/\/mikelbaka.lv\/\",\"name\":\"Kempings Mi\u0137e\u013cb\u0101ka\",\"description\":\"Br\u012bvdienas pie j\u016bras\",\"publisher\":{\"@id\":\"https:\/\/mikelbaka.lv\/#organization\"},\"potentialAction\":[{\"@type\":\"SearchAction\",\"target\":{\"@type\":\"EntryPoint\",\"urlTemplate\":\"https:\/\/mikelbaka.lv\/?s={search_term_string}\"},\"query-input\":{\"@type\":\"PropertyValueSpecification\",\"valueRequired\":true,\"valueName\":\"search_term_string\"}}],\"inLanguage\":\"de\"},{\"@type\":\"Organization\",\"@id\":\"https:\/\/mikelbaka.lv\/#organization\",\"name\":\"Kempings \u201cMi\u0137e\u013cb\u0101ka\u201d\",\"url\":\"https:\/\/mikelbaka.lv\/\",\"logo\":{\"@type\":\"ImageObject\",\"inLanguage\":\"de\",\"@id\":\"https:\/\/mikelbaka.lv\/#\/schema\/logo\/image\/\",\"url\":\"https:\/\/mikelbaka.lv\/wp-content\/uploads\/2020\/04\/screenshot.png\",\"contentUrl\":\"https:\/\/mikelbaka.lv\/wp-content\/uploads\/2020\/04\/screenshot.png\",\"width\":1200,\"height\":900,\"caption\":\"Kempings \u201cMi\u0137e\u013cb\u0101ka\u201d\"},\"image\":{\"@id\":\"https:\/\/mikelbaka.lv\/#\/schema\/logo\/image\/\"}}]}<\/script>\n<!-- \/ Yoast SEO plugin. -->","yoast_head_json":{"title":"\u00dcber die Region - Kempings Mi\u0137e\u013cb\u0101ka","robots":{"index":"index","follow":"follow","max-snippet":"max-snippet:-1","max-image-preview":"max-image-preview:large","max-video-preview":"max-video-preview:-1"},"canonical":"https:\/\/mikelbaka.lv\/par-regionu\/","og_locale":"de_DE","og_type":"article","og_title":"\u00dcber die Region - Kempings Mi\u0137e\u013cb\u0101ka","og_description":"Tourismuskarten &nbsp; Der Nationalpark Slitere &nbsp; Informationen \u00fcber die Region Uzzin\u0101t vair\u0101k","og_url":"https:\/\/mikelbaka.lv\/par-regionu\/","og_site_name":"Kempings Mi\u0137e\u013cb\u0101ka","og_image":[{"width":1579,"height":800,"url":"https:\/\/mikelbaka.lv\/wp-content\/uploads\/2020\/04\/par-regionu.jpg","type":"image\/jpeg"}],"twitter_card":"summary_large_image","twitter_misc":{"Gesch\u00e4tzte Lesezeit":"1\u00a0Minute"},"schema":{"@context":"https:\/\/schema.org","@graph":[{"@type":"WebPage","@id":"https:\/\/mikelbaka.lv\/par-regionu\/","url":"https:\/\/mikelbaka.lv\/par-regionu\/","name":"\u00dcber die Region - Kempings Mi\u0137e\u013cb\u0101ka","isPartOf":{"@id":"https:\/\/mikelbaka.lv\/#website"},"primaryImageOfPage":{"@id":"https:\/\/mikelbaka.lv\/par-regionu\/#primaryimage"},"image":{"@id":"https:\/\/mikelbaka.lv\/par-regionu\/#primaryimage"},"thumbnailUrl":"https:\/\/mikelbaka.lv\/wp-content\/uploads\/2020\/04\/par-regionu.jpg","datePublished":"2020-04-20T09:22:13+00:00","breadcrumb":{"@id":"https:\/\/mikelbaka.lv\/par-regionu\/#breadcrumb"},"inLanguage":"de","potentialAction":[{"@type":"ReadAction","target":["https:\/\/mikelbaka.lv\/par-regionu\/"]}]},{"@type":"ImageObject","inLanguage":"de","@id":"https:\/\/mikelbaka.lv\/par-regionu\/#primaryimage","url":"https:\/\/mikelbaka.lv\/wp-content\/uploads\/2020\/04\/par-regionu.jpg","contentUrl":"https:\/\/mikelbaka.lv\/wp-content\/uploads\/2020\/04\/par-regionu.jpg","width":1579,"height":800,"caption":"OLYMPUS DIGITAL CAMERA"},{"@type":"BreadcrumbList","@id":"https:\/\/mikelbaka.lv\/par-regionu\/#breadcrumb","itemListElement":[{"@type":"ListItem","position":1,"name":"Home","item":"https:\/\/mikelbaka.lv\/de\/"},{"@type":"ListItem","position":2,"name":"\u00dcber die Region"}]},{"@type":"WebSite","@id":"https:\/\/mikelbaka.lv\/#website","url":"https:\/\/mikelbaka.lv\/","name":"Kempings Mi\u0137e\u013cb\u0101ka","description":"Br\u012bvdienas pie j\u016bras","publisher":{"@id":"https:\/\/mikelbaka.lv\/#organization"},"potentialAction":[{"@type":"SearchAction","target":{"@type":"EntryPoint","urlTemplate":"https:\/\/mikelbaka.lv\/?s={search_term_string}"},"query-input":{"@type":"PropertyValueSpecification","valueRequired":true,"valueName":"search_term_string"}}],"inLanguage":"de"},{"@type":"Organization","@id":"https:\/\/mikelbaka.lv\/#organization","name":"Kempings \u201cMi\u0137e\u013cb\u0101ka\u201d","url":"https:\/\/mikelbaka.lv\/","logo":{"@type":"ImageObject","inLanguage":"de","@id":"https:\/\/mikelbaka.lv\/#\/schema\/logo\/image\/","url":"https:\/\/mikelbaka.lv\/wp-content\/uploads\/2020\/04\/screenshot.png","contentUrl":"https:\/\/mikelbaka.lv\/wp-content\/uploads\/2020\/04\/screenshot.png","width":1200,"height":900,"caption":"Kempings \u201cMi\u0137e\u013cb\u0101ka\u201d"},"image":{"@id":"https:\/\/mikelbaka.lv\/#\/schema\/logo\/image\/"}}]}},"_links":{"self":[{"href":"https:\/\/mikelbaka.lv\/de\/wp-json\/wp\/v2\/pages\/1092","targetHints":{"allow":["GET"]}}],"collection":[{"href":"https:\/\/mikelbaka.lv\/de\/wp-json\/wp\/v2\/pages"}],"about":[{"href":"https:\/\/mikelbaka.lv\/de\/wp-json\/wp\/v2\/types\/page"}],"author":[{"embeddable":true,"href":"https:\/\/mikelbaka.lv\/de\/wp-json\/wp\/v2\/users\/1"}],"replies":[{"embeddable":true,"href":"https:\/\/mikelbaka.lv\/de\/wp-json\/wp\/v2\/comments?post=1092"}],"version-history":[{"count":1,"href":"https:\/\/mikelbaka.lv\/de\/wp-json\/wp\/v2\/pages\/1092\/revisions"}],"predecessor-version":[{"id":1093,"href":"https:\/\/mikelbaka.lv\/de\/wp-json\/wp\/v2\/pages\/1092\/revisions\/1093"}],"wp:featuredmedia":[{"embeddable":true,"href":"https:\/\/mikelbaka.lv\/de\/wp-json\/wp\/v2\/media\/1087"}],"wp:attachment":[{"href":"https:\/\/mikelbaka.lv\/de\/wp-json\/wp\/v2\/media?parent=1092"}],"curies":[{"name":"wp","href":"https:\/\/api.w.org\/{rel}","templated":true}]}}