{"id":129,"date":"2020-03-03T12:07:01","date_gmt":"2020-03-03T10:07:01","guid":{"rendered":"http:\/\/mikelbaka.lv\/?page_id=129"},"modified":"2022-09-30T20:36:49","modified_gmt":"2022-09-30T17:36:49","slug":"ueber-camping","status":"publish","type":"page","link":"https:\/\/mikelbaka.lv\/de\/ueber-camping\/","title":{"rendered":"\u00dcber Camping"},"content":{"rendered":"<p>Ferien an der Ostsee im Camping MikelbakaUnser Camping liegt in Region Ventspils in Mikeltornis unmittelbar am Meer, von einem Kiefernwald umgeben. Der Badestrand ist breit, sandig und ohne Gestein, und zur Verf\u00fcgung mehrere Hundert Meter entlang.<\/p>\n<p>In der Zeit vor dem unabh\u00e4ngigen Lettland lag dieses Gebiet von Ventspils bis zu Kolka den Reisenden unter Betretungsverbot. Dank dieser Einschr\u00e4nkung ist diese 80 km lange K\u00fcste nicht \u00fcbersiedelt geblieben, hier gibt es auch deswegen kaum Werke oder Anlagen, und die Natur ist wild und rein geblieben!<\/p>\n<p>Ein geeigneter Ort f\u00fcr jeden Reisenden und umso mehr f\u00fcr Familien mit Kindern, f\u00fcr Kinder- und Jugendlager, f\u00fcr Meditation verschiedenster Arten, sowie f\u00fcr jeden, der sich fantastische Entspannung hier im Camping am Meer in einer \u00f6kologisch reinen Umgebung g\u00f6nnen m\u00f6chte!<\/p>\n<p><iframe loading=\"lazy\" src=\"https:\/\/premium.giraffe360.com\/propertium\/mikelbaka\/\" width=\"100%\" height=\"550\" frameborder=\"0\" scrolling=\"no\" allowfullscreen=\"allowfullscreen\"><\/iframe><\/p>\n<p><iframe loading=\"lazy\" src=\"https:\/\/www.youtube.com\/embed\/I60WjApo9SE\" width=\"100%\" height=\"450\" frameborder=\"0\" allowfullscreen=\"allowfullscreen\"><\/iframe><\/p>\n<article class='gallery' style='background-image:url(https:\/\/mikelbaka.lv\/wp-content\/uploads\/2020\/02\/skats-no-bakas-020-Large.jpg)'><div class=\"gallery__overlay\"><a href=\"javascript:void(0)\" class=\"js-open-gallery button button--white\">Apskat\u012bt galeriju<\/a><\/div><div class=\"gallery__content\" style=\"display: none\"><a href=\"https:\/\/mikelbaka.lv\/wp-content\/uploads\/2020\/02\/skats-no-bakas-020-Large.jpg\" rel=\"lightbox\"><\/a><a href=\"https:\/\/mikelbaka.lv\/wp-content\/uploads\/2020\/02\/4.jpg\" rel=\"lightbox\"><\/a><a href=\"https:\/\/mikelbaka.lv\/wp-content\/uploads\/2020\/02\/3.jpg\" rel=\"lightbox\"><\/a><a href=\"https:\/\/mikelbaka.lv\/wp-content\/uploads\/2020\/02\/1.jpg\" rel=\"lightbox\"><\/a><a href=\"https:\/\/mikelbaka.lv\/wp-content\/uploads\/2020\/03\/DJI_0030-1024x768.jpg\" rel=\"lightbox\"><\/a><a href=\"https:\/\/mikelbaka.lv\/wp-content\/uploads\/2020\/03\/IMG_1584-1024x768.jpg\" rel=\"lightbox\"><\/a><a href=\"https:\/\/mikelbaka.lv\/wp-content\/uploads\/2020\/03\/IMG_20180818_190527-1024x768.jpg\" rel=\"lightbox\"><\/a><a href=\"https:\/\/mikelbaka.lv\/wp-content\/uploads\/2020\/03\/IMG_20180825_185754-1024x768.jpg\" rel=\"lightbox\"><\/a><a href=\"https:\/\/mikelbaka.lv\/wp-content\/uploads\/2020\/03\/D853167-Copy1-1024x683.jpg\" rel=\"lightbox\"><\/a><a href=\"https:\/\/mikelbaka.lv\/wp-content\/uploads\/2020\/03\/daz\u030ca\u0304das-026-1024x683.jpg\" rel=\"lightbox\"><\/a><a href=\"https:\/\/mikelbaka.lv\/wp-content\/uploads\/2020\/03\/DSC01098Ph-kopija-1024x684.jpg\" rel=\"lightbox\"><\/a><a href=\"https:\/\/mikelbaka.lv\/wp-content\/uploads\/2020\/03\/DSC04397-PR-copy-1024x625.jpg\" rel=\"lightbox\"><\/a><\/div><\/article>\n","protected":false},"excerpt":{"rendered":"<p>Ferien an der Ostsee im Camping MikelbakaUnser Camping liegt in Region Ventspils in Mikeltornis unmittelbar am Meer, von einem Kiefernwald umgeben. Der Badestrand ist breit, sandig und ohne Gestein, und zur Verf\u00fcgung mehrere Hundert Meter entlang. In der Zeit vor dem unabh\u00e4ngigen Lettland lag dieses Gebiet von Ventspils bis zu Kolka den Reisenden unter Betretungsverbot. [&hellip;] <a href=\"https:\/\/mikelbaka.lv\/de\/ueber-camping\/\" class=\"bold-link\">Uzzin\u0101t vair\u0101k<\/a><\/p>\n","protected":false},"author":1,"featured_media":1041,"parent":0,"menu_order":0,"comment_status":"closed","ping_status":"closed","template":"","meta":{"_acf_changed":false,"footnotes":""},"class_list":["post-129","page","type-page","status-publish","has-post-thumbnail","hentry"],"acf":[],"yoast_head":"<!-- This site is optimized with the Yoast SEO plugin v26.1.1 - https:\/\/yoast.com\/wordpress\/plugins\/seo\/ -->\n<title>\u00dcber Camping - Kempings Mi\u0137e\u013cb\u0101ka<\/title>\n<meta name=\"robots\" content=\"index, follow, max-snippet:-1, max-image-preview:large, max-video-preview:-1\" \/>\n<link rel=\"canonical\" href=\"https:\/\/mikelbaka.lv\/de\/ueber-camping\/\" \/>\n<meta property=\"og:locale\" content=\"de_DE\" \/>\n<meta property=\"og:type\" content=\"article\" \/>\n<meta property=\"og:title\" content=\"\u00dcber Camping - Kempings Mi\u0137e\u013cb\u0101ka\" \/>\n<meta property=\"og:description\" content=\"Ferien an der Ostsee im Camping MikelbakaUnser Camping liegt in Region Ventspils in Mikeltornis unmittelbar am Meer, von einem Kiefernwald umgeben. Der Badestrand ist breit, sandig und ohne Gestein, und zur Verf\u00fcgung mehrere Hundert Meter entlang. In der Zeit vor dem unabh\u00e4ngigen Lettland lag dieses Gebiet von Ventspils bis zu Kolka den Reisenden unter Betretungsverbot. [&hellip;] Uzzin\u0101t vair\u0101k\" \/>\n<meta property=\"og:url\" content=\"https:\/\/mikelbaka.lv\/de\/ueber-camping\/\" \/>\n<meta property=\"og:site_name\" content=\"Kempings Mi\u0137e\u013cb\u0101ka\" \/>\n<meta property=\"article:modified_time\" content=\"2022-09-30T17:36:49+00:00\" \/>\n<meta property=\"og:image\" content=\"https:\/\/mikelbaka.lv\/wp-content\/uploads\/2020\/03\/IMG_0018.jpg\" \/>\n\t<meta property=\"og:image:width\" content=\"2000\" \/>\n\t<meta property=\"og:image:height\" content=\"1125\" \/>\n\t<meta property=\"og:image:type\" content=\"image\/jpeg\" \/>\n<meta name=\"twitter:card\" content=\"summary_large_image\" \/>\n<meta name=\"twitter:label1\" content=\"Gesch\u00e4tzte Lesezeit\" \/>\n\t<meta name=\"twitter:data1\" content=\"1\u00a0Minute\" \/>\n<script type=\"application\/ld+json\" class=\"yoast-schema-graph\">{\"@context\":\"https:\/\/schema.org\",\"@graph\":[{\"@type\":\"WebPage\",\"@id\":\"https:\/\/mikelbaka.lv\/de\/ueber-camping\/\",\"url\":\"https:\/\/mikelbaka.lv\/de\/ueber-camping\/\",\"name\":\"\u00dcber Camping - Kempings Mi\u0137e\u013cb\u0101ka\",\"isPartOf\":{\"@id\":\"https:\/\/mikelbaka.lv\/#website\"},\"primaryImageOfPage\":{\"@id\":\"https:\/\/mikelbaka.lv\/de\/ueber-camping\/#primaryimage\"},\"image\":{\"@id\":\"https:\/\/mikelbaka.lv\/de\/ueber-camping\/#primaryimage\"},\"thumbnailUrl\":\"https:\/\/mikelbaka.lv\/wp-content\/uploads\/2020\/03\/IMG_0018.jpg\",\"datePublished\":\"2020-03-03T10:07:01+00:00\",\"dateModified\":\"2022-09-30T17:36:49+00:00\",\"breadcrumb\":{\"@id\":\"https:\/\/mikelbaka.lv\/de\/ueber-camping\/#breadcrumb\"},\"inLanguage\":\"de\",\"potentialAction\":[{\"@type\":\"ReadAction\",\"target\":[\"https:\/\/mikelbaka.lv\/de\/ueber-camping\/\"]}]},{\"@type\":\"ImageObject\",\"inLanguage\":\"de\",\"@id\":\"https:\/\/mikelbaka.lv\/de\/ueber-camping\/#primaryimage\",\"url\":\"https:\/\/mikelbaka.lv\/wp-content\/uploads\/2020\/03\/IMG_0018.jpg\",\"contentUrl\":\"https:\/\/mikelbaka.lv\/wp-content\/uploads\/2020\/03\/IMG_0018.jpg\",\"width\":2000,\"height\":1125},{\"@type\":\"BreadcrumbList\",\"@id\":\"https:\/\/mikelbaka.lv\/de\/ueber-camping\/#breadcrumb\",\"itemListElement\":[{\"@type\":\"ListItem\",\"position\":1,\"name\":\"Home\",\"item\":\"https:\/\/mikelbaka.lv\/de\/\"},{\"@type\":\"ListItem\",\"position\":2,\"name\":\"\u00dcber Camping\"}]},{\"@type\":\"WebSite\",\"@id\":\"https:\/\/mikelbaka.lv\/#website\",\"url\":\"https:\/\/mikelbaka.lv\/\",\"name\":\"Kempings Mi\u0137e\u013cb\u0101ka\",\"description\":\"Br\u012bvdienas pie j\u016bras\",\"publisher\":{\"@id\":\"https:\/\/mikelbaka.lv\/#organization\"},\"potentialAction\":[{\"@type\":\"SearchAction\",\"target\":{\"@type\":\"EntryPoint\",\"urlTemplate\":\"https:\/\/mikelbaka.lv\/?s={search_term_string}\"},\"query-input\":{\"@type\":\"PropertyValueSpecification\",\"valueRequired\":true,\"valueName\":\"search_term_string\"}}],\"inLanguage\":\"de\"},{\"@type\":\"Organization\",\"@id\":\"https:\/\/mikelbaka.lv\/#organization\",\"name\":\"Kempings \u201cMi\u0137e\u013cb\u0101ka\u201d\",\"url\":\"https:\/\/mikelbaka.lv\/\",\"logo\":{\"@type\":\"ImageObject\",\"inLanguage\":\"de\",\"@id\":\"https:\/\/mikelbaka.lv\/#\/schema\/logo\/image\/\",\"url\":\"https:\/\/mikelbaka.lv\/wp-content\/uploads\/2020\/04\/screenshot.png\",\"contentUrl\":\"https:\/\/mikelbaka.lv\/wp-content\/uploads\/2020\/04\/screenshot.png\",\"width\":1200,\"height\":900,\"caption\":\"Kempings \u201cMi\u0137e\u013cb\u0101ka\u201d\"},\"image\":{\"@id\":\"https:\/\/mikelbaka.lv\/#\/schema\/logo\/image\/\"}}]}<\/script>\n<!-- \/ Yoast SEO plugin. -->","yoast_head_json":{"title":"\u00dcber Camping - Kempings Mi\u0137e\u013cb\u0101ka","robots":{"index":"index","follow":"follow","max-snippet":"max-snippet:-1","max-image-preview":"max-image-preview:large","max-video-preview":"max-video-preview:-1"},"canonical":"https:\/\/mikelbaka.lv\/de\/ueber-camping\/","og_locale":"de_DE","og_type":"article","og_title":"\u00dcber Camping - Kempings Mi\u0137e\u013cb\u0101ka","og_description":"Ferien an der Ostsee im Camping MikelbakaUnser Camping liegt in Region Ventspils in Mikeltornis unmittelbar am Meer, von einem Kiefernwald umgeben. Der Badestrand ist breit, sandig und ohne Gestein, und zur Verf\u00fcgung mehrere Hundert Meter entlang. In der Zeit vor dem unabh\u00e4ngigen Lettland lag dieses Gebiet von Ventspils bis zu Kolka den Reisenden unter Betretungsverbot. [&hellip;] Uzzin\u0101t vair\u0101k","og_url":"https:\/\/mikelbaka.lv\/de\/ueber-camping\/","og_site_name":"Kempings Mi\u0137e\u013cb\u0101ka","article_modified_time":"2022-09-30T17:36:49+00:00","og_image":[{"width":2000,"height":1125,"url":"https:\/\/mikelbaka.lv\/wp-content\/uploads\/2020\/03\/IMG_0018.jpg","type":"image\/jpeg"}],"twitter_card":"summary_large_image","twitter_misc":{"Gesch\u00e4tzte Lesezeit":"1\u00a0Minute"},"schema":{"@context":"https:\/\/schema.org","@graph":[{"@type":"WebPage","@id":"https:\/\/mikelbaka.lv\/de\/ueber-camping\/","url":"https:\/\/mikelbaka.lv\/de\/ueber-camping\/","name":"\u00dcber Camping - Kempings Mi\u0137e\u013cb\u0101ka","isPartOf":{"@id":"https:\/\/mikelbaka.lv\/#website"},"primaryImageOfPage":{"@id":"https:\/\/mikelbaka.lv\/de\/ueber-camping\/#primaryimage"},"image":{"@id":"https:\/\/mikelbaka.lv\/de\/ueber-camping\/#primaryimage"},"thumbnailUrl":"https:\/\/mikelbaka.lv\/wp-content\/uploads\/2020\/03\/IMG_0018.jpg","datePublished":"2020-03-03T10:07:01+00:00","dateModified":"2022-09-30T17:36:49+00:00","breadcrumb":{"@id":"https:\/\/mikelbaka.lv\/de\/ueber-camping\/#breadcrumb"},"inLanguage":"de","potentialAction":[{"@type":"ReadAction","target":["https:\/\/mikelbaka.lv\/de\/ueber-camping\/"]}]},{"@type":"ImageObject","inLanguage":"de","@id":"https:\/\/mikelbaka.lv\/de\/ueber-camping\/#primaryimage","url":"https:\/\/mikelbaka.lv\/wp-content\/uploads\/2020\/03\/IMG_0018.jpg","contentUrl":"https:\/\/mikelbaka.lv\/wp-content\/uploads\/2020\/03\/IMG_0018.jpg","width":2000,"height":1125},{"@type":"BreadcrumbList","@id":"https:\/\/mikelbaka.lv\/de\/ueber-camping\/#breadcrumb","itemListElement":[{"@type":"ListItem","position":1,"name":"Home","item":"https:\/\/mikelbaka.lv\/de\/"},{"@type":"ListItem","position":2,"name":"\u00dcber Camping"}]},{"@type":"WebSite","@id":"https:\/\/mikelbaka.lv\/#website","url":"https:\/\/mikelbaka.lv\/","name":"Kempings Mi\u0137e\u013cb\u0101ka","description":"Br\u012bvdienas pie j\u016bras","publisher":{"@id":"https:\/\/mikelbaka.lv\/#organization"},"potentialAction":[{"@type":"SearchAction","target":{"@type":"EntryPoint","urlTemplate":"https:\/\/mikelbaka.lv\/?s={search_term_string}"},"query-input":{"@type":"PropertyValueSpecification","valueRequired":true,"valueName":"search_term_string"}}],"inLanguage":"de"},{"@type":"Organization","@id":"https:\/\/mikelbaka.lv\/#organization","name":"Kempings \u201cMi\u0137e\u013cb\u0101ka\u201d","url":"https:\/\/mikelbaka.lv\/","logo":{"@type":"ImageObject","inLanguage":"de","@id":"https:\/\/mikelbaka.lv\/#\/schema\/logo\/image\/","url":"https:\/\/mikelbaka.lv\/wp-content\/uploads\/2020\/04\/screenshot.png","contentUrl":"https:\/\/mikelbaka.lv\/wp-content\/uploads\/2020\/04\/screenshot.png","width":1200,"height":900,"caption":"Kempings \u201cMi\u0137e\u013cb\u0101ka\u201d"},"image":{"@id":"https:\/\/mikelbaka.lv\/#\/schema\/logo\/image\/"}}]}},"_links":{"self":[{"href":"https:\/\/mikelbaka.lv\/de\/wp-json\/wp\/v2\/pages\/129","targetHints":{"allow":["GET"]}}],"collection":[{"href":"https:\/\/mikelbaka.lv\/de\/wp-json\/wp\/v2\/pages"}],"about":[{"href":"https:\/\/mikelbaka.lv\/de\/wp-json\/wp\/v2\/types\/page"}],"author":[{"embeddable":true,"href":"https:\/\/mikelbaka.lv\/de\/wp-json\/wp\/v2\/users\/1"}],"replies":[{"embeddable":true,"href":"https:\/\/mikelbaka.lv\/de\/wp-json\/wp\/v2\/comments?post=129"}],"version-history":[{"count":4,"href":"https:\/\/mikelbaka.lv\/de\/wp-json\/wp\/v2\/pages\/129\/revisions"}],"predecessor-version":[{"id":3753,"href":"https:\/\/mikelbaka.lv\/de\/wp-json\/wp\/v2\/pages\/129\/revisions\/3753"}],"wp:featuredmedia":[{"embeddable":true,"href":"https:\/\/mikelbaka.lv\/de\/wp-json\/wp\/v2\/media\/1041"}],"wp:attachment":[{"href":"https:\/\/mikelbaka.lv\/de\/wp-json\/wp\/v2\/media?parent=129"}],"curies":[{"name":"wp","href":"https:\/\/api.w.org\/{rel}","templated":true}]}}