{"id":83,"date":"2020-03-02T11:00:10","date_gmt":"2020-03-02T09:00:10","guid":{"rendered":"http:\/\/mikelbaka.lv\/?page_id=83"},"modified":"2026-03-31T14:31:49","modified_gmt":"2026-03-31T11:31:49","slug":"startseite","status":"publish","type":"page","link":"https:\/\/mikelbaka.lv\/de\/","title":{"rendered":"Startseite"},"content":{"rendered":"","protected":false},"excerpt":{"rendered":"<p> <a href=\"https:\/\/mikelbaka.lv\/de\/\" class=\"bold-link\">Uzzin\u0101t vair\u0101k<\/a><\/p>\n","protected":false},"author":1,"featured_media":0,"parent":0,"menu_order":0,"comment_status":"closed","ping_status":"closed","template":"templates\/landing.tpl.php","meta":{"_acf_changed":false,"footnotes":""},"class_list":["post-83","page","type-page","status-publish","hentry"],"acf":[],"yoast_head":"<!-- This site is optimized with the Yoast SEO plugin v26.1.1 - https:\/\/yoast.com\/wordpress\/plugins\/seo\/ -->\n<title>Campingplatz Mi\u0137e\u013cb\u0101ka: Camping, Zelten am Meer<\/title>\n<meta name=\"description\" content=\"Camping \u00b7 Erholung am Meer in Lettland \u00b7 Dienstleistungen \u00b7 Campingh\u00e4user \u00b7 Wohnwagensiedlung am Meer \u00b7 Angeln am Meer \u00b7 Zelten am Meer\" \/>\n<meta name=\"robots\" content=\"index, follow, max-snippet:-1, max-image-preview:large, max-video-preview:-1\" \/>\n<link rel=\"canonical\" href=\"https:\/\/mikelbaka.lv\/de\/\" \/>\n<meta property=\"og:locale\" content=\"de_DE\" \/>\n<meta property=\"og:type\" content=\"article\" \/>\n<meta property=\"og:title\" content=\"Campingplatz Mi\u0137e\u013cb\u0101ka: Camping, Zelten am Meer\" \/>\n<meta property=\"og:description\" content=\"Camping \u00b7 Erholung am Meer in Lettland \u00b7 Dienstleistungen \u00b7 Campingh\u00e4user \u00b7 Wohnwagensiedlung am Meer \u00b7 Angeln am Meer \u00b7 Zelten am Meer\" \/>\n<meta property=\"og:url\" content=\"https:\/\/mikelbaka.lv\/de\/\" \/>\n<meta property=\"og:site_name\" content=\"Kempings Mi\u0137e\u013cb\u0101ka\" \/>\n<meta property=\"article:modified_time\" content=\"2026-03-31T11:31:49+00:00\" \/>\n<meta name=\"twitter:card\" content=\"summary_large_image\" \/>\n<meta name=\"twitter:label1\" content=\"Gesch\u00e4tzte Lesezeit\" \/>\n\t<meta name=\"twitter:data1\" content=\"3\u00a0Minuten\" \/>\n<script type=\"application\/ld+json\" class=\"yoast-schema-graph\">{\"@context\":\"https:\/\/schema.org\",\"@graph\":[{\"@type\":\"WebPage\",\"@id\":\"https:\/\/mikelbaka.lv\/de\/\",\"url\":\"https:\/\/mikelbaka.lv\/de\/\",\"name\":\"Campingplatz Mi\u0137e\u013cb\u0101ka: Camping, Zelten am Meer\",\"isPartOf\":{\"@id\":\"https:\/\/mikelbaka.lv\/#website\"},\"datePublished\":\"2020-03-02T09:00:10+00:00\",\"dateModified\":\"2026-03-31T11:31:49+00:00\",\"description\":\"Camping \u00b7 Erholung am Meer in Lettland \u00b7 Dienstleistungen \u00b7 Campingh\u00e4user \u00b7 Wohnwagensiedlung am Meer \u00b7 Angeln am Meer \u00b7 Zelten am Meer\",\"breadcrumb\":{\"@id\":\"https:\/\/mikelbaka.lv\/de\/#breadcrumb\"},\"inLanguage\":\"de\",\"potentialAction\":[{\"@type\":\"ReadAction\",\"target\":[\"https:\/\/mikelbaka.lv\/de\/\"]}]},{\"@type\":\"BreadcrumbList\",\"@id\":\"https:\/\/mikelbaka.lv\/de\/#breadcrumb\",\"itemListElement\":[{\"@type\":\"ListItem\",\"position\":1,\"name\":\"Home\",\"item\":\"https:\/\/mikelbaka.lv\/de\/\"},{\"@type\":\"ListItem\",\"position\":2,\"name\":\"Startseite\"}]},{\"@type\":\"WebSite\",\"@id\":\"https:\/\/mikelbaka.lv\/#website\",\"url\":\"https:\/\/mikelbaka.lv\/\",\"name\":\"Kempings Mi\u0137e\u013cb\u0101ka\",\"description\":\"Br\u012bvdienas pie j\u016bras\",\"publisher\":{\"@id\":\"https:\/\/mikelbaka.lv\/#organization\"},\"potentialAction\":[{\"@type\":\"SearchAction\",\"target\":{\"@type\":\"EntryPoint\",\"urlTemplate\":\"https:\/\/mikelbaka.lv\/?s={search_term_string}\"},\"query-input\":{\"@type\":\"PropertyValueSpecification\",\"valueRequired\":true,\"valueName\":\"search_term_string\"}}],\"inLanguage\":\"de\"},{\"@type\":\"Organization\",\"@id\":\"https:\/\/mikelbaka.lv\/#organization\",\"name\":\"Kempings \u201cMi\u0137e\u013cb\u0101ka\u201d\",\"url\":\"https:\/\/mikelbaka.lv\/\",\"logo\":{\"@type\":\"ImageObject\",\"inLanguage\":\"de\",\"@id\":\"https:\/\/mikelbaka.lv\/#\/schema\/logo\/image\/\",\"url\":\"https:\/\/mikelbaka.lv\/wp-content\/uploads\/2020\/04\/screenshot.png\",\"contentUrl\":\"https:\/\/mikelbaka.lv\/wp-content\/uploads\/2020\/04\/screenshot.png\",\"width\":1200,\"height\":900,\"caption\":\"Kempings \u201cMi\u0137e\u013cb\u0101ka\u201d\"},\"image\":{\"@id\":\"https:\/\/mikelbaka.lv\/#\/schema\/logo\/image\/\"}}]}<\/script>\n<!-- \/ Yoast SEO plugin. -->","yoast_head_json":{"title":"Campingplatz Mi\u0137e\u013cb\u0101ka: Camping, Zelten am Meer","description":"Camping \u00b7 Erholung am Meer in Lettland \u00b7 Dienstleistungen \u00b7 Campingh\u00e4user \u00b7 Wohnwagensiedlung am Meer \u00b7 Angeln am Meer \u00b7 Zelten am Meer","robots":{"index":"index","follow":"follow","max-snippet":"max-snippet:-1","max-image-preview":"max-image-preview:large","max-video-preview":"max-video-preview:-1"},"canonical":"https:\/\/mikelbaka.lv\/de\/","og_locale":"de_DE","og_type":"article","og_title":"Campingplatz Mi\u0137e\u013cb\u0101ka: Camping, Zelten am Meer","og_description":"Camping \u00b7 Erholung am Meer in Lettland \u00b7 Dienstleistungen \u00b7 Campingh\u00e4user \u00b7 Wohnwagensiedlung am Meer \u00b7 Angeln am Meer \u00b7 Zelten am Meer","og_url":"https:\/\/mikelbaka.lv\/de\/","og_site_name":"Kempings Mi\u0137e\u013cb\u0101ka","article_modified_time":"2026-03-31T11:31:49+00:00","twitter_card":"summary_large_image","twitter_misc":{"Gesch\u00e4tzte Lesezeit":"3\u00a0Minuten"},"schema":{"@context":"https:\/\/schema.org","@graph":[{"@type":"WebPage","@id":"https:\/\/mikelbaka.lv\/de\/","url":"https:\/\/mikelbaka.lv\/de\/","name":"Campingplatz Mi\u0137e\u013cb\u0101ka: Camping, Zelten am Meer","isPartOf":{"@id":"https:\/\/mikelbaka.lv\/#website"},"datePublished":"2020-03-02T09:00:10+00:00","dateModified":"2026-03-31T11:31:49+00:00","description":"Camping \u00b7 Erholung am Meer in Lettland \u00b7 Dienstleistungen \u00b7 Campingh\u00e4user \u00b7 Wohnwagensiedlung am Meer \u00b7 Angeln am Meer \u00b7 Zelten am Meer","breadcrumb":{"@id":"https:\/\/mikelbaka.lv\/de\/#breadcrumb"},"inLanguage":"de","potentialAction":[{"@type":"ReadAction","target":["https:\/\/mikelbaka.lv\/de\/"]}]},{"@type":"BreadcrumbList","@id":"https:\/\/mikelbaka.lv\/de\/#breadcrumb","itemListElement":[{"@type":"ListItem","position":1,"name":"Home","item":"https:\/\/mikelbaka.lv\/de\/"},{"@type":"ListItem","position":2,"name":"Startseite"}]},{"@type":"WebSite","@id":"https:\/\/mikelbaka.lv\/#website","url":"https:\/\/mikelbaka.lv\/","name":"Kempings Mi\u0137e\u013cb\u0101ka","description":"Br\u012bvdienas pie j\u016bras","publisher":{"@id":"https:\/\/mikelbaka.lv\/#organization"},"potentialAction":[{"@type":"SearchAction","target":{"@type":"EntryPoint","urlTemplate":"https:\/\/mikelbaka.lv\/?s={search_term_string}"},"query-input":{"@type":"PropertyValueSpecification","valueRequired":true,"valueName":"search_term_string"}}],"inLanguage":"de"},{"@type":"Organization","@id":"https:\/\/mikelbaka.lv\/#organization","name":"Kempings \u201cMi\u0137e\u013cb\u0101ka\u201d","url":"https:\/\/mikelbaka.lv\/","logo":{"@type":"ImageObject","inLanguage":"de","@id":"https:\/\/mikelbaka.lv\/#\/schema\/logo\/image\/","url":"https:\/\/mikelbaka.lv\/wp-content\/uploads\/2020\/04\/screenshot.png","contentUrl":"https:\/\/mikelbaka.lv\/wp-content\/uploads\/2020\/04\/screenshot.png","width":1200,"height":900,"caption":"Kempings \u201cMi\u0137e\u013cb\u0101ka\u201d"},"image":{"@id":"https:\/\/mikelbaka.lv\/#\/schema\/logo\/image\/"}}]}},"_links":{"self":[{"href":"https:\/\/mikelbaka.lv\/de\/wp-json\/wp\/v2\/pages\/83","targetHints":{"allow":["GET"]}}],"collection":[{"href":"https:\/\/mikelbaka.lv\/de\/wp-json\/wp\/v2\/pages"}],"about":[{"href":"https:\/\/mikelbaka.lv\/de\/wp-json\/wp\/v2\/types\/page"}],"author":[{"embeddable":true,"href":"https:\/\/mikelbaka.lv\/de\/wp-json\/wp\/v2\/users\/1"}],"replies":[{"embeddable":true,"href":"https:\/\/mikelbaka.lv\/de\/wp-json\/wp\/v2\/comments?post=83"}],"version-history":[{"count":13,"href":"https:\/\/mikelbaka.lv\/de\/wp-json\/wp\/v2\/pages\/83\/revisions"}],"predecessor-version":[{"id":6099,"href":"https:\/\/mikelbaka.lv\/de\/wp-json\/wp\/v2\/pages\/83\/revisions\/6099"}],"wp:attachment":[{"href":"https:\/\/mikelbaka.lv\/de\/wp-json\/wp\/v2\/media?parent=83"}],"curies":[{"name":"wp","href":"https:\/\/api.w.org\/{rel}","templated":true}]}}