{"id":189,"date":"2020-03-09T11:55:47","date_gmt":"2020-03-09T09:55:47","guid":{"rendered":"http:\/\/mikelbaka.lv\/accommodations\/"},"modified":"2020-03-17T11:40:15","modified_gmt":"2020-03-17T09:40:15","slug":"accommodations","status":"publish","type":"page","link":"https:\/\/mikelbaka.lv\/en\/accommodations\/","title":{"rendered":"Accommodations"},"content":{"rendered":"<div class=\"mphb_sc_rooms-wrapper mphb-room-types block-group sm-block-group wrap\">\r\n<div class=\"mphb-room-type post-760 mphb_room_type type-mphb_room_type status-publish has-post-thumbnail mphb_room_type_category-other mphb_room_type_facility-electricity-hook-up mphb_room_type_facility-fridge mphb_room_type_facility-gas-cooker mphb_room_type_facility-kettle mphb_room_type_facility-kitchen mphb_room_type_facility-shower mphb_room_type_facility-wc-en mphb_room_type_facility-wi-fi-en mphb-room-type-adults-5 mphb-room-type-children-0  sm-block-3 block-4 accomodation-grid__item\">\r\n\r\n\t\r\n\t\r\n\r\n\t<a href=\"https:\/\/mikelbaka.lv\/en\/accommodation\/trailer-sites\/\">\r\n\t<img loading=\"lazy\" decoding=\"async\" width=\"2560\" height=\"1920\" src=\"https:\/\/mikelbaka.lv\/wp-content\/uploads\/2020\/03\/treileri-17-scaled.jpg\" class=\"attachment-post-thumbnail size-post-thumbnail wp-post-image\" alt=\"\" srcset=\"https:\/\/mikelbaka.lv\/wp-content\/uploads\/2020\/03\/treileri-17-scaled.jpg 2560w, https:\/\/mikelbaka.lv\/wp-content\/uploads\/2020\/03\/treileri-17-300x225.jpg 300w, https:\/\/mikelbaka.lv\/wp-content\/uploads\/2020\/03\/treileri-17-1024x768.jpg 1024w, https:\/\/mikelbaka.lv\/wp-content\/uploads\/2020\/03\/treileri-17-768x576.jpg 768w, https:\/\/mikelbaka.lv\/wp-content\/uploads\/2020\/03\/treileri-17-1536x1152.jpg 1536w, https:\/\/mikelbaka.lv\/wp-content\/uploads\/2020\/03\/treileri-17-2048x1536.jpg 2048w, https:\/\/mikelbaka.lv\/wp-content\/uploads\/2020\/03\/treileri-17-1440x1080.jpg 1440w\" sizes=\"auto, (max-width: 2560px) 100vw, 2560px\" \/>\t<\/a>\r\n\r\n\r\n\r\n<a class=\"mphb-room-type-title\" href=\"https:\/\/mikelbaka.lv\/en\/accommodation\/trailer-sites\/\">Trailer sites<\/a>\r\n\r\n<p class=\"mphb-view-details-button-wrapper\">\r\n<a class=\"button mphb-view-details-button\" href=\"https:\/\/mikelbaka.lv\/en\/accommodation\/trailer-sites\/\" >View Details<\/a>\r\n<\/p>\r\n\t\r\n<\/div>\r\n\r\n<div class=\"mphb-room-type post-780 mphb_room_type type-mphb_room_type status-publish has-post-thumbnail mphb_room_type_category-other mphb-room-type-adults-6 mphb-room-type-children-0  sm-block-3 block-4 accomodation-grid__item\">\r\n\r\n\t\r\n\t\r\n\r\n\t<a href=\"https:\/\/mikelbaka.lv\/en\/accommodation\/seaside-tent-sites\/\">\r\n\t<img loading=\"lazy\" decoding=\"async\" width=\"2048\" height=\"1152\" src=\"https:\/\/mikelbaka.lv\/wp-content\/uploads\/2025\/05\/WhatsApp-Image-2025-05-07-at-12.47.52_7fde7b75.jpg\" class=\"attachment-post-thumbnail size-post-thumbnail wp-post-image\" alt=\"\" srcset=\"https:\/\/mikelbaka.lv\/wp-content\/uploads\/2025\/05\/WhatsApp-Image-2025-05-07-at-12.47.52_7fde7b75.jpg 2048w, https:\/\/mikelbaka.lv\/wp-content\/uploads\/2025\/05\/WhatsApp-Image-2025-05-07-at-12.47.52_7fde7b75-300x169.jpg 300w, https:\/\/mikelbaka.lv\/wp-content\/uploads\/2025\/05\/WhatsApp-Image-2025-05-07-at-12.47.52_7fde7b75-1024x576.jpg 1024w, https:\/\/mikelbaka.lv\/wp-content\/uploads\/2025\/05\/WhatsApp-Image-2025-05-07-at-12.47.52_7fde7b75-768x432.jpg 768w, https:\/\/mikelbaka.lv\/wp-content\/uploads\/2025\/05\/WhatsApp-Image-2025-05-07-at-12.47.52_7fde7b75-1536x864.jpg 1536w, https:\/\/mikelbaka.lv\/wp-content\/uploads\/2025\/05\/WhatsApp-Image-2025-05-07-at-12.47.52_7fde7b75-1920x1080.jpg 1920w\" sizes=\"auto, (max-width: 2048px) 100vw, 2048px\" \/>\t<\/a>\r\n\r\n\r\n\r\n<a class=\"mphb-room-type-title\" href=\"https:\/\/mikelbaka.lv\/en\/accommodation\/seaside-tent-sites\/\">Seaside tent sites<\/a>\r\n\r\n<p class=\"mphb-view-details-button-wrapper\">\r\n<a class=\"button mphb-view-details-button\" href=\"https:\/\/mikelbaka.lv\/en\/accommodation\/seaside-tent-sites\/\" >View Details<\/a>\r\n<\/p>\r\n\t\r\n<\/div>\r\n\r\n<div class=\"mphb-room-type post-1117 mphb_room_type type-mphb_room_type status-publish has-post-thumbnail mphb_room_type_category-camping-houses mphb_room_type_facility-bed-linen mphb_room_type_facility-fridge mphb_room_type_facility-wi-fi-en mphb-room-type-adults-4 mphb-room-type-children-0  sm-block-3 block-4 accomodation-grid__item\">\r\n\r\n\t\r\n\t\r\n\r\n\t<a href=\"https:\/\/mikelbaka.lv\/en\/accommodation\/camping-house-for-4\/\">\r\n\t<img loading=\"lazy\" decoding=\"async\" width=\"2560\" height=\"1440\" src=\"https:\/\/mikelbaka.lv\/wp-content\/uploads\/2020\/03\/4-vietigas-kempinga-majinas-scaled.jpg\" class=\"attachment-post-thumbnail size-post-thumbnail wp-post-image\" alt=\"\" srcset=\"https:\/\/mikelbaka.lv\/wp-content\/uploads\/2020\/03\/4-vietigas-kempinga-majinas-scaled.jpg 2560w, https:\/\/mikelbaka.lv\/wp-content\/uploads\/2020\/03\/4-vietigas-kempinga-majinas-300x169.jpg 300w, https:\/\/mikelbaka.lv\/wp-content\/uploads\/2020\/03\/4-vietigas-kempinga-majinas-1024x576.jpg 1024w, https:\/\/mikelbaka.lv\/wp-content\/uploads\/2020\/03\/4-vietigas-kempinga-majinas-768x432.jpg 768w, https:\/\/mikelbaka.lv\/wp-content\/uploads\/2020\/03\/4-vietigas-kempinga-majinas-1536x864.jpg 1536w, https:\/\/mikelbaka.lv\/wp-content\/uploads\/2020\/03\/4-vietigas-kempinga-majinas-2048x1152.jpg 2048w, https:\/\/mikelbaka.lv\/wp-content\/uploads\/2020\/03\/4-vietigas-kempinga-majinas-1920x1080.jpg 1920w\" sizes=\"auto, (max-width: 2560px) 100vw, 2560px\" \/>\t<\/a>\r\n\r\n\r\n\r\n<a class=\"mphb-room-type-title\" href=\"https:\/\/mikelbaka.lv\/en\/accommodation\/camping-house-for-4\/\">Seaside Cabin &#8211; up to 4 persons<\/a>\r\n\r\n<p class=\"mphb-view-details-button-wrapper\">\r\n<a class=\"button mphb-view-details-button\" href=\"https:\/\/mikelbaka.lv\/en\/accommodation\/camping-house-for-4\/\" >View Details<\/a>\r\n<\/p>\r\n\t\r\n<\/div>\r\n\r\n<div class=\"mphb-room-type post-1119 mphb_room_type type-mphb_room_type status-publish has-post-thumbnail mphb_room_type_category-camping-houses mphb_room_type_facility-bed-linen mphb_room_type_facility-dishes mphb_room_type_facility-fridge mphb_room_type_facility-gas-cooker mphb_room_type_facility-kettle mphb_room_type_facility-kitchen mphb_room_type_facility-shower mphb_room_type_facility-wc-en mphb-room-type-adults-6 mphb-room-type-children-0  sm-block-3 block-4 accomodation-grid__item\">\r\n\r\n\t\r\n\t\r\n\r\n\t<a href=\"https:\/\/mikelbaka.lv\/en\/accommodation\/seaside-holiday-lodge-for-6\/\">\r\n\t<img loading=\"lazy\" decoding=\"async\" width=\"2560\" height=\"1920\" src=\"https:\/\/mikelbaka.lv\/wp-content\/uploads\/2020\/03\/brivdienu-majas-2-scaled.jpg\" class=\"attachment-post-thumbnail size-post-thumbnail wp-post-image\" alt=\"\" srcset=\"https:\/\/mikelbaka.lv\/wp-content\/uploads\/2020\/03\/brivdienu-majas-2-scaled.jpg 2560w, https:\/\/mikelbaka.lv\/wp-content\/uploads\/2020\/03\/brivdienu-majas-2-300x225.jpg 300w, https:\/\/mikelbaka.lv\/wp-content\/uploads\/2020\/03\/brivdienu-majas-2-1024x768.jpg 1024w, https:\/\/mikelbaka.lv\/wp-content\/uploads\/2020\/03\/brivdienu-majas-2-768x576.jpg 768w, https:\/\/mikelbaka.lv\/wp-content\/uploads\/2020\/03\/brivdienu-majas-2-1536x1152.jpg 1536w, https:\/\/mikelbaka.lv\/wp-content\/uploads\/2020\/03\/brivdienu-majas-2-2048x1536.jpg 2048w, https:\/\/mikelbaka.lv\/wp-content\/uploads\/2020\/03\/brivdienu-majas-2-1440x1080.jpg 1440w\" sizes=\"auto, (max-width: 2560px) 100vw, 2560px\" \/>\t<\/a>\r\n\r\n\r\n\r\n<a class=\"mphb-room-type-title\" href=\"https:\/\/mikelbaka.lv\/en\/accommodation\/seaside-holiday-lodge-for-6\/\">Seaside Holiday House &#8211; up to 6 persons<\/a>\r\n\r\n<p class=\"mphb-view-details-button-wrapper\">\r\n<a class=\"button mphb-view-details-button\" href=\"https:\/\/mikelbaka.lv\/en\/accommodation\/seaside-holiday-lodge-for-6\/\" >View Details<\/a>\r\n<\/p>\r\n\t\r\n<\/div>\r\n\r\n<div class=\"mphb-room-type post-823 mphb_room_type type-mphb_room_type status-publish has-post-thumbnail mphb_room_type_category-camping-houses mphb_room_type_facility-bed-linen mphb_room_type_facility-dishes mphb_room_type_facility-fridge mphb_room_type_facility-gas-cooker mphb_room_type_facility-kettle mphb_room_type_facility-kitchen mphb_room_type_facility-shower mphb_room_type_facility-wc-en mphb_room_type_facility-wi-fi-en mphb-room-type-adults-5 mphb-room-type-children-0  sm-block-3 block-4 accomodation-grid__item\">\r\n\r\n\t\r\n\t\r\n\r\n\t<a href=\"https:\/\/mikelbaka.lv\/en\/accommodation\/seaside-holiday-lodge-for-5\/\">\r\n\t<img loading=\"lazy\" decoding=\"async\" width=\"2560\" height=\"1920\" src=\"https:\/\/mikelbaka.lv\/wp-content\/uploads\/2020\/03\/brivdienu-majas-2-scaled.jpg\" class=\"attachment-post-thumbnail size-post-thumbnail wp-post-image\" alt=\"\" srcset=\"https:\/\/mikelbaka.lv\/wp-content\/uploads\/2020\/03\/brivdienu-majas-2-scaled.jpg 2560w, https:\/\/mikelbaka.lv\/wp-content\/uploads\/2020\/03\/brivdienu-majas-2-300x225.jpg 300w, https:\/\/mikelbaka.lv\/wp-content\/uploads\/2020\/03\/brivdienu-majas-2-1024x768.jpg 1024w, https:\/\/mikelbaka.lv\/wp-content\/uploads\/2020\/03\/brivdienu-majas-2-768x576.jpg 768w, https:\/\/mikelbaka.lv\/wp-content\/uploads\/2020\/03\/brivdienu-majas-2-1536x1152.jpg 1536w, https:\/\/mikelbaka.lv\/wp-content\/uploads\/2020\/03\/brivdienu-majas-2-2048x1536.jpg 2048w, https:\/\/mikelbaka.lv\/wp-content\/uploads\/2020\/03\/brivdienu-majas-2-1440x1080.jpg 1440w\" sizes=\"auto, (max-width: 2560px) 100vw, 2560px\" \/>\t<\/a>\r\n\r\n\r\n\r\n<a class=\"mphb-room-type-title\" href=\"https:\/\/mikelbaka.lv\/en\/accommodation\/seaside-holiday-lodge-for-5\/\">Seaside Holiday House &#8211; up to 5 persons<\/a>\r\n\r\n<p class=\"mphb-view-details-button-wrapper\">\r\n<a class=\"button mphb-view-details-button\" href=\"https:\/\/mikelbaka.lv\/en\/accommodation\/seaside-holiday-lodge-for-5\/\" >View Details<\/a>\r\n<\/p>\r\n\t\r\n<\/div>\r\n\r\n<div class=\"mphb-room-type post-825 mphb_room_type type-mphb_room_type status-publish has-post-thumbnail mphb_room_type_category-camping-houses mphb_room_type_facility-bed-linen mphb_room_type_facility-dishes mphb_room_type_facility-fridge mphb_room_type_facility-gas-cooker mphb_room_type_facility-kettle mphb_room_type_facility-kitchen mphb_room_type_facility-shower mphb_room_type_facility-wc-en mphb_room_type_facility-wi-fi-en mphb-room-type-adults-4 mphb-room-type-children-0  sm-block-3 block-4 accomodation-grid__item\">\r\n\r\n\t\r\n\t\r\n\r\n\t<a href=\"https:\/\/mikelbaka.lv\/en\/accommodation\/seaside-holiday-lodge-for-4\/\">\r\n\t<img loading=\"lazy\" decoding=\"async\" width=\"2560\" height=\"1920\" src=\"https:\/\/mikelbaka.lv\/wp-content\/uploads\/2020\/03\/brivdienu-majas-2-scaled.jpg\" class=\"attachment-post-thumbnail size-post-thumbnail wp-post-image\" alt=\"\" srcset=\"https:\/\/mikelbaka.lv\/wp-content\/uploads\/2020\/03\/brivdienu-majas-2-scaled.jpg 2560w, https:\/\/mikelbaka.lv\/wp-content\/uploads\/2020\/03\/brivdienu-majas-2-300x225.jpg 300w, https:\/\/mikelbaka.lv\/wp-content\/uploads\/2020\/03\/brivdienu-majas-2-1024x768.jpg 1024w, https:\/\/mikelbaka.lv\/wp-content\/uploads\/2020\/03\/brivdienu-majas-2-768x576.jpg 768w, https:\/\/mikelbaka.lv\/wp-content\/uploads\/2020\/03\/brivdienu-majas-2-1536x1152.jpg 1536w, https:\/\/mikelbaka.lv\/wp-content\/uploads\/2020\/03\/brivdienu-majas-2-2048x1536.jpg 2048w, https:\/\/mikelbaka.lv\/wp-content\/uploads\/2020\/03\/brivdienu-majas-2-1440x1080.jpg 1440w\" sizes=\"auto, (max-width: 2560px) 100vw, 2560px\" \/>\t<\/a>\r\n\r\n\r\n\r\n<a class=\"mphb-room-type-title\" href=\"https:\/\/mikelbaka.lv\/en\/accommodation\/seaside-holiday-lodge-for-4\/\">Seaside Holiday House &#8211; up to 4 persons<\/a>\r\n\r\n<p class=\"mphb-view-details-button-wrapper\">\r\n<a class=\"button mphb-view-details-button\" href=\"https:\/\/mikelbaka.lv\/en\/accommodation\/seaside-holiday-lodge-for-4\/\" >View Details<\/a>\r\n<\/p>\r\n\t\r\n<\/div>\r\n\r\n<div class=\"mphb-room-type post-3311 mphb_room_type type-mphb_room_type status-publish has-post-thumbnail mphb_room_type_category-other mphb_room_type_facility-air-mattresses mphb_room_type_facility-bed-linen mphb_room_type_facility-camping-chairs mphb_room_type_facility-camping-table mphb_room_type_facility-electric-stove mphb-room-type-adults-5 mphb-room-type-children-0  sm-block-3 block-4 accomodation-grid__item\">\r\n\r\n\t\r\n\t\r\n\r\n\t<a href=\"https:\/\/mikelbaka.lv\/en\/accommodation\/furnished-tent-for-5\/\">\r\n\t<img loading=\"lazy\" decoding=\"async\" width=\"2048\" height=\"1536\" src=\"https:\/\/mikelbaka.lv\/wp-content\/uploads\/2022\/06\/WhatsApp-Image-2022-06-17-at-9.58.24-AM.jpeg\" class=\"attachment-post-thumbnail size-post-thumbnail wp-post-image\" alt=\"\" srcset=\"https:\/\/mikelbaka.lv\/wp-content\/uploads\/2022\/06\/WhatsApp-Image-2022-06-17-at-9.58.24-AM.jpeg 2048w, https:\/\/mikelbaka.lv\/wp-content\/uploads\/2022\/06\/WhatsApp-Image-2022-06-17-at-9.58.24-AM-300x225.jpeg 300w, https:\/\/mikelbaka.lv\/wp-content\/uploads\/2022\/06\/WhatsApp-Image-2022-06-17-at-9.58.24-AM-1024x768.jpeg 1024w, https:\/\/mikelbaka.lv\/wp-content\/uploads\/2022\/06\/WhatsApp-Image-2022-06-17-at-9.58.24-AM-768x576.jpeg 768w, https:\/\/mikelbaka.lv\/wp-content\/uploads\/2022\/06\/WhatsApp-Image-2022-06-17-at-9.58.24-AM-1536x1152.jpeg 1536w, https:\/\/mikelbaka.lv\/wp-content\/uploads\/2022\/06\/WhatsApp-Image-2022-06-17-at-9.58.24-AM-1440x1080.jpeg 1440w\" sizes=\"auto, (max-width: 2048px) 100vw, 2048px\" \/>\t<\/a>\r\n\r\n\r\n\r\n<a class=\"mphb-room-type-title\" href=\"https:\/\/mikelbaka.lv\/en\/accommodation\/furnished-tent-for-5\/\">Furnished tent for 5<\/a>\r\n\r\n<p class=\"mphb-view-details-button-wrapper\">\r\n<a class=\"button mphb-view-details-button\" href=\"https:\/\/mikelbaka.lv\/en\/accommodation\/furnished-tent-for-5\/\" >View Details<\/a>\r\n<\/p>\r\n\t\r\n<\/div>\r\n<\/div>\n","protected":false},"excerpt":{"rendered":"<p> <a href=\"https:\/\/mikelbaka.lv\/en\/accommodation\/furnished-tent-for-5\/\" class=\"bold-link\">Uzzin\u0101t vair\u0101k<\/a><\/p>\n","protected":false},"author":1,"featured_media":0,"parent":0,"menu_order":0,"comment_status":"closed","ping_status":"closed","template":"templates\/page-full.tpl.php","meta":{"_acf_changed":false,"footnotes":""},"class_list":["post-189","page","type-page","status-publish","hentry"],"acf":[],"yoast_head":"<!-- This site is optimized with the Yoast SEO plugin v26.1.1 - https:\/\/yoast.com\/wordpress\/plugins\/seo\/ -->\n<title>Accommodations - Kempings Mi\u0137e\u013cb\u0101ka<\/title>\n<meta name=\"robots\" content=\"index, follow, max-snippet:-1, max-image-preview:large, max-video-preview:-1\" \/>\n<link rel=\"canonical\" href=\"https:\/\/mikelbaka.lv\/pakalpojumi\/\" \/>\n<meta property=\"og:locale\" content=\"en_US\" \/>\n<meta property=\"og:type\" content=\"article\" \/>\n<meta property=\"og:title\" content=\"Accommodations - Kempings Mi\u0137e\u013cb\u0101ka\" \/>\n<meta property=\"og:description\" content=\"Uzzin\u0101t vair\u0101k\" \/>\n<meta property=\"og:url\" content=\"https:\/\/mikelbaka.lv\/pakalpojumi\/\" \/>\n<meta property=\"og:site_name\" content=\"Kempings Mi\u0137e\u013cb\u0101ka\" \/>\n<meta property=\"article:modified_time\" content=\"2020-03-17T09:40:15+00:00\" \/>\n<meta name=\"twitter:card\" content=\"summary_large_image\" \/>\n<script type=\"application\/ld+json\" class=\"yoast-schema-graph\">{\"@context\":\"https:\/\/schema.org\",\"@graph\":[{\"@type\":\"WebPage\",\"@id\":\"https:\/\/mikelbaka.lv\/pakalpojumi\/\",\"url\":\"https:\/\/mikelbaka.lv\/pakalpojumi\/\",\"name\":\"Accommodations - Kempings Mi\u0137e\u013cb\u0101ka\",\"isPartOf\":{\"@id\":\"https:\/\/mikelbaka.lv\/#website\"},\"datePublished\":\"2020-03-09T09:55:47+00:00\",\"dateModified\":\"2020-03-17T09:40:15+00:00\",\"breadcrumb\":{\"@id\":\"https:\/\/mikelbaka.lv\/pakalpojumi\/#breadcrumb\"},\"inLanguage\":\"en-US\",\"potentialAction\":[{\"@type\":\"ReadAction\",\"target\":[\"https:\/\/mikelbaka.lv\/pakalpojumi\/\"]}]},{\"@type\":\"BreadcrumbList\",\"@id\":\"https:\/\/mikelbaka.lv\/pakalpojumi\/#breadcrumb\",\"itemListElement\":[{\"@type\":\"ListItem\",\"position\":1,\"name\":\"Home\",\"item\":\"https:\/\/mikelbaka.lv\/en\/\"},{\"@type\":\"ListItem\",\"position\":2,\"name\":\"Accommodations\"}]},{\"@type\":\"WebSite\",\"@id\":\"https:\/\/mikelbaka.lv\/#website\",\"url\":\"https:\/\/mikelbaka.lv\/\",\"name\":\"Kempings Mi\u0137e\u013cb\u0101ka\",\"description\":\"Br\u012bvdienas pie j\u016bras\",\"publisher\":{\"@id\":\"https:\/\/mikelbaka.lv\/#organization\"},\"potentialAction\":[{\"@type\":\"SearchAction\",\"target\":{\"@type\":\"EntryPoint\",\"urlTemplate\":\"https:\/\/mikelbaka.lv\/?s={search_term_string}\"},\"query-input\":{\"@type\":\"PropertyValueSpecification\",\"valueRequired\":true,\"valueName\":\"search_term_string\"}}],\"inLanguage\":\"en-US\"},{\"@type\":\"Organization\",\"@id\":\"https:\/\/mikelbaka.lv\/#organization\",\"name\":\"Kempings \u201cMi\u0137e\u013cb\u0101ka\u201d\",\"url\":\"https:\/\/mikelbaka.lv\/\",\"logo\":{\"@type\":\"ImageObject\",\"inLanguage\":\"en-US\",\"@id\":\"https:\/\/mikelbaka.lv\/#\/schema\/logo\/image\/\",\"url\":\"https:\/\/mikelbaka.lv\/wp-content\/uploads\/2020\/04\/screenshot.png\",\"contentUrl\":\"https:\/\/mikelbaka.lv\/wp-content\/uploads\/2020\/04\/screenshot.png\",\"width\":1200,\"height\":900,\"caption\":\"Kempings \u201cMi\u0137e\u013cb\u0101ka\u201d\"},\"image\":{\"@id\":\"https:\/\/mikelbaka.lv\/#\/schema\/logo\/image\/\"}}]}<\/script>\n<!-- \/ Yoast SEO plugin. -->","yoast_head_json":{"title":"Accommodations - Kempings Mi\u0137e\u013cb\u0101ka","robots":{"index":"index","follow":"follow","max-snippet":"max-snippet:-1","max-image-preview":"max-image-preview:large","max-video-preview":"max-video-preview:-1"},"canonical":"https:\/\/mikelbaka.lv\/pakalpojumi\/","og_locale":"en_US","og_type":"article","og_title":"Accommodations - Kempings Mi\u0137e\u013cb\u0101ka","og_description":"Uzzin\u0101t vair\u0101k","og_url":"https:\/\/mikelbaka.lv\/pakalpojumi\/","og_site_name":"Kempings Mi\u0137e\u013cb\u0101ka","article_modified_time":"2020-03-17T09:40:15+00:00","twitter_card":"summary_large_image","schema":{"@context":"https:\/\/schema.org","@graph":[{"@type":"WebPage","@id":"https:\/\/mikelbaka.lv\/pakalpojumi\/","url":"https:\/\/mikelbaka.lv\/pakalpojumi\/","name":"Accommodations - Kempings Mi\u0137e\u013cb\u0101ka","isPartOf":{"@id":"https:\/\/mikelbaka.lv\/#website"},"datePublished":"2020-03-09T09:55:47+00:00","dateModified":"2020-03-17T09:40:15+00:00","breadcrumb":{"@id":"https:\/\/mikelbaka.lv\/pakalpojumi\/#breadcrumb"},"inLanguage":"en-US","potentialAction":[{"@type":"ReadAction","target":["https:\/\/mikelbaka.lv\/pakalpojumi\/"]}]},{"@type":"BreadcrumbList","@id":"https:\/\/mikelbaka.lv\/pakalpojumi\/#breadcrumb","itemListElement":[{"@type":"ListItem","position":1,"name":"Home","item":"https:\/\/mikelbaka.lv\/en\/"},{"@type":"ListItem","position":2,"name":"Accommodations"}]},{"@type":"WebSite","@id":"https:\/\/mikelbaka.lv\/#website","url":"https:\/\/mikelbaka.lv\/","name":"Kempings Mi\u0137e\u013cb\u0101ka","description":"Br\u012bvdienas pie j\u016bras","publisher":{"@id":"https:\/\/mikelbaka.lv\/#organization"},"potentialAction":[{"@type":"SearchAction","target":{"@type":"EntryPoint","urlTemplate":"https:\/\/mikelbaka.lv\/?s={search_term_string}"},"query-input":{"@type":"PropertyValueSpecification","valueRequired":true,"valueName":"search_term_string"}}],"inLanguage":"en-US"},{"@type":"Organization","@id":"https:\/\/mikelbaka.lv\/#organization","name":"Kempings \u201cMi\u0137e\u013cb\u0101ka\u201d","url":"https:\/\/mikelbaka.lv\/","logo":{"@type":"ImageObject","inLanguage":"en-US","@id":"https:\/\/mikelbaka.lv\/#\/schema\/logo\/image\/","url":"https:\/\/mikelbaka.lv\/wp-content\/uploads\/2020\/04\/screenshot.png","contentUrl":"https:\/\/mikelbaka.lv\/wp-content\/uploads\/2020\/04\/screenshot.png","width":1200,"height":900,"caption":"Kempings \u201cMi\u0137e\u013cb\u0101ka\u201d"},"image":{"@id":"https:\/\/mikelbaka.lv\/#\/schema\/logo\/image\/"}}]}},"_links":{"self":[{"href":"https:\/\/mikelbaka.lv\/en\/wp-json\/wp\/v2\/pages\/189","targetHints":{"allow":["GET"]}}],"collection":[{"href":"https:\/\/mikelbaka.lv\/en\/wp-json\/wp\/v2\/pages"}],"about":[{"href":"https:\/\/mikelbaka.lv\/en\/wp-json\/wp\/v2\/types\/page"}],"author":[{"embeddable":true,"href":"https:\/\/mikelbaka.lv\/en\/wp-json\/wp\/v2\/users\/1"}],"replies":[{"embeddable":true,"href":"https:\/\/mikelbaka.lv\/en\/wp-json\/wp\/v2\/comments?post=189"}],"version-history":[{"count":3,"href":"https:\/\/mikelbaka.lv\/en\/wp-json\/wp\/v2\/pages\/189\/revisions"}],"predecessor-version":[{"id":773,"href":"https:\/\/mikelbaka.lv\/en\/wp-json\/wp\/v2\/pages\/189\/revisions\/773"}],"wp:attachment":[{"href":"https:\/\/mikelbaka.lv\/en\/wp-json\/wp\/v2\/media?parent=189"}],"curies":[{"name":"wp","href":"https:\/\/api.w.org\/{rel}","templated":true}]}}