{"id":1101,"date":"2020-04-21T15:12:29","date_gmt":"2020-04-21T12:12:29","guid":{"rendered":"http:\/\/mikelbaka.lv\/?page_id=1101"},"modified":"2020-04-21T15:12:29","modified_gmt":"2020-04-21T12:12:29","slug":"ieskoti-prieinamuma","status":"publish","type":"page","link":"https:\/\/mikelbaka.lv\/lt\/ieskoti-prieinamuma\/","title":{"rendered":"Ie\u0161koti prieinamum\u0105"},"content":{"rendered":"","protected":false},"excerpt":{"rendered":"<p> <a href=\"https:\/\/mikelbaka.lv\/lt\/ieskoti-prieinamuma\/\" class=\"bold-link\">Uzzin\u0101t vair\u0101k<\/a><\/p>\n","protected":false},"author":1,"featured_media":0,"parent":0,"menu_order":0,"comment_status":"closed","ping_status":"closed","template":"templates\/booking.tpl.php","meta":{"_acf_changed":false,"footnotes":""},"class_list":["post-1101","page","type-page","status-publish","hentry"],"acf":[],"yoast_head":"<!-- This site is optimized with the Yoast SEO plugin v26.1.1 - https:\/\/yoast.com\/wordpress\/plugins\/seo\/ -->\n<title>Ie\u0161koti prieinamum\u0105 - Kempings Mi\u0137e\u013cb\u0101ka<\/title>\n<meta name=\"robots\" content=\"index, follow, max-snippet:-1, max-image-preview:large, max-video-preview:-1\" \/>\n<link rel=\"canonical\" href=\"https:\/\/mikelbaka.lv\/meklet-pieejamibu\/\" \/>\n<meta property=\"og:locale\" content=\"lt_LT\" \/>\n<meta property=\"og:type\" content=\"article\" \/>\n<meta property=\"og:title\" content=\"Ie\u0161koti prieinamum\u0105 - Kempings Mi\u0137e\u013cb\u0101ka\" \/>\n<meta property=\"og:description\" content=\"Uzzin\u0101t vair\u0101k\" \/>\n<meta property=\"og:url\" content=\"https:\/\/mikelbaka.lv\/meklet-pieejamibu\/\" \/>\n<meta property=\"og:site_name\" content=\"Kempings Mi\u0137e\u013cb\u0101ka\" \/>\n<meta name=\"twitter:card\" content=\"summary_large_image\" \/>\n<script type=\"application\/ld+json\" class=\"yoast-schema-graph\">{\"@context\":\"https:\/\/schema.org\",\"@graph\":[{\"@type\":\"WebPage\",\"@id\":\"https:\/\/mikelbaka.lv\/meklet-pieejamibu\/\",\"url\":\"https:\/\/mikelbaka.lv\/meklet-pieejamibu\/\",\"name\":\"Ie\u0161koti prieinamum\u0105 - Kempings Mi\u0137e\u013cb\u0101ka\",\"isPartOf\":{\"@id\":\"https:\/\/mikelbaka.lv\/#website\"},\"datePublished\":\"2020-04-21T12:12:29+00:00\",\"breadcrumb\":{\"@id\":\"https:\/\/mikelbaka.lv\/meklet-pieejamibu\/#breadcrumb\"},\"inLanguage\":\"lt-LT\",\"potentialAction\":[{\"@type\":\"ReadAction\",\"target\":[\"https:\/\/mikelbaka.lv\/meklet-pieejamibu\/\"]}]},{\"@type\":\"BreadcrumbList\",\"@id\":\"https:\/\/mikelbaka.lv\/meklet-pieejamibu\/#breadcrumb\",\"itemListElement\":[{\"@type\":\"ListItem\",\"position\":1,\"name\":\"Home\",\"item\":\"https:\/\/mikelbaka.lv\/lt\/\"},{\"@type\":\"ListItem\",\"position\":2,\"name\":\"Ie\u0161koti prieinamum\u0105\"}]},{\"@type\":\"WebSite\",\"@id\":\"https:\/\/mikelbaka.lv\/#website\",\"url\":\"https:\/\/mikelbaka.lv\/\",\"name\":\"Kempings Mi\u0137e\u013cb\u0101ka\",\"description\":\"Br\u012bvdienas pie j\u016bras\",\"publisher\":{\"@id\":\"https:\/\/mikelbaka.lv\/#organization\"},\"potentialAction\":[{\"@type\":\"SearchAction\",\"target\":{\"@type\":\"EntryPoint\",\"urlTemplate\":\"https:\/\/mikelbaka.lv\/?s={search_term_string}\"},\"query-input\":{\"@type\":\"PropertyValueSpecification\",\"valueRequired\":true,\"valueName\":\"search_term_string\"}}],\"inLanguage\":\"lt-LT\"},{\"@type\":\"Organization\",\"@id\":\"https:\/\/mikelbaka.lv\/#organization\",\"name\":\"Kempings \u201cMi\u0137e\u013cb\u0101ka\u201d\",\"url\":\"https:\/\/mikelbaka.lv\/\",\"logo\":{\"@type\":\"ImageObject\",\"inLanguage\":\"lt-LT\",\"@id\":\"https:\/\/mikelbaka.lv\/#\/schema\/logo\/image\/\",\"url\":\"https:\/\/mikelbaka.lv\/wp-content\/uploads\/2020\/04\/screenshot.png\",\"contentUrl\":\"https:\/\/mikelbaka.lv\/wp-content\/uploads\/2020\/04\/screenshot.png\",\"width\":1200,\"height\":900,\"caption\":\"Kempings \u201cMi\u0137e\u013cb\u0101ka\u201d\"},\"image\":{\"@id\":\"https:\/\/mikelbaka.lv\/#\/schema\/logo\/image\/\"}}]}<\/script>\n<!-- \/ Yoast SEO plugin. -->","yoast_head_json":{"title":"Ie\u0161koti prieinamum\u0105 - Kempings Mi\u0137e\u013cb\u0101ka","robots":{"index":"index","follow":"follow","max-snippet":"max-snippet:-1","max-image-preview":"max-image-preview:large","max-video-preview":"max-video-preview:-1"},"canonical":"https:\/\/mikelbaka.lv\/meklet-pieejamibu\/","og_locale":"lt_LT","og_type":"article","og_title":"Ie\u0161koti prieinamum\u0105 - Kempings Mi\u0137e\u013cb\u0101ka","og_description":"Uzzin\u0101t vair\u0101k","og_url":"https:\/\/mikelbaka.lv\/meklet-pieejamibu\/","og_site_name":"Kempings Mi\u0137e\u013cb\u0101ka","twitter_card":"summary_large_image","schema":{"@context":"https:\/\/schema.org","@graph":[{"@type":"WebPage","@id":"https:\/\/mikelbaka.lv\/meklet-pieejamibu\/","url":"https:\/\/mikelbaka.lv\/meklet-pieejamibu\/","name":"Ie\u0161koti prieinamum\u0105 - Kempings Mi\u0137e\u013cb\u0101ka","isPartOf":{"@id":"https:\/\/mikelbaka.lv\/#website"},"datePublished":"2020-04-21T12:12:29+00:00","breadcrumb":{"@id":"https:\/\/mikelbaka.lv\/meklet-pieejamibu\/#breadcrumb"},"inLanguage":"lt-LT","potentialAction":[{"@type":"ReadAction","target":["https:\/\/mikelbaka.lv\/meklet-pieejamibu\/"]}]},{"@type":"BreadcrumbList","@id":"https:\/\/mikelbaka.lv\/meklet-pieejamibu\/#breadcrumb","itemListElement":[{"@type":"ListItem","position":1,"name":"Home","item":"https:\/\/mikelbaka.lv\/lt\/"},{"@type":"ListItem","position":2,"name":"Ie\u0161koti prieinamum\u0105"}]},{"@type":"WebSite","@id":"https:\/\/mikelbaka.lv\/#website","url":"https:\/\/mikelbaka.lv\/","name":"Kempings Mi\u0137e\u013cb\u0101ka","description":"Br\u012bvdienas pie j\u016bras","publisher":{"@id":"https:\/\/mikelbaka.lv\/#organization"},"potentialAction":[{"@type":"SearchAction","target":{"@type":"EntryPoint","urlTemplate":"https:\/\/mikelbaka.lv\/?s={search_term_string}"},"query-input":{"@type":"PropertyValueSpecification","valueRequired":true,"valueName":"search_term_string"}}],"inLanguage":"lt-LT"},{"@type":"Organization","@id":"https:\/\/mikelbaka.lv\/#organization","name":"Kempings \u201cMi\u0137e\u013cb\u0101ka\u201d","url":"https:\/\/mikelbaka.lv\/","logo":{"@type":"ImageObject","inLanguage":"lt-LT","@id":"https:\/\/mikelbaka.lv\/#\/schema\/logo\/image\/","url":"https:\/\/mikelbaka.lv\/wp-content\/uploads\/2020\/04\/screenshot.png","contentUrl":"https:\/\/mikelbaka.lv\/wp-content\/uploads\/2020\/04\/screenshot.png","width":1200,"height":900,"caption":"Kempings \u201cMi\u0137e\u013cb\u0101ka\u201d"},"image":{"@id":"https:\/\/mikelbaka.lv\/#\/schema\/logo\/image\/"}}]}},"_links":{"self":[{"href":"https:\/\/mikelbaka.lv\/lt\/wp-json\/wp\/v2\/pages\/1101","targetHints":{"allow":["GET"]}}],"collection":[{"href":"https:\/\/mikelbaka.lv\/lt\/wp-json\/wp\/v2\/pages"}],"about":[{"href":"https:\/\/mikelbaka.lv\/lt\/wp-json\/wp\/v2\/types\/page"}],"author":[{"embeddable":true,"href":"https:\/\/mikelbaka.lv\/lt\/wp-json\/wp\/v2\/users\/1"}],"replies":[{"embeddable":true,"href":"https:\/\/mikelbaka.lv\/lt\/wp-json\/wp\/v2\/comments?post=1101"}],"version-history":[{"count":1,"href":"https:\/\/mikelbaka.lv\/lt\/wp-json\/wp\/v2\/pages\/1101\/revisions"}],"predecessor-version":[{"id":1102,"href":"https:\/\/mikelbaka.lv\/lt\/wp-json\/wp\/v2\/pages\/1101\/revisions\/1102"}],"wp:attachment":[{"href":"https:\/\/mikelbaka.lv\/lt\/wp-json\/wp\/v2\/media?parent=1101"}],"curies":[{"name":"wp","href":"https:\/\/api.w.org\/{rel}","templated":true}]}}