{"id":1113,"date":"2020-04-21T15:28:59","date_gmt":"2020-04-21T12:28:59","guid":{"rendered":"http:\/\/mikelbaka.lv\/?page_id=1113"},"modified":"2020-04-21T15:50:34","modified_gmt":"2020-04-21T12:50:34","slug":"apie-regiona","status":"publish","type":"page","link":"https:\/\/mikelbaka.lv\/lt\/apie-regiona\/","title":{"rendered":"Apie region\u0105"},"content":{"rendered":"<h3>Turizmo \u017eem\u0117lapis<\/h3>\n<a href='http:\/\/visit.dundaga.lv\/userfiles\/files\/435\/LibiesiKarte2018_en.pdf' class='bold-link' target='_blank'>Tourism map \u00abThe Liv coastline is inviting you!\u00bb [ENG]<\/a>\n<a href='http:\/\/visit.dundaga.lv\/userfiles\/files\/434\/LibiesiKarte2018_ru.pdf' class='bold-link' target='_blank'>\u0422\u0443\u0440\u0438\u0441\u0442\u0438\u0447\u0435\u0441\u043a\u0430\u044f \u043a\u0430\u0440\u0442\u0430 \u201c\u041f\u0440\u0438\u0433\u043b\u0430\u0448\u0430\u0435\u0442 \u0431\u0435\u0440\u0435\u0433 \u043b\u0438\u0432\u043e\u0432!\u201d [RUS]<\/a>\n<p>&nbsp;<\/p>\n<h3>Slyter\u0117s nacionalinis parkas<\/h3>\n<a href='http:\/\/visit.dundaga.lv\/en\/various\/routes\/369\/' class='bold-link' target='_blank'>\u0160l\u012btere natural trail [ENG, RUS]<\/a>\n<a href='http:\/\/visit.dundaga.lv\/en\/various\/routes\/370\/' class='bold-link' target='_blank'>P\u0113terezers nature trail [ENG, RUS]<\/a>\n<a href='http:\/\/visit.dundaga.lv\/en\/various\/routes\/371\/' class='bold-link' target='_blank'>Pine nature trail at Kolka [ENG, RUS]<\/a>\n<a href='http:\/\/visit.dundaga.lv\/en\/various\/routes\/372\/' class='bold-link' target='_blank'>\u0112va\u017ei nature trail and steep coast [ENG, RUS]<\/a>\n<a href='http:\/\/visit.dundaga.lv\/en\/various\/bakas\/74\/' class='bold-link' target='_blank'>\u0160l\u012btere lighthouse [ENG, RUS]<\/a>\n<p>&nbsp;<\/p>\n<p>&nbsp;<\/p>\n<h3>Informacija apie region\u0105<\/h3>\n<a href='http:\/\/visit.dundaga.lv\/en\/various\/dabas-objekti\/' class='bold-link' target='_blank'>Nature sites [ENG, RUS]<\/a>\n<a href='http:\/\/visit.dundaga.lv\/en\/various\/kolekcijas\/' class='bold-link' target='_blank'>Collections [ENG, RUS]<\/a>\n<a href='http:\/\/visit.dundaga.lv\/en\/various\/pieminekli\/' class='bold-link' target='_blank'>Monuments [ENG, RUS]<\/a>\n<a href='http:\/\/visit.dundaga.lv\/en\/dishes\/degustacijas-maltites\/' class='bold-link' target='_blank'>Treats, tastings [ENG, RUS]<\/a>\n<p>&nbsp;<\/p>\n","protected":false},"excerpt":{"rendered":"<p>Turizmo \u017eem\u0117lapis &nbsp; Slyter\u0117s nacionalinis parkas &nbsp; &nbsp; Informacija apie region\u0105 &nbsp; <a href=\"https:\/\/mikelbaka.lv\/lt\/apie-regiona\/\" class=\"bold-link\">Uzzin\u0101t vair\u0101k<\/a><\/p>\n","protected":false},"author":1,"featured_media":1087,"parent":0,"menu_order":0,"comment_status":"closed","ping_status":"closed","template":"","meta":{"_acf_changed":false,"footnotes":""},"class_list":["post-1113","page","type-page","status-publish","has-post-thumbnail","hentry"],"acf":[],"yoast_head":"<!-- This site is optimized with the Yoast SEO plugin v26.1.1 - https:\/\/yoast.com\/wordpress\/plugins\/seo\/ -->\n<title>Apie region\u0105 - Kempings Mi\u0137e\u013cb\u0101ka<\/title>\n<meta name=\"robots\" content=\"index, follow, max-snippet:-1, max-image-preview:large, max-video-preview:-1\" \/>\n<link rel=\"canonical\" href=\"https:\/\/mikelbaka.lv\/par-regionu\/\" \/>\n<meta property=\"og:locale\" content=\"lt_LT\" \/>\n<meta property=\"og:type\" content=\"article\" \/>\n<meta property=\"og:title\" content=\"Apie region\u0105 - Kempings Mi\u0137e\u013cb\u0101ka\" \/>\n<meta property=\"og:description\" content=\"Turizmo \u017eem\u0117lapis &nbsp; Slyter\u0117s nacionalinis parkas &nbsp; &nbsp; Informacija apie region\u0105 &nbsp; Uzzin\u0101t vair\u0101k\" \/>\n<meta property=\"og:url\" content=\"https:\/\/mikelbaka.lv\/par-regionu\/\" \/>\n<meta property=\"og:site_name\" content=\"Kempings Mi\u0137e\u013cb\u0101ka\" \/>\n<meta property=\"article:modified_time\" content=\"2020-04-21T12:50:34+00:00\" \/>\n<meta property=\"og:image\" content=\"https:\/\/mikelbaka.lv\/wp-content\/uploads\/2020\/04\/par-regionu.jpg\" \/>\n\t<meta property=\"og:image:width\" content=\"1579\" \/>\n\t<meta property=\"og:image:height\" content=\"800\" \/>\n\t<meta property=\"og:image:type\" content=\"image\/jpeg\" \/>\n<meta name=\"twitter:card\" content=\"summary_large_image\" \/>\n<meta name=\"twitter:label1\" content=\"Est. reading time\" \/>\n\t<meta name=\"twitter:data1\" content=\"1 minut\u0117\" \/>\n<script type=\"application\/ld+json\" class=\"yoast-schema-graph\">{\"@context\":\"https:\/\/schema.org\",\"@graph\":[{\"@type\":\"WebPage\",\"@id\":\"https:\/\/mikelbaka.lv\/par-regionu\/\",\"url\":\"https:\/\/mikelbaka.lv\/par-regionu\/\",\"name\":\"Apie region\u0105 - Kempings Mi\u0137e\u013cb\u0101ka\",\"isPartOf\":{\"@id\":\"https:\/\/mikelbaka.lv\/#website\"},\"primaryImageOfPage\":{\"@id\":\"https:\/\/mikelbaka.lv\/par-regionu\/#primaryimage\"},\"image\":{\"@id\":\"https:\/\/mikelbaka.lv\/par-regionu\/#primaryimage\"},\"thumbnailUrl\":\"https:\/\/mikelbaka.lv\/wp-content\/uploads\/2020\/04\/par-regionu.jpg\",\"datePublished\":\"2020-04-21T12:28:59+00:00\",\"dateModified\":\"2020-04-21T12:50:34+00:00\",\"breadcrumb\":{\"@id\":\"https:\/\/mikelbaka.lv\/par-regionu\/#breadcrumb\"},\"inLanguage\":\"lt-LT\",\"potentialAction\":[{\"@type\":\"ReadAction\",\"target\":[\"https:\/\/mikelbaka.lv\/par-regionu\/\"]}]},{\"@type\":\"ImageObject\",\"inLanguage\":\"lt-LT\",\"@id\":\"https:\/\/mikelbaka.lv\/par-regionu\/#primaryimage\",\"url\":\"https:\/\/mikelbaka.lv\/wp-content\/uploads\/2020\/04\/par-regionu.jpg\",\"contentUrl\":\"https:\/\/mikelbaka.lv\/wp-content\/uploads\/2020\/04\/par-regionu.jpg\",\"width\":1579,\"height\":800,\"caption\":\"OLYMPUS DIGITAL CAMERA\"},{\"@type\":\"BreadcrumbList\",\"@id\":\"https:\/\/mikelbaka.lv\/par-regionu\/#breadcrumb\",\"itemListElement\":[{\"@type\":\"ListItem\",\"position\":1,\"name\":\"Home\",\"item\":\"https:\/\/mikelbaka.lv\/lt\/\"},{\"@type\":\"ListItem\",\"position\":2,\"name\":\"Apie region\u0105\"}]},{\"@type\":\"WebSite\",\"@id\":\"https:\/\/mikelbaka.lv\/#website\",\"url\":\"https:\/\/mikelbaka.lv\/\",\"name\":\"Kempings Mi\u0137e\u013cb\u0101ka\",\"description\":\"Br\u012bvdienas pie j\u016bras\",\"publisher\":{\"@id\":\"https:\/\/mikelbaka.lv\/#organization\"},\"potentialAction\":[{\"@type\":\"SearchAction\",\"target\":{\"@type\":\"EntryPoint\",\"urlTemplate\":\"https:\/\/mikelbaka.lv\/?s={search_term_string}\"},\"query-input\":{\"@type\":\"PropertyValueSpecification\",\"valueRequired\":true,\"valueName\":\"search_term_string\"}}],\"inLanguage\":\"lt-LT\"},{\"@type\":\"Organization\",\"@id\":\"https:\/\/mikelbaka.lv\/#organization\",\"name\":\"Kempings \u201cMi\u0137e\u013cb\u0101ka\u201d\",\"url\":\"https:\/\/mikelbaka.lv\/\",\"logo\":{\"@type\":\"ImageObject\",\"inLanguage\":\"lt-LT\",\"@id\":\"https:\/\/mikelbaka.lv\/#\/schema\/logo\/image\/\",\"url\":\"https:\/\/mikelbaka.lv\/wp-content\/uploads\/2020\/04\/screenshot.png\",\"contentUrl\":\"https:\/\/mikelbaka.lv\/wp-content\/uploads\/2020\/04\/screenshot.png\",\"width\":1200,\"height\":900,\"caption\":\"Kempings \u201cMi\u0137e\u013cb\u0101ka\u201d\"},\"image\":{\"@id\":\"https:\/\/mikelbaka.lv\/#\/schema\/logo\/image\/\"}}]}<\/script>\n<!-- \/ Yoast SEO plugin. -->","yoast_head_json":{"title":"Apie region\u0105 - Kempings Mi\u0137e\u013cb\u0101ka","robots":{"index":"index","follow":"follow","max-snippet":"max-snippet:-1","max-image-preview":"max-image-preview:large","max-video-preview":"max-video-preview:-1"},"canonical":"https:\/\/mikelbaka.lv\/par-regionu\/","og_locale":"lt_LT","og_type":"article","og_title":"Apie region\u0105 - Kempings Mi\u0137e\u013cb\u0101ka","og_description":"Turizmo \u017eem\u0117lapis &nbsp; Slyter\u0117s nacionalinis parkas &nbsp; &nbsp; Informacija apie region\u0105 &nbsp; Uzzin\u0101t vair\u0101k","og_url":"https:\/\/mikelbaka.lv\/par-regionu\/","og_site_name":"Kempings Mi\u0137e\u013cb\u0101ka","article_modified_time":"2020-04-21T12:50:34+00:00","og_image":[{"width":1579,"height":800,"url":"https:\/\/mikelbaka.lv\/wp-content\/uploads\/2020\/04\/par-regionu.jpg","type":"image\/jpeg"}],"twitter_card":"summary_large_image","twitter_misc":{"Est. reading time":"1 minut\u0117"},"schema":{"@context":"https:\/\/schema.org","@graph":[{"@type":"WebPage","@id":"https:\/\/mikelbaka.lv\/par-regionu\/","url":"https:\/\/mikelbaka.lv\/par-regionu\/","name":"Apie region\u0105 - Kempings Mi\u0137e\u013cb\u0101ka","isPartOf":{"@id":"https:\/\/mikelbaka.lv\/#website"},"primaryImageOfPage":{"@id":"https:\/\/mikelbaka.lv\/par-regionu\/#primaryimage"},"image":{"@id":"https:\/\/mikelbaka.lv\/par-regionu\/#primaryimage"},"thumbnailUrl":"https:\/\/mikelbaka.lv\/wp-content\/uploads\/2020\/04\/par-regionu.jpg","datePublished":"2020-04-21T12:28:59+00:00","dateModified":"2020-04-21T12:50:34+00:00","breadcrumb":{"@id":"https:\/\/mikelbaka.lv\/par-regionu\/#breadcrumb"},"inLanguage":"lt-LT","potentialAction":[{"@type":"ReadAction","target":["https:\/\/mikelbaka.lv\/par-regionu\/"]}]},{"@type":"ImageObject","inLanguage":"lt-LT","@id":"https:\/\/mikelbaka.lv\/par-regionu\/#primaryimage","url":"https:\/\/mikelbaka.lv\/wp-content\/uploads\/2020\/04\/par-regionu.jpg","contentUrl":"https:\/\/mikelbaka.lv\/wp-content\/uploads\/2020\/04\/par-regionu.jpg","width":1579,"height":800,"caption":"OLYMPUS DIGITAL CAMERA"},{"@type":"BreadcrumbList","@id":"https:\/\/mikelbaka.lv\/par-regionu\/#breadcrumb","itemListElement":[{"@type":"ListItem","position":1,"name":"Home","item":"https:\/\/mikelbaka.lv\/lt\/"},{"@type":"ListItem","position":2,"name":"Apie region\u0105"}]},{"@type":"WebSite","@id":"https:\/\/mikelbaka.lv\/#website","url":"https:\/\/mikelbaka.lv\/","name":"Kempings Mi\u0137e\u013cb\u0101ka","description":"Br\u012bvdienas pie j\u016bras","publisher":{"@id":"https:\/\/mikelbaka.lv\/#organization"},"potentialAction":[{"@type":"SearchAction","target":{"@type":"EntryPoint","urlTemplate":"https:\/\/mikelbaka.lv\/?s={search_term_string}"},"query-input":{"@type":"PropertyValueSpecification","valueRequired":true,"valueName":"search_term_string"}}],"inLanguage":"lt-LT"},{"@type":"Organization","@id":"https:\/\/mikelbaka.lv\/#organization","name":"Kempings \u201cMi\u0137e\u013cb\u0101ka\u201d","url":"https:\/\/mikelbaka.lv\/","logo":{"@type":"ImageObject","inLanguage":"lt-LT","@id":"https:\/\/mikelbaka.lv\/#\/schema\/logo\/image\/","url":"https:\/\/mikelbaka.lv\/wp-content\/uploads\/2020\/04\/screenshot.png","contentUrl":"https:\/\/mikelbaka.lv\/wp-content\/uploads\/2020\/04\/screenshot.png","width":1200,"height":900,"caption":"Kempings \u201cMi\u0137e\u013cb\u0101ka\u201d"},"image":{"@id":"https:\/\/mikelbaka.lv\/#\/schema\/logo\/image\/"}}]}},"_links":{"self":[{"href":"https:\/\/mikelbaka.lv\/lt\/wp-json\/wp\/v2\/pages\/1113","targetHints":{"allow":["GET"]}}],"collection":[{"href":"https:\/\/mikelbaka.lv\/lt\/wp-json\/wp\/v2\/pages"}],"about":[{"href":"https:\/\/mikelbaka.lv\/lt\/wp-json\/wp\/v2\/types\/page"}],"author":[{"embeddable":true,"href":"https:\/\/mikelbaka.lv\/lt\/wp-json\/wp\/v2\/users\/1"}],"replies":[{"embeddable":true,"href":"https:\/\/mikelbaka.lv\/lt\/wp-json\/wp\/v2\/comments?post=1113"}],"version-history":[{"count":1,"href":"https:\/\/mikelbaka.lv\/lt\/wp-json\/wp\/v2\/pages\/1113\/revisions"}],"predecessor-version":[{"id":1114,"href":"https:\/\/mikelbaka.lv\/lt\/wp-json\/wp\/v2\/pages\/1113\/revisions\/1114"}],"wp:featuredmedia":[{"embeddable":true,"href":"https:\/\/mikelbaka.lv\/lt\/wp-json\/wp\/v2\/media\/1087"}],"wp:attachment":[{"href":"https:\/\/mikelbaka.lv\/lt\/wp-json\/wp\/v2\/media?parent=1113"}],"curies":[{"name":"wp","href":"https:\/\/api.w.org\/{rel}","templated":true}]}}