{"id":149,"date":"2020-03-03T16:45:13","date_gmt":"2020-03-03T14:45:13","guid":{"rendered":"http:\/\/mikelbaka.lv\/?page_id=149"},"modified":"2022-09-30T20:37:03","modified_gmt":"2022-09-30T17:37:03","slug":"apie-kempinga","status":"publish","type":"page","link":"https:\/\/mikelbaka.lv\/lt\/apie-kempinga\/","title":{"rendered":"Apie kemping\u0105"},"content":{"rendered":"<p>Poilsis prie j\u016bros Mikelbako kempinge Kempingas yra Ventspilio savivaldyb\u0117je, Mikeltornyje, prie pa\u010dios j\u016bros, gra\u017eiame pu\u0161yne. J\u016bros pakrant\u0117 plati, sm\u0117l\u0117ta, be akmen\u0173, keli\u0173 \u0161imt\u0173 metr\u0173 ilgio.<\/p>\n<p>Prie\u0161 Latvijos nepriklausomyb\u0119 \u012f \u0161i\u0105 teritorij\u0105 nuo Ventspilio iki pat Kolkos keliautojams buvo u\u017edrausta patekti. D\u0117l to visa \u0161i 80 km ilgio pakrant\u0117 n\u0117ra tir\u0161tai gyvenama, \u010dia n\u0117ra gamykl\u0173 ar fabrik\u0173, i\u0161saugota \u0161vari ir nat\u016brali gamta!<\/p>\n<p>Vieta pritaikyta kiekvienam turistui, ypa\u010d \u0161eimoms su vaikais, ideali vaik\u0173 ir jaunimo stovykloms organizuoti, \u012fvairaus tipo meditacijoms. Tinka visiems turistams, norintiems fantasti\u0161kai pails\u0117ti kempinge prie j\u016bros, ekologi\u0161kai \u0161varioje aplinkoje!<\/p>\n<p><iframe loading=\"lazy\" src=\"https:\/\/premium.giraffe360.com\/propertium\/mikelbaka\/\" width=\"100%\" height=\"550\" frameborder=\"0\" scrolling=\"no\" allowfullscreen=\"allowfullscreen\"><\/iframe><\/p>\n<p><iframe loading=\"lazy\" width=\"100%\" height=\"450\" src=\"https:\/\/www.youtube.com\/embed\/I60WjApo9SE\" frameborder=\"0\" allow=\"accelerometer; autoplay; encrypted-media; gyroscope; picture-in-picture\" allowfullscreen><\/iframe><\/p>\n<article class='gallery' style='background-image:url(https:\/\/mikelbaka.lv\/wp-content\/uploads\/2020\/02\/skats-no-bakas-020-Large.jpg)'><div class=\"gallery__overlay\"><a href=\"javascript:void(0)\" class=\"js-open-gallery button button--white\">Apskat\u012bt galeriju<\/a><\/div><div class=\"gallery__content\" style=\"display: none\"><a href=\"https:\/\/mikelbaka.lv\/wp-content\/uploads\/2020\/02\/skats-no-bakas-020-Large.jpg\" rel=\"lightbox\"><\/a><a href=\"https:\/\/mikelbaka.lv\/wp-content\/uploads\/2020\/02\/4.jpg\" rel=\"lightbox\"><\/a><a href=\"https:\/\/mikelbaka.lv\/wp-content\/uploads\/2020\/02\/3.jpg\" rel=\"lightbox\"><\/a><a href=\"https:\/\/mikelbaka.lv\/wp-content\/uploads\/2020\/02\/1.jpg\" rel=\"lightbox\"><\/a><a href=\"https:\/\/mikelbaka.lv\/wp-content\/uploads\/2020\/03\/DJI_0030-1024x768.jpg\" rel=\"lightbox\"><\/a><a href=\"https:\/\/mikelbaka.lv\/wp-content\/uploads\/2020\/03\/IMG_1584-1024x768.jpg\" rel=\"lightbox\"><\/a><a href=\"https:\/\/mikelbaka.lv\/wp-content\/uploads\/2020\/03\/IMG_20180818_190527-1024x768.jpg\" rel=\"lightbox\"><\/a><a href=\"https:\/\/mikelbaka.lv\/wp-content\/uploads\/2020\/03\/IMG_20180825_185754-1024x768.jpg\" rel=\"lightbox\"><\/a><a href=\"https:\/\/mikelbaka.lv\/wp-content\/uploads\/2020\/03\/D853167-Copy1-1024x683.jpg\" rel=\"lightbox\"><\/a><a href=\"https:\/\/mikelbaka.lv\/wp-content\/uploads\/2020\/03\/daz\u030ca\u0304das-026-1024x683.jpg\" rel=\"lightbox\"><\/a><a href=\"https:\/\/mikelbaka.lv\/wp-content\/uploads\/2020\/03\/DSC01098Ph-kopija-1024x684.jpg\" rel=\"lightbox\"><\/a><a href=\"https:\/\/mikelbaka.lv\/wp-content\/uploads\/2020\/03\/DSC04397-PR-copy-1024x625.jpg\" rel=\"lightbox\"><\/a><\/div><\/article>\n","protected":false},"excerpt":{"rendered":"<p>Poilsis prie j\u016bros Mikelbako kempinge Kempingas yra Ventspilio savivaldyb\u0117je, Mikeltornyje, prie pa\u010dios j\u016bros, gra\u017eiame pu\u0161yne. J\u016bros pakrant\u0117 plati, sm\u0117l\u0117ta, be akmen\u0173, keli\u0173 \u0161imt\u0173 metr\u0173 ilgio. Prie\u0161 Latvijos nepriklausomyb\u0119 \u012f \u0161i\u0105 teritorij\u0105 nuo Ventspilio iki pat Kolkos keliautojams buvo u\u017edrausta patekti. D\u0117l to visa \u0161i 80 km ilgio pakrant\u0117 n\u0117ra tir\u0161tai gyvenama, \u010dia n\u0117ra gamykl\u0173 ar [&hellip;] <a href=\"https:\/\/mikelbaka.lv\/lt\/apie-kempinga\/\" class=\"bold-link\">Uzzin\u0101t vair\u0101k<\/a><\/p>\n","protected":false},"author":1,"featured_media":1041,"parent":0,"menu_order":0,"comment_status":"closed","ping_status":"closed","template":"","meta":{"_acf_changed":false,"footnotes":""},"class_list":["post-149","page","type-page","status-publish","has-post-thumbnail","hentry"],"acf":[],"yoast_head":"<!-- This site is optimized with the Yoast SEO plugin v26.1.1 - https:\/\/yoast.com\/wordpress\/plugins\/seo\/ -->\n<title>Apie kemping\u0105 - Kempings Mi\u0137e\u013cb\u0101ka<\/title>\n<meta name=\"robots\" content=\"index, follow, max-snippet:-1, max-image-preview:large, max-video-preview:-1\" \/>\n<link rel=\"canonical\" href=\"https:\/\/mikelbaka.lv\/par-kempingu\/\" \/>\n<meta property=\"og:locale\" content=\"lt_LT\" \/>\n<meta property=\"og:type\" content=\"article\" \/>\n<meta property=\"og:title\" content=\"Apie kemping\u0105 - Kempings Mi\u0137e\u013cb\u0101ka\" \/>\n<meta property=\"og:description\" content=\"Poilsis prie j\u016bros Mikelbako kempinge Kempingas yra Ventspilio savivaldyb\u0117je, Mikeltornyje, prie pa\u010dios j\u016bros, gra\u017eiame pu\u0161yne. J\u016bros pakrant\u0117 plati, sm\u0117l\u0117ta, be akmen\u0173, keli\u0173 \u0161imt\u0173 metr\u0173 ilgio. Prie\u0161 Latvijos nepriklausomyb\u0119 \u012f \u0161i\u0105 teritorij\u0105 nuo Ventspilio iki pat Kolkos keliautojams buvo u\u017edrausta patekti. D\u0117l to visa \u0161i 80 km ilgio pakrant\u0117 n\u0117ra tir\u0161tai gyvenama, \u010dia n\u0117ra gamykl\u0173 ar [&hellip;] Uzzin\u0101t vair\u0101k\" \/>\n<meta property=\"og:url\" content=\"https:\/\/mikelbaka.lv\/par-kempingu\/\" \/>\n<meta property=\"og:site_name\" content=\"Kempings Mi\u0137e\u013cb\u0101ka\" \/>\n<meta property=\"article:modified_time\" content=\"2022-09-30T17:37:03+00:00\" \/>\n<meta property=\"og:image\" content=\"https:\/\/mikelbaka.lv\/wp-content\/uploads\/2020\/03\/IMG_0018.jpg\" \/>\n\t<meta property=\"og:image:width\" content=\"2000\" \/>\n\t<meta property=\"og:image:height\" content=\"1125\" \/>\n\t<meta property=\"og:image:type\" content=\"image\/jpeg\" \/>\n<meta name=\"twitter:card\" content=\"summary_large_image\" \/>\n<meta name=\"twitter:label1\" content=\"Est. reading time\" \/>\n\t<meta name=\"twitter:data1\" content=\"1 minut\u0117\" \/>\n<script type=\"application\/ld+json\" class=\"yoast-schema-graph\">{\"@context\":\"https:\/\/schema.org\",\"@graph\":[{\"@type\":\"WebPage\",\"@id\":\"https:\/\/mikelbaka.lv\/par-kempingu\/\",\"url\":\"https:\/\/mikelbaka.lv\/par-kempingu\/\",\"name\":\"Apie kemping\u0105 - Kempings Mi\u0137e\u013cb\u0101ka\",\"isPartOf\":{\"@id\":\"https:\/\/mikelbaka.lv\/#website\"},\"primaryImageOfPage\":{\"@id\":\"https:\/\/mikelbaka.lv\/par-kempingu\/#primaryimage\"},\"image\":{\"@id\":\"https:\/\/mikelbaka.lv\/par-kempingu\/#primaryimage\"},\"thumbnailUrl\":\"https:\/\/mikelbaka.lv\/wp-content\/uploads\/2020\/03\/IMG_0018.jpg\",\"datePublished\":\"2020-03-03T14:45:13+00:00\",\"dateModified\":\"2022-09-30T17:37:03+00:00\",\"breadcrumb\":{\"@id\":\"https:\/\/mikelbaka.lv\/par-kempingu\/#breadcrumb\"},\"inLanguage\":\"lt-LT\",\"potentialAction\":[{\"@type\":\"ReadAction\",\"target\":[\"https:\/\/mikelbaka.lv\/par-kempingu\/\"]}]},{\"@type\":\"ImageObject\",\"inLanguage\":\"lt-LT\",\"@id\":\"https:\/\/mikelbaka.lv\/par-kempingu\/#primaryimage\",\"url\":\"https:\/\/mikelbaka.lv\/wp-content\/uploads\/2020\/03\/IMG_0018.jpg\",\"contentUrl\":\"https:\/\/mikelbaka.lv\/wp-content\/uploads\/2020\/03\/IMG_0018.jpg\",\"width\":2000,\"height\":1125},{\"@type\":\"BreadcrumbList\",\"@id\":\"https:\/\/mikelbaka.lv\/par-kempingu\/#breadcrumb\",\"itemListElement\":[{\"@type\":\"ListItem\",\"position\":1,\"name\":\"Home\",\"item\":\"https:\/\/mikelbaka.lv\/lt\/\"},{\"@type\":\"ListItem\",\"position\":2,\"name\":\"Apie kemping\u0105\"}]},{\"@type\":\"WebSite\",\"@id\":\"https:\/\/mikelbaka.lv\/#website\",\"url\":\"https:\/\/mikelbaka.lv\/\",\"name\":\"Kempings Mi\u0137e\u013cb\u0101ka\",\"description\":\"Br\u012bvdienas pie j\u016bras\",\"publisher\":{\"@id\":\"https:\/\/mikelbaka.lv\/#organization\"},\"potentialAction\":[{\"@type\":\"SearchAction\",\"target\":{\"@type\":\"EntryPoint\",\"urlTemplate\":\"https:\/\/mikelbaka.lv\/?s={search_term_string}\"},\"query-input\":{\"@type\":\"PropertyValueSpecification\",\"valueRequired\":true,\"valueName\":\"search_term_string\"}}],\"inLanguage\":\"lt-LT\"},{\"@type\":\"Organization\",\"@id\":\"https:\/\/mikelbaka.lv\/#organization\",\"name\":\"Kempings \u201cMi\u0137e\u013cb\u0101ka\u201d\",\"url\":\"https:\/\/mikelbaka.lv\/\",\"logo\":{\"@type\":\"ImageObject\",\"inLanguage\":\"lt-LT\",\"@id\":\"https:\/\/mikelbaka.lv\/#\/schema\/logo\/image\/\",\"url\":\"https:\/\/mikelbaka.lv\/wp-content\/uploads\/2020\/04\/screenshot.png\",\"contentUrl\":\"https:\/\/mikelbaka.lv\/wp-content\/uploads\/2020\/04\/screenshot.png\",\"width\":1200,\"height\":900,\"caption\":\"Kempings \u201cMi\u0137e\u013cb\u0101ka\u201d\"},\"image\":{\"@id\":\"https:\/\/mikelbaka.lv\/#\/schema\/logo\/image\/\"}}]}<\/script>\n<!-- \/ Yoast SEO plugin. -->","yoast_head_json":{"title":"Apie kemping\u0105 - Kempings Mi\u0137e\u013cb\u0101ka","robots":{"index":"index","follow":"follow","max-snippet":"max-snippet:-1","max-image-preview":"max-image-preview:large","max-video-preview":"max-video-preview:-1"},"canonical":"https:\/\/mikelbaka.lv\/par-kempingu\/","og_locale":"lt_LT","og_type":"article","og_title":"Apie kemping\u0105 - Kempings Mi\u0137e\u013cb\u0101ka","og_description":"Poilsis prie j\u016bros Mikelbako kempinge Kempingas yra Ventspilio savivaldyb\u0117je, Mikeltornyje, prie pa\u010dios j\u016bros, gra\u017eiame pu\u0161yne. J\u016bros pakrant\u0117 plati, sm\u0117l\u0117ta, be akmen\u0173, keli\u0173 \u0161imt\u0173 metr\u0173 ilgio. Prie\u0161 Latvijos nepriklausomyb\u0119 \u012f \u0161i\u0105 teritorij\u0105 nuo Ventspilio iki pat Kolkos keliautojams buvo u\u017edrausta patekti. D\u0117l to visa \u0161i 80 km ilgio pakrant\u0117 n\u0117ra tir\u0161tai gyvenama, \u010dia n\u0117ra gamykl\u0173 ar [&hellip;] Uzzin\u0101t vair\u0101k","og_url":"https:\/\/mikelbaka.lv\/par-kempingu\/","og_site_name":"Kempings Mi\u0137e\u013cb\u0101ka","article_modified_time":"2022-09-30T17:37:03+00:00","og_image":[{"width":2000,"height":1125,"url":"https:\/\/mikelbaka.lv\/wp-content\/uploads\/2020\/03\/IMG_0018.jpg","type":"image\/jpeg"}],"twitter_card":"summary_large_image","twitter_misc":{"Est. reading time":"1 minut\u0117"},"schema":{"@context":"https:\/\/schema.org","@graph":[{"@type":"WebPage","@id":"https:\/\/mikelbaka.lv\/par-kempingu\/","url":"https:\/\/mikelbaka.lv\/par-kempingu\/","name":"Apie kemping\u0105 - Kempings Mi\u0137e\u013cb\u0101ka","isPartOf":{"@id":"https:\/\/mikelbaka.lv\/#website"},"primaryImageOfPage":{"@id":"https:\/\/mikelbaka.lv\/par-kempingu\/#primaryimage"},"image":{"@id":"https:\/\/mikelbaka.lv\/par-kempingu\/#primaryimage"},"thumbnailUrl":"https:\/\/mikelbaka.lv\/wp-content\/uploads\/2020\/03\/IMG_0018.jpg","datePublished":"2020-03-03T14:45:13+00:00","dateModified":"2022-09-30T17:37:03+00:00","breadcrumb":{"@id":"https:\/\/mikelbaka.lv\/par-kempingu\/#breadcrumb"},"inLanguage":"lt-LT","potentialAction":[{"@type":"ReadAction","target":["https:\/\/mikelbaka.lv\/par-kempingu\/"]}]},{"@type":"ImageObject","inLanguage":"lt-LT","@id":"https:\/\/mikelbaka.lv\/par-kempingu\/#primaryimage","url":"https:\/\/mikelbaka.lv\/wp-content\/uploads\/2020\/03\/IMG_0018.jpg","contentUrl":"https:\/\/mikelbaka.lv\/wp-content\/uploads\/2020\/03\/IMG_0018.jpg","width":2000,"height":1125},{"@type":"BreadcrumbList","@id":"https:\/\/mikelbaka.lv\/par-kempingu\/#breadcrumb","itemListElement":[{"@type":"ListItem","position":1,"name":"Home","item":"https:\/\/mikelbaka.lv\/lt\/"},{"@type":"ListItem","position":2,"name":"Apie kemping\u0105"}]},{"@type":"WebSite","@id":"https:\/\/mikelbaka.lv\/#website","url":"https:\/\/mikelbaka.lv\/","name":"Kempings Mi\u0137e\u013cb\u0101ka","description":"Br\u012bvdienas pie j\u016bras","publisher":{"@id":"https:\/\/mikelbaka.lv\/#organization"},"potentialAction":[{"@type":"SearchAction","target":{"@type":"EntryPoint","urlTemplate":"https:\/\/mikelbaka.lv\/?s={search_term_string}"},"query-input":{"@type":"PropertyValueSpecification","valueRequired":true,"valueName":"search_term_string"}}],"inLanguage":"lt-LT"},{"@type":"Organization","@id":"https:\/\/mikelbaka.lv\/#organization","name":"Kempings \u201cMi\u0137e\u013cb\u0101ka\u201d","url":"https:\/\/mikelbaka.lv\/","logo":{"@type":"ImageObject","inLanguage":"lt-LT","@id":"https:\/\/mikelbaka.lv\/#\/schema\/logo\/image\/","url":"https:\/\/mikelbaka.lv\/wp-content\/uploads\/2020\/04\/screenshot.png","contentUrl":"https:\/\/mikelbaka.lv\/wp-content\/uploads\/2020\/04\/screenshot.png","width":1200,"height":900,"caption":"Kempings \u201cMi\u0137e\u013cb\u0101ka\u201d"},"image":{"@id":"https:\/\/mikelbaka.lv\/#\/schema\/logo\/image\/"}}]}},"_links":{"self":[{"href":"https:\/\/mikelbaka.lv\/lt\/wp-json\/wp\/v2\/pages\/149","targetHints":{"allow":["GET"]}}],"collection":[{"href":"https:\/\/mikelbaka.lv\/lt\/wp-json\/wp\/v2\/pages"}],"about":[{"href":"https:\/\/mikelbaka.lv\/lt\/wp-json\/wp\/v2\/types\/page"}],"author":[{"embeddable":true,"href":"https:\/\/mikelbaka.lv\/lt\/wp-json\/wp\/v2\/users\/1"}],"replies":[{"embeddable":true,"href":"https:\/\/mikelbaka.lv\/lt\/wp-json\/wp\/v2\/comments?post=149"}],"version-history":[{"count":3,"href":"https:\/\/mikelbaka.lv\/lt\/wp-json\/wp\/v2\/pages\/149\/revisions"}],"predecessor-version":[{"id":3754,"href":"https:\/\/mikelbaka.lv\/lt\/wp-json\/wp\/v2\/pages\/149\/revisions\/3754"}],"wp:featuredmedia":[{"embeddable":true,"href":"https:\/\/mikelbaka.lv\/lt\/wp-json\/wp\/v2\/media\/1041"}],"wp:attachment":[{"href":"https:\/\/mikelbaka.lv\/lt\/wp-json\/wp\/v2\/media?parent=149"}],"curies":[{"name":"wp","href":"https:\/\/api.w.org\/{rel}","templated":true}]}}