{"id":1094,"date":"2020-04-20T15:06:14","date_gmt":"2020-04-20T12:06:14","guid":{"rendered":"http:\/\/mikelbaka.lv\/?page_id=1094"},"modified":"2020-04-20T15:06:14","modified_gmt":"2020-04-20T12:06:14","slug":"%d0%be-%d1%80%d0%b5%d0%b3%d0%b8%d0%be%d0%bd%d0%b5","status":"publish","type":"page","link":"https:\/\/mikelbaka.lv\/ru\/%d0%be-%d1%80%d0%b5%d0%b3%d0%b8%d0%be%d0%bd%d0%b5\/","title":{"rendered":"\u041e \u0440\u0435\u0433\u0438\u043e\u043d\u0435"},"content":{"rendered":"<h3>\u0422\u0443\u0440\u0438\u0441\u0442\u0438\u0447\u0435\u0441\u043a\u0438\u0435 \u043a\u0430\u0440\u0442\u044b<\/h3>\n<a href='http:\/\/visit.dundaga.lv\/userfiles\/files\/434\/LibiesiKarte2018_ru.pdf' class='bold-link' target='_blank'>\u0422\u0443\u0440\u0438\u0441\u0442\u0438\u0447\u0435\u0441\u043a\u0430\u044f \u043a\u0430\u0440\u0442\u0430 \u201c\u041f\u0440\u0438\u0433\u043b\u0430\u0448\u0430\u0435\u0442 \u0431\u0435\u0440\u0435\u0433 \u043b\u0438\u0432\u043e\u0432!\u201d<\/a>\n<p>&nbsp;<\/p>\n<h3>\u0421\u043b\u0438\u0442\u0435\u0440\u0441\u043a\u0438\u0439 \u043d\u0430\u0446\u0438\u043e\u043d\u0430\u043b\u044c\u043d\u044b\u0439 \u043f\u0430\u0440\u043a<\/h3>\n<a href='http:\/\/visit.dundaga.lv\/ru\/various\/routes\/369\/' class='bold-link' target='_blank'>\u0421\u043b\u0438\u0442\u0435\u0440\u0441\u043a\u0430\u044f \u043f\u0440\u0438\u0440\u043e\u0434\u043d\u0430\u044f \u0442\u0440\u043e\u043f\u0430<\/a>\n<a href='http:\/\/visit.dundaga.lv\/ru\/various\/routes\/370\/' class='bold-link' target='_blank'>\u041f\u0440\u0438\u0440\u043e\u0434\u043d\u0430\u044f \u0442\u0440\u043e\u043f\u0430 \u043e\u0437\u0435\u0440 \u041f\u0435\u0442\u0435\u0440\u044d\u0437\u0435\u0440\u044b<\/a>\n<a href='http:\/\/visit.dundaga.lv\/ru\/various\/routes\/371\/' class='bold-link' target='_blank'>\u0421\u043e\u0441\u043d\u043e\u0432\u0430\u044f \u043f\u0440\u0438\u0440\u043e\u0434\u043d\u0430\u044f \u0442\u0440\u043e\u043f\u0430 \u0432 \u041a\u043e\u043b\u043a\u0435<\/a>\n<a href='http:\/\/visit.dundaga.lv\/ru\/various\/routes\/372\/' class='bold-link' target='_blank'>\u042d\u0432\u0430\u0436\u0441\u043a\u0430\u044f \u043f\u0440\u0438\u0440\u043e\u0434\u043d\u0430\u044f \u0442\u0440\u043e\u043f\u0430 \u0438 \u043e\u0442\u0432\u0435\u0441\u043d\u044b\u0439 \u0431\u0435\u0440\u0435\u0433<\/a>\n<a href='http:\/\/visit.dundaga.lv\/ru\/various\/bakas\/74\/' class='bold-link' target='_blank'>\u0428\u043b\u0438\u0442\u0435\u0440\u0441\u043a\u0438\u0439 \u043c\u0430\u044f\u043a<\/a>\n<p>&nbsp;<\/p>\n<h3>\u0418\u043d\u0444\u043e\u0440\u043c\u0430\u0446\u0438\u044f \u043e \u0440\u0435\u0433\u0438\u043e\u043d\u0435<\/h3>\n<a href='http:\/\/visit.dundaga.lv\/ru\/various\/dabas-objekti\/' class='bold-link' target='_blank'>\u041f\u0440\u0438\u0440\u043e\u0434\u043d\u044b\u0435 \u043e\u0431\u044a\u0435\u043a\u0442\u044b<\/a>\n<a href='http:\/\/visit.dundaga.lv\/ru\/various\/kolekcijas\/' class='bold-link' target='_blank'>\u041a\u043e\u043b\u043b\u0435\u043a\u0446\u0438\u0438<\/a>\n<a href='http:\/\/visit.dundaga.lv\/ru\/various\/pieminekli\/' class='bold-link' target='_blank'>\u041f\u0430\u043c\u044f\u0442\u043d\u0438\u043a\u0438<\/a>\n<a href='http:\/\/visit.dundaga.lv\/ru\/dishes\/degustacijas-maltites\/' class='bold-link' target='_blank'>\u0414\u0435\u0433\u0443\u0441\u0442\u0430\u0446\u0438\u0438 \u0438 \u043f\u0438\u0442\u0430\u043d\u0438\u0435<\/a>\n","protected":false},"excerpt":{"rendered":"<p>\u0422\u0443\u0440\u0438\u0441\u0442\u0438\u0447\u0435\u0441\u043a\u0438\u0435 \u043a\u0430\u0440\u0442\u044b &nbsp; \u0421\u043b\u0438\u0442\u0435\u0440\u0441\u043a\u0438\u0439 \u043d\u0430\u0446\u0438\u043e\u043d\u0430\u043b\u044c\u043d\u044b\u0439 \u043f\u0430\u0440\u043a &nbsp; \u0418\u043d\u0444\u043e\u0440\u043c\u0430\u0446\u0438\u044f \u043e \u0440\u0435\u0433\u0438\u043e\u043d\u0435 <a href=\"https:\/\/mikelbaka.lv\/ru\/%d0%be-%d1%80%d0%b5%d0%b3%d0%b8%d0%be%d0%bd%d0%b5\/\" class=\"bold-link\">Uzzin\u0101t vair\u0101k<\/a><\/p>\n","protected":false},"author":1,"featured_media":1087,"parent":0,"menu_order":0,"comment_status":"closed","ping_status":"closed","template":"","meta":{"_acf_changed":false,"footnotes":""},"class_list":["post-1094","page","type-page","status-publish","has-post-thumbnail","hentry"],"acf":[],"yoast_head":"<!-- This site is optimized with the Yoast SEO plugin v26.1.1 - https:\/\/yoast.com\/wordpress\/plugins\/seo\/ -->\n<title>\u041e \u0440\u0435\u0433\u0438\u043e\u043d\u0435 - Kempings Mi\u0137e\u013cb\u0101ka<\/title>\n<meta name=\"robots\" content=\"index, follow, max-snippet:-1, max-image-preview:large, max-video-preview:-1\" \/>\n<link rel=\"canonical\" href=\"https:\/\/mikelbaka.lv\/par-regionu\/\" \/>\n<meta property=\"og:locale\" content=\"ru_RU\" \/>\n<meta property=\"og:type\" content=\"article\" \/>\n<meta property=\"og:title\" content=\"\u041e \u0440\u0435\u0433\u0438\u043e\u043d\u0435 - Kempings Mi\u0137e\u013cb\u0101ka\" \/>\n<meta property=\"og:description\" content=\"\u0422\u0443\u0440\u0438\u0441\u0442\u0438\u0447\u0435\u0441\u043a\u0438\u0435 \u043a\u0430\u0440\u0442\u044b &nbsp; \u0421\u043b\u0438\u0442\u0435\u0440\u0441\u043a\u0438\u0439 \u043d\u0430\u0446\u0438\u043e\u043d\u0430\u043b\u044c\u043d\u044b\u0439 \u043f\u0430\u0440\u043a &nbsp; \u0418\u043d\u0444\u043e\u0440\u043c\u0430\u0446\u0438\u044f \u043e \u0440\u0435\u0433\u0438\u043e\u043d\u0435 Uzzin\u0101t vair\u0101k\" \/>\n<meta property=\"og:url\" content=\"https:\/\/mikelbaka.lv\/par-regionu\/\" \/>\n<meta property=\"og:site_name\" content=\"Kempings Mi\u0137e\u013cb\u0101ka\" \/>\n<meta property=\"og:image\" content=\"https:\/\/mikelbaka.lv\/wp-content\/uploads\/2020\/04\/par-regionu.jpg\" \/>\n\t<meta property=\"og:image:width\" content=\"1579\" \/>\n\t<meta property=\"og:image:height\" content=\"800\" \/>\n\t<meta property=\"og:image:type\" content=\"image\/jpeg\" \/>\n<meta name=\"twitter:card\" content=\"summary_large_image\" \/>\n<meta name=\"twitter:label1\" content=\"\u041f\u0440\u0438\u043c\u0435\u0440\u043d\u043e\u0435 \u0432\u0440\u0435\u043c\u044f \u0434\u043b\u044f \u0447\u0442\u0435\u043d\u0438\u044f\" \/>\n\t<meta name=\"twitter:data1\" content=\"1 \u043c\u0438\u043d\u0443\u0442\u0430\" \/>\n<script type=\"application\/ld+json\" class=\"yoast-schema-graph\">{\"@context\":\"https:\/\/schema.org\",\"@graph\":[{\"@type\":\"WebPage\",\"@id\":\"https:\/\/mikelbaka.lv\/par-regionu\/\",\"url\":\"https:\/\/mikelbaka.lv\/par-regionu\/\",\"name\":\"\u041e \u0440\u0435\u0433\u0438\u043e\u043d\u0435 - Kempings Mi\u0137e\u013cb\u0101ka\",\"isPartOf\":{\"@id\":\"https:\/\/mikelbaka.lv\/#website\"},\"primaryImageOfPage\":{\"@id\":\"https:\/\/mikelbaka.lv\/par-regionu\/#primaryimage\"},\"image\":{\"@id\":\"https:\/\/mikelbaka.lv\/par-regionu\/#primaryimage\"},\"thumbnailUrl\":\"https:\/\/mikelbaka.lv\/wp-content\/uploads\/2020\/04\/par-regionu.jpg\",\"datePublished\":\"2020-04-20T12:06:14+00:00\",\"breadcrumb\":{\"@id\":\"https:\/\/mikelbaka.lv\/par-regionu\/#breadcrumb\"},\"inLanguage\":\"ru-RU\",\"potentialAction\":[{\"@type\":\"ReadAction\",\"target\":[\"https:\/\/mikelbaka.lv\/par-regionu\/\"]}]},{\"@type\":\"ImageObject\",\"inLanguage\":\"ru-RU\",\"@id\":\"https:\/\/mikelbaka.lv\/par-regionu\/#primaryimage\",\"url\":\"https:\/\/mikelbaka.lv\/wp-content\/uploads\/2020\/04\/par-regionu.jpg\",\"contentUrl\":\"https:\/\/mikelbaka.lv\/wp-content\/uploads\/2020\/04\/par-regionu.jpg\",\"width\":1579,\"height\":800,\"caption\":\"OLYMPUS DIGITAL CAMERA\"},{\"@type\":\"BreadcrumbList\",\"@id\":\"https:\/\/mikelbaka.lv\/par-regionu\/#breadcrumb\",\"itemListElement\":[{\"@type\":\"ListItem\",\"position\":1,\"name\":\"Home\",\"item\":\"https:\/\/mikelbaka.lv\/ru\/\"},{\"@type\":\"ListItem\",\"position\":2,\"name\":\"\u041e \u0440\u0435\u0433\u0438\u043e\u043d\u0435\"}]},{\"@type\":\"WebSite\",\"@id\":\"https:\/\/mikelbaka.lv\/#website\",\"url\":\"https:\/\/mikelbaka.lv\/\",\"name\":\"Kempings Mi\u0137e\u013cb\u0101ka\",\"description\":\"Br\u012bvdienas pie j\u016bras\",\"publisher\":{\"@id\":\"https:\/\/mikelbaka.lv\/#organization\"},\"potentialAction\":[{\"@type\":\"SearchAction\",\"target\":{\"@type\":\"EntryPoint\",\"urlTemplate\":\"https:\/\/mikelbaka.lv\/?s={search_term_string}\"},\"query-input\":{\"@type\":\"PropertyValueSpecification\",\"valueRequired\":true,\"valueName\":\"search_term_string\"}}],\"inLanguage\":\"ru-RU\"},{\"@type\":\"Organization\",\"@id\":\"https:\/\/mikelbaka.lv\/#organization\",\"name\":\"Kempings \u201cMi\u0137e\u013cb\u0101ka\u201d\",\"url\":\"https:\/\/mikelbaka.lv\/\",\"logo\":{\"@type\":\"ImageObject\",\"inLanguage\":\"ru-RU\",\"@id\":\"https:\/\/mikelbaka.lv\/#\/schema\/logo\/image\/\",\"url\":\"https:\/\/mikelbaka.lv\/wp-content\/uploads\/2020\/04\/screenshot.png\",\"contentUrl\":\"https:\/\/mikelbaka.lv\/wp-content\/uploads\/2020\/04\/screenshot.png\",\"width\":1200,\"height\":900,\"caption\":\"Kempings \u201cMi\u0137e\u013cb\u0101ka\u201d\"},\"image\":{\"@id\":\"https:\/\/mikelbaka.lv\/#\/schema\/logo\/image\/\"}}]}<\/script>\n<!-- \/ Yoast SEO plugin. -->","yoast_head_json":{"title":"\u041e \u0440\u0435\u0433\u0438\u043e\u043d\u0435 - Kempings Mi\u0137e\u013cb\u0101ka","robots":{"index":"index","follow":"follow","max-snippet":"max-snippet:-1","max-image-preview":"max-image-preview:large","max-video-preview":"max-video-preview:-1"},"canonical":"https:\/\/mikelbaka.lv\/par-regionu\/","og_locale":"ru_RU","og_type":"article","og_title":"\u041e \u0440\u0435\u0433\u0438\u043e\u043d\u0435 - Kempings Mi\u0137e\u013cb\u0101ka","og_description":"\u0422\u0443\u0440\u0438\u0441\u0442\u0438\u0447\u0435\u0441\u043a\u0438\u0435 \u043a\u0430\u0440\u0442\u044b &nbsp; \u0421\u043b\u0438\u0442\u0435\u0440\u0441\u043a\u0438\u0439 \u043d\u0430\u0446\u0438\u043e\u043d\u0430\u043b\u044c\u043d\u044b\u0439 \u043f\u0430\u0440\u043a &nbsp; \u0418\u043d\u0444\u043e\u0440\u043c\u0430\u0446\u0438\u044f \u043e \u0440\u0435\u0433\u0438\u043e\u043d\u0435 Uzzin\u0101t vair\u0101k","og_url":"https:\/\/mikelbaka.lv\/par-regionu\/","og_site_name":"Kempings Mi\u0137e\u013cb\u0101ka","og_image":[{"width":1579,"height":800,"url":"https:\/\/mikelbaka.lv\/wp-content\/uploads\/2020\/04\/par-regionu.jpg","type":"image\/jpeg"}],"twitter_card":"summary_large_image","twitter_misc":{"\u041f\u0440\u0438\u043c\u0435\u0440\u043d\u043e\u0435 \u0432\u0440\u0435\u043c\u044f \u0434\u043b\u044f \u0447\u0442\u0435\u043d\u0438\u044f":"1 \u043c\u0438\u043d\u0443\u0442\u0430"},"schema":{"@context":"https:\/\/schema.org","@graph":[{"@type":"WebPage","@id":"https:\/\/mikelbaka.lv\/par-regionu\/","url":"https:\/\/mikelbaka.lv\/par-regionu\/","name":"\u041e \u0440\u0435\u0433\u0438\u043e\u043d\u0435 - Kempings Mi\u0137e\u013cb\u0101ka","isPartOf":{"@id":"https:\/\/mikelbaka.lv\/#website"},"primaryImageOfPage":{"@id":"https:\/\/mikelbaka.lv\/par-regionu\/#primaryimage"},"image":{"@id":"https:\/\/mikelbaka.lv\/par-regionu\/#primaryimage"},"thumbnailUrl":"https:\/\/mikelbaka.lv\/wp-content\/uploads\/2020\/04\/par-regionu.jpg","datePublished":"2020-04-20T12:06:14+00:00","breadcrumb":{"@id":"https:\/\/mikelbaka.lv\/par-regionu\/#breadcrumb"},"inLanguage":"ru-RU","potentialAction":[{"@type":"ReadAction","target":["https:\/\/mikelbaka.lv\/par-regionu\/"]}]},{"@type":"ImageObject","inLanguage":"ru-RU","@id":"https:\/\/mikelbaka.lv\/par-regionu\/#primaryimage","url":"https:\/\/mikelbaka.lv\/wp-content\/uploads\/2020\/04\/par-regionu.jpg","contentUrl":"https:\/\/mikelbaka.lv\/wp-content\/uploads\/2020\/04\/par-regionu.jpg","width":1579,"height":800,"caption":"OLYMPUS DIGITAL CAMERA"},{"@type":"BreadcrumbList","@id":"https:\/\/mikelbaka.lv\/par-regionu\/#breadcrumb","itemListElement":[{"@type":"ListItem","position":1,"name":"Home","item":"https:\/\/mikelbaka.lv\/ru\/"},{"@type":"ListItem","position":2,"name":"\u041e \u0440\u0435\u0433\u0438\u043e\u043d\u0435"}]},{"@type":"WebSite","@id":"https:\/\/mikelbaka.lv\/#website","url":"https:\/\/mikelbaka.lv\/","name":"Kempings Mi\u0137e\u013cb\u0101ka","description":"Br\u012bvdienas pie j\u016bras","publisher":{"@id":"https:\/\/mikelbaka.lv\/#organization"},"potentialAction":[{"@type":"SearchAction","target":{"@type":"EntryPoint","urlTemplate":"https:\/\/mikelbaka.lv\/?s={search_term_string}"},"query-input":{"@type":"PropertyValueSpecification","valueRequired":true,"valueName":"search_term_string"}}],"inLanguage":"ru-RU"},{"@type":"Organization","@id":"https:\/\/mikelbaka.lv\/#organization","name":"Kempings \u201cMi\u0137e\u013cb\u0101ka\u201d","url":"https:\/\/mikelbaka.lv\/","logo":{"@type":"ImageObject","inLanguage":"ru-RU","@id":"https:\/\/mikelbaka.lv\/#\/schema\/logo\/image\/","url":"https:\/\/mikelbaka.lv\/wp-content\/uploads\/2020\/04\/screenshot.png","contentUrl":"https:\/\/mikelbaka.lv\/wp-content\/uploads\/2020\/04\/screenshot.png","width":1200,"height":900,"caption":"Kempings \u201cMi\u0137e\u013cb\u0101ka\u201d"},"image":{"@id":"https:\/\/mikelbaka.lv\/#\/schema\/logo\/image\/"}}]}},"_links":{"self":[{"href":"https:\/\/mikelbaka.lv\/ru\/wp-json\/wp\/v2\/pages\/1094","targetHints":{"allow":["GET"]}}],"collection":[{"href":"https:\/\/mikelbaka.lv\/ru\/wp-json\/wp\/v2\/pages"}],"about":[{"href":"https:\/\/mikelbaka.lv\/ru\/wp-json\/wp\/v2\/types\/page"}],"author":[{"embeddable":true,"href":"https:\/\/mikelbaka.lv\/ru\/wp-json\/wp\/v2\/users\/1"}],"replies":[{"embeddable":true,"href":"https:\/\/mikelbaka.lv\/ru\/wp-json\/wp\/v2\/comments?post=1094"}],"version-history":[{"count":1,"href":"https:\/\/mikelbaka.lv\/ru\/wp-json\/wp\/v2\/pages\/1094\/revisions"}],"predecessor-version":[{"id":1095,"href":"https:\/\/mikelbaka.lv\/ru\/wp-json\/wp\/v2\/pages\/1094\/revisions\/1095"}],"wp:featuredmedia":[{"embeddable":true,"href":"https:\/\/mikelbaka.lv\/ru\/wp-json\/wp\/v2\/media\/1087"}],"wp:attachment":[{"href":"https:\/\/mikelbaka.lv\/ru\/wp-json\/wp\/v2\/media?parent=1094"}],"curies":[{"name":"wp","href":"https:\/\/api.w.org\/{rel}","templated":true}]}}