{"id":168,"date":"2020-03-03T17:18:22","date_gmt":"2020-03-03T15:18:22","guid":{"rendered":"http:\/\/mikelbaka.lv\/?page_id=168"},"modified":"2026-03-31T14:37:09","modified_gmt":"2026-03-31T11:37:09","slug":"%d0%b3%d0%bb%d0%b0%d0%b2%d0%bd%d0%b0%d1%8f","status":"publish","type":"page","link":"https:\/\/mikelbaka.lv\/ru\/","title":{"rendered":"\u0413\u043b\u0430\u0432\u043d\u0430\u044f"},"content":{"rendered":"","protected":false},"excerpt":{"rendered":"<p> <a href=\"https:\/\/mikelbaka.lv\/ru\/\" class=\"bold-link\">Uzzin\u0101t vair\u0101k<\/a><\/p>\n","protected":false},"author":1,"featured_media":0,"parent":0,"menu_order":0,"comment_status":"closed","ping_status":"closed","template":"templates\/landing.tpl.php","meta":{"_acf_changed":false,"footnotes":""},"class_list":["post-168","page","type-page","status-publish","hentry"],"acf":[],"yoast_head":"<!-- This site is optimized with the Yoast SEO plugin v26.1.1 - https:\/\/yoast.com\/wordpress\/plugins\/seo\/ -->\n<title>\u041a\u0435\u043c\u043f\u0438\u043d\u0433 \u041c\u0438\u043a\u0435\u043b\u044c\u0431\u0430\u043a\u0430: \u041a\u0435\u043c\u043f\u0438\u043d\u0433, \u041f\u0430\u043b\u0430\u0442\u043e\u0447\u043d\u044b\u0435 \u043c\u0435\u0441\u0442\u0430 \u0443 \u043c\u043e\u0440\u044f<\/title>\n<meta name=\"description\" content=\"\u041a\u0435\u043c\u043f\u0438\u043d\u0433 \u00b7 \u041e\u0442\u0434\u044b\u0445 \u0443 \u043c\u043e\u0440\u044f \u0432 \u041b\u0430\u0442\u0432\u0438\u0438 \u00b7 \u0423\u0441\u043b\u0443\u0433\u0438 \u00b7 K\u0435\u043c\u043f\u0438\u043d\u0433\u043e\u0432\u044b\u0435 \u0434\u043e\u043c\u0438\u043a\u0438 \u00b7 \u041c\u0435\u0441\u0442\u0430 \u0434\u043b\u044f \u0442\u0440\u0435\u0439\u043b\u0435\u0440\u043e\u0432 \u0443 \u043c\u043e\u0440\u044f \u00b7 \u0420\u044b\u0431\u0430\u043b\u043a\u0430 \u0443 \u043c\u043e\u0440\u044f \u0432 \u041b\u0430\u0442\u0432\u0438\u0438 \u00b7 \u041f\u0430\u043b\u0430\u0442\u043e\u0447\u043d\u044b\u0435 \u043c\u0435\u0441\u0442\u0430 \u0443 \u043c\u043e\u0440\u044f\" \/>\n<meta name=\"robots\" content=\"index, follow, max-snippet:-1, max-image-preview:large, max-video-preview:-1\" \/>\n<link rel=\"canonical\" href=\"https:\/\/mikelbaka.lv\/ru\/\" \/>\n<meta property=\"og:locale\" content=\"ru_RU\" \/>\n<meta property=\"og:type\" content=\"article\" \/>\n<meta property=\"og:title\" content=\"\u041a\u0435\u043c\u043f\u0438\u043d\u0433 \u041c\u0438\u043a\u0435\u043b\u044c\u0431\u0430\u043a\u0430: \u041a\u0435\u043c\u043f\u0438\u043d\u0433, \u041f\u0430\u043b\u0430\u0442\u043e\u0447\u043d\u044b\u0435 \u043c\u0435\u0441\u0442\u0430 \u0443 \u043c\u043e\u0440\u044f\" \/>\n<meta property=\"og:description\" content=\"\u041a\u0435\u043c\u043f\u0438\u043d\u0433 \u00b7 \u041e\u0442\u0434\u044b\u0445 \u0443 \u043c\u043e\u0440\u044f \u0432 \u041b\u0430\u0442\u0432\u0438\u0438 \u00b7 \u0423\u0441\u043b\u0443\u0433\u0438 \u00b7 K\u0435\u043c\u043f\u0438\u043d\u0433\u043e\u0432\u044b\u0435 \u0434\u043e\u043c\u0438\u043a\u0438 \u00b7 \u041c\u0435\u0441\u0442\u0430 \u0434\u043b\u044f \u0442\u0440\u0435\u0439\u043b\u0435\u0440\u043e\u0432 \u0443 \u043c\u043e\u0440\u044f \u00b7 \u0420\u044b\u0431\u0430\u043b\u043a\u0430 \u0443 \u043c\u043e\u0440\u044f \u0432 \u041b\u0430\u0442\u0432\u0438\u0438 \u00b7 \u041f\u0430\u043b\u0430\u0442\u043e\u0447\u043d\u044b\u0435 \u043c\u0435\u0441\u0442\u0430 \u0443 \u043c\u043e\u0440\u044f\" \/>\n<meta property=\"og:url\" content=\"https:\/\/mikelbaka.lv\/ru\/\" \/>\n<meta property=\"og:site_name\" content=\"Kempings Mi\u0137e\u013cb\u0101ka\" \/>\n<meta property=\"article:modified_time\" content=\"2026-03-31T11:37:09+00:00\" \/>\n<meta name=\"twitter:card\" content=\"summary_large_image\" \/>\n<meta name=\"twitter:label1\" content=\"\u041f\u0440\u0438\u043c\u0435\u0440\u043d\u043e\u0435 \u0432\u0440\u0435\u043c\u044f \u0434\u043b\u044f \u0447\u0442\u0435\u043d\u0438\u044f\" \/>\n\t<meta name=\"twitter:data1\" content=\"3 \u043c\u0438\u043d\u0443\u0442\u044b\" \/>\n<script type=\"application\/ld+json\" class=\"yoast-schema-graph\">{\"@context\":\"https:\/\/schema.org\",\"@graph\":[{\"@type\":\"WebPage\",\"@id\":\"https:\/\/mikelbaka.lv\/ru\/\",\"url\":\"https:\/\/mikelbaka.lv\/ru\/\",\"name\":\"\u041a\u0435\u043c\u043f\u0438\u043d\u0433 \u041c\u0438\u043a\u0435\u043b\u044c\u0431\u0430\u043a\u0430: \u041a\u0435\u043c\u043f\u0438\u043d\u0433, \u041f\u0430\u043b\u0430\u0442\u043e\u0447\u043d\u044b\u0435 \u043c\u0435\u0441\u0442\u0430 \u0443 \u043c\u043e\u0440\u044f\",\"isPartOf\":{\"@id\":\"https:\/\/mikelbaka.lv\/#website\"},\"datePublished\":\"2020-03-03T15:18:22+00:00\",\"dateModified\":\"2026-03-31T11:37:09+00:00\",\"description\":\"\u041a\u0435\u043c\u043f\u0438\u043d\u0433 \u00b7 \u041e\u0442\u0434\u044b\u0445 \u0443 \u043c\u043e\u0440\u044f \u0432 \u041b\u0430\u0442\u0432\u0438\u0438 \u00b7 \u0423\u0441\u043b\u0443\u0433\u0438 \u00b7 K\u0435\u043c\u043f\u0438\u043d\u0433\u043e\u0432\u044b\u0435 \u0434\u043e\u043c\u0438\u043a\u0438 \u00b7 \u041c\u0435\u0441\u0442\u0430 \u0434\u043b\u044f \u0442\u0440\u0435\u0439\u043b\u0435\u0440\u043e\u0432 \u0443 \u043c\u043e\u0440\u044f \u00b7 \u0420\u044b\u0431\u0430\u043b\u043a\u0430 \u0443 \u043c\u043e\u0440\u044f \u0432 \u041b\u0430\u0442\u0432\u0438\u0438 \u00b7 \u041f\u0430\u043b\u0430\u0442\u043e\u0447\u043d\u044b\u0435 \u043c\u0435\u0441\u0442\u0430 \u0443 \u043c\u043e\u0440\u044f\",\"breadcrumb\":{\"@id\":\"https:\/\/mikelbaka.lv\/ru\/#breadcrumb\"},\"inLanguage\":\"ru-RU\",\"potentialAction\":[{\"@type\":\"ReadAction\",\"target\":[\"https:\/\/mikelbaka.lv\/ru\/\"]}]},{\"@type\":\"BreadcrumbList\",\"@id\":\"https:\/\/mikelbaka.lv\/ru\/#breadcrumb\",\"itemListElement\":[{\"@type\":\"ListItem\",\"position\":1,\"name\":\"Home\",\"item\":\"https:\/\/mikelbaka.lv\/ru\/\"},{\"@type\":\"ListItem\",\"position\":2,\"name\":\"\u0413\u043b\u0430\u0432\u043d\u0430\u044f\"}]},{\"@type\":\"WebSite\",\"@id\":\"https:\/\/mikelbaka.lv\/#website\",\"url\":\"https:\/\/mikelbaka.lv\/\",\"name\":\"Kempings Mi\u0137e\u013cb\u0101ka\",\"description\":\"Br\u012bvdienas pie j\u016bras\",\"publisher\":{\"@id\":\"https:\/\/mikelbaka.lv\/#organization\"},\"potentialAction\":[{\"@type\":\"SearchAction\",\"target\":{\"@type\":\"EntryPoint\",\"urlTemplate\":\"https:\/\/mikelbaka.lv\/?s={search_term_string}\"},\"query-input\":{\"@type\":\"PropertyValueSpecification\",\"valueRequired\":true,\"valueName\":\"search_term_string\"}}],\"inLanguage\":\"ru-RU\"},{\"@type\":\"Organization\",\"@id\":\"https:\/\/mikelbaka.lv\/#organization\",\"name\":\"Kempings \u201cMi\u0137e\u013cb\u0101ka\u201d\",\"url\":\"https:\/\/mikelbaka.lv\/\",\"logo\":{\"@type\":\"ImageObject\",\"inLanguage\":\"ru-RU\",\"@id\":\"https:\/\/mikelbaka.lv\/#\/schema\/logo\/image\/\",\"url\":\"https:\/\/mikelbaka.lv\/wp-content\/uploads\/2020\/04\/screenshot.png\",\"contentUrl\":\"https:\/\/mikelbaka.lv\/wp-content\/uploads\/2020\/04\/screenshot.png\",\"width\":1200,\"height\":900,\"caption\":\"Kempings \u201cMi\u0137e\u013cb\u0101ka\u201d\"},\"image\":{\"@id\":\"https:\/\/mikelbaka.lv\/#\/schema\/logo\/image\/\"}}]}<\/script>\n<!-- \/ Yoast SEO plugin. -->","yoast_head_json":{"title":"\u041a\u0435\u043c\u043f\u0438\u043d\u0433 \u041c\u0438\u043a\u0435\u043b\u044c\u0431\u0430\u043a\u0430: \u041a\u0435\u043c\u043f\u0438\u043d\u0433, \u041f\u0430\u043b\u0430\u0442\u043e\u0447\u043d\u044b\u0435 \u043c\u0435\u0441\u0442\u0430 \u0443 \u043c\u043e\u0440\u044f","description":"\u041a\u0435\u043c\u043f\u0438\u043d\u0433 \u00b7 \u041e\u0442\u0434\u044b\u0445 \u0443 \u043c\u043e\u0440\u044f \u0432 \u041b\u0430\u0442\u0432\u0438\u0438 \u00b7 \u0423\u0441\u043b\u0443\u0433\u0438 \u00b7 K\u0435\u043c\u043f\u0438\u043d\u0433\u043e\u0432\u044b\u0435 \u0434\u043e\u043c\u0438\u043a\u0438 \u00b7 \u041c\u0435\u0441\u0442\u0430 \u0434\u043b\u044f \u0442\u0440\u0435\u0439\u043b\u0435\u0440\u043e\u0432 \u0443 \u043c\u043e\u0440\u044f \u00b7 \u0420\u044b\u0431\u0430\u043b\u043a\u0430 \u0443 \u043c\u043e\u0440\u044f \u0432 \u041b\u0430\u0442\u0432\u0438\u0438 \u00b7 \u041f\u0430\u043b\u0430\u0442\u043e\u0447\u043d\u044b\u0435 \u043c\u0435\u0441\u0442\u0430 \u0443 \u043c\u043e\u0440\u044f","robots":{"index":"index","follow":"follow","max-snippet":"max-snippet:-1","max-image-preview":"max-image-preview:large","max-video-preview":"max-video-preview:-1"},"canonical":"https:\/\/mikelbaka.lv\/ru\/","og_locale":"ru_RU","og_type":"article","og_title":"\u041a\u0435\u043c\u043f\u0438\u043d\u0433 \u041c\u0438\u043a\u0435\u043b\u044c\u0431\u0430\u043a\u0430: \u041a\u0435\u043c\u043f\u0438\u043d\u0433, \u041f\u0430\u043b\u0430\u0442\u043e\u0447\u043d\u044b\u0435 \u043c\u0435\u0441\u0442\u0430 \u0443 \u043c\u043e\u0440\u044f","og_description":"\u041a\u0435\u043c\u043f\u0438\u043d\u0433 \u00b7 \u041e\u0442\u0434\u044b\u0445 \u0443 \u043c\u043e\u0440\u044f \u0432 \u041b\u0430\u0442\u0432\u0438\u0438 \u00b7 \u0423\u0441\u043b\u0443\u0433\u0438 \u00b7 K\u0435\u043c\u043f\u0438\u043d\u0433\u043e\u0432\u044b\u0435 \u0434\u043e\u043c\u0438\u043a\u0438 \u00b7 \u041c\u0435\u0441\u0442\u0430 \u0434\u043b\u044f \u0442\u0440\u0435\u0439\u043b\u0435\u0440\u043e\u0432 \u0443 \u043c\u043e\u0440\u044f \u00b7 \u0420\u044b\u0431\u0430\u043b\u043a\u0430 \u0443 \u043c\u043e\u0440\u044f \u0432 \u041b\u0430\u0442\u0432\u0438\u0438 \u00b7 \u041f\u0430\u043b\u0430\u0442\u043e\u0447\u043d\u044b\u0435 \u043c\u0435\u0441\u0442\u0430 \u0443 \u043c\u043e\u0440\u044f","og_url":"https:\/\/mikelbaka.lv\/ru\/","og_site_name":"Kempings Mi\u0137e\u013cb\u0101ka","article_modified_time":"2026-03-31T11:37:09+00:00","twitter_card":"summary_large_image","twitter_misc":{"\u041f\u0440\u0438\u043c\u0435\u0440\u043d\u043e\u0435 \u0432\u0440\u0435\u043c\u044f \u0434\u043b\u044f \u0447\u0442\u0435\u043d\u0438\u044f":"3 \u043c\u0438\u043d\u0443\u0442\u044b"},"schema":{"@context":"https:\/\/schema.org","@graph":[{"@type":"WebPage","@id":"https:\/\/mikelbaka.lv\/ru\/","url":"https:\/\/mikelbaka.lv\/ru\/","name":"\u041a\u0435\u043c\u043f\u0438\u043d\u0433 \u041c\u0438\u043a\u0435\u043b\u044c\u0431\u0430\u043a\u0430: \u041a\u0435\u043c\u043f\u0438\u043d\u0433, \u041f\u0430\u043b\u0430\u0442\u043e\u0447\u043d\u044b\u0435 \u043c\u0435\u0441\u0442\u0430 \u0443 \u043c\u043e\u0440\u044f","isPartOf":{"@id":"https:\/\/mikelbaka.lv\/#website"},"datePublished":"2020-03-03T15:18:22+00:00","dateModified":"2026-03-31T11:37:09+00:00","description":"\u041a\u0435\u043c\u043f\u0438\u043d\u0433 \u00b7 \u041e\u0442\u0434\u044b\u0445 \u0443 \u043c\u043e\u0440\u044f \u0432 \u041b\u0430\u0442\u0432\u0438\u0438 \u00b7 \u0423\u0441\u043b\u0443\u0433\u0438 \u00b7 K\u0435\u043c\u043f\u0438\u043d\u0433\u043e\u0432\u044b\u0435 \u0434\u043e\u043c\u0438\u043a\u0438 \u00b7 \u041c\u0435\u0441\u0442\u0430 \u0434\u043b\u044f \u0442\u0440\u0435\u0439\u043b\u0435\u0440\u043e\u0432 \u0443 \u043c\u043e\u0440\u044f \u00b7 \u0420\u044b\u0431\u0430\u043b\u043a\u0430 \u0443 \u043c\u043e\u0440\u044f \u0432 \u041b\u0430\u0442\u0432\u0438\u0438 \u00b7 \u041f\u0430\u043b\u0430\u0442\u043e\u0447\u043d\u044b\u0435 \u043c\u0435\u0441\u0442\u0430 \u0443 \u043c\u043e\u0440\u044f","breadcrumb":{"@id":"https:\/\/mikelbaka.lv\/ru\/#breadcrumb"},"inLanguage":"ru-RU","potentialAction":[{"@type":"ReadAction","target":["https:\/\/mikelbaka.lv\/ru\/"]}]},{"@type":"BreadcrumbList","@id":"https:\/\/mikelbaka.lv\/ru\/#breadcrumb","itemListElement":[{"@type":"ListItem","position":1,"name":"Home","item":"https:\/\/mikelbaka.lv\/ru\/"},{"@type":"ListItem","position":2,"name":"\u0413\u043b\u0430\u0432\u043d\u0430\u044f"}]},{"@type":"WebSite","@id":"https:\/\/mikelbaka.lv\/#website","url":"https:\/\/mikelbaka.lv\/","name":"Kempings Mi\u0137e\u013cb\u0101ka","description":"Br\u012bvdienas pie j\u016bras","publisher":{"@id":"https:\/\/mikelbaka.lv\/#organization"},"potentialAction":[{"@type":"SearchAction","target":{"@type":"EntryPoint","urlTemplate":"https:\/\/mikelbaka.lv\/?s={search_term_string}"},"query-input":{"@type":"PropertyValueSpecification","valueRequired":true,"valueName":"search_term_string"}}],"inLanguage":"ru-RU"},{"@type":"Organization","@id":"https:\/\/mikelbaka.lv\/#organization","name":"Kempings \u201cMi\u0137e\u013cb\u0101ka\u201d","url":"https:\/\/mikelbaka.lv\/","logo":{"@type":"ImageObject","inLanguage":"ru-RU","@id":"https:\/\/mikelbaka.lv\/#\/schema\/logo\/image\/","url":"https:\/\/mikelbaka.lv\/wp-content\/uploads\/2020\/04\/screenshot.png","contentUrl":"https:\/\/mikelbaka.lv\/wp-content\/uploads\/2020\/04\/screenshot.png","width":1200,"height":900,"caption":"Kempings \u201cMi\u0137e\u013cb\u0101ka\u201d"},"image":{"@id":"https:\/\/mikelbaka.lv\/#\/schema\/logo\/image\/"}}]}},"_links":{"self":[{"href":"https:\/\/mikelbaka.lv\/ru\/wp-json\/wp\/v2\/pages\/168","targetHints":{"allow":["GET"]}}],"collection":[{"href":"https:\/\/mikelbaka.lv\/ru\/wp-json\/wp\/v2\/pages"}],"about":[{"href":"https:\/\/mikelbaka.lv\/ru\/wp-json\/wp\/v2\/types\/page"}],"author":[{"embeddable":true,"href":"https:\/\/mikelbaka.lv\/ru\/wp-json\/wp\/v2\/users\/1"}],"replies":[{"embeddable":true,"href":"https:\/\/mikelbaka.lv\/ru\/wp-json\/wp\/v2\/comments?post=168"}],"version-history":[{"count":7,"href":"https:\/\/mikelbaka.lv\/ru\/wp-json\/wp\/v2\/pages\/168\/revisions"}],"predecessor-version":[{"id":6101,"href":"https:\/\/mikelbaka.lv\/ru\/wp-json\/wp\/v2\/pages\/168\/revisions\/6101"}],"wp:attachment":[{"href":"https:\/\/mikelbaka.lv\/ru\/wp-json\/wp\/v2\/media?parent=168"}],"curies":[{"name":"wp","href":"https:\/\/api.w.org\/{rel}","templated":true}]}}