{"id":174,"date":"2020-03-03T17:29:50","date_gmt":"2020-03-03T15:29:50","guid":{"rendered":"http:\/\/mikelbaka.lv\/?page_id=174"},"modified":"2022-09-30T20:37:18","modified_gmt":"2022-09-30T17:37:18","slug":"%d0%be-%d0%ba%d0%b5%d0%bc%d0%bf%d0%b8%d0%bd%d0%b3%d0%b5","status":"publish","type":"page","link":"https:\/\/mikelbaka.lv\/ru\/%d0%be-%d0%ba%d0%b5%d0%bc%d0%bf%d0%b8%d0%bd%d0%b3%d0%b5\/","title":{"rendered":"\u041e \u043a\u0435\u043c\u043f\u0438\u043d\u0433\u0435"},"content":{"rendered":"<p>\u041a\u0435\u043c\u043f\u0438\u043d\u0433 \u043d\u0430\u0445\u043e\u0434\u0438\u0442\u0441\u044f \u0432 \u0412\u0435\u043d\u0441\u0442\u043f\u0438\u043b\u0441\u0441\u043a\u043e\u043c \u043a\u0440\u0430\u0435, \u0443 \u0441\u0430\u043c\u043e\u0433\u043e \u043c\u043e\u0440\u044f, \u0432 \u043f\u043e\u0441\u0435\u043b\u043a\u0435 \u041c\u0438\u043a\u0435\u043b\u044c\u0442\u043e\u0440\u043d\u0438\u0441, \u043e\u043a\u0440\u0443\u0436\u0435\u043d\u043d\u043e\u043c \u0441\u043e\u0441\u043d\u043e\u0432\u044b\u043c \u043b\u0435\u0441\u043e\u043c. \u041f\u043b\u044f\u0436 \u0448\u0438\u0440\u043e\u043a\u0438\u0439, \u043f\u0435\u0441\u0447\u0430\u043d\u044b\u0439, \u0431\u0435\u0437 \u043a\u0430\u043c\u043d\u0435\u0439, \u043f\u0440\u043e\u0442\u044f\u0436\u0435\u043d\u043d\u043e\u0441\u0442\u044c \u2013 \u043d\u0435\u0441\u043a\u043e\u043b\u044c\u043a\u043e \u0441\u043e\u0442 \u043c\u0435\u0442\u0440\u043e\u0432.<\/p>\n<p>\u0414\u043e \u0432\u043e\u0441\u0441\u0442\u0430\u043d\u043e\u0432\u043b\u0435\u043d\u0438\u044f \u043d\u0435\u0437\u0430\u0432\u0438\u0441\u0438\u043c\u043e\u0441\u0442\u0438 \u041b\u0430\u0442\u0432\u0438\u0438 \u044d\u0442\u0430 \u0442\u0435\u0440\u0440\u0438\u0442\u043e\u0440\u0438\u044f \u043e\u0442 \u0412\u0435\u043d\u0442\u0441\u043f\u0438\u043b\u0441\u0430 \u0434\u043e \u041a\u043e\u043b\u043a\u0438 \u0431\u044b\u043b\u0430 \u0437\u0430\u043a\u0440\u044b\u0442\u0430 \u0434\u043b\u044f \u043f\u0443\u0442\u0435\u0448\u0435\u0441\u0442\u0432\u0435\u043d\u043d\u0438\u043a\u043e\u0432. \u0412 \u0440\u0435\u0437\u0443\u043b\u044c\u0442\u0430\u0442\u0435 \u0432\u0441\u0435 \u044d\u0442\u043e \u043f\u043e\u0431\u0435\u0440\u0435\u0436\u044c\u0435 \u043d\u0430 \u043f\u0440\u043e\u0442\u044f\u0436\u0435\u043d\u0438\u0438 80 \u043a\u043c \u043d\u0435 \u043f\u0435\u0440\u0435\u043d\u0430\u0441\u0435\u043b\u0435\u043d\u043e, \u0437\u0434\u0435\u0441\u044c \u0442\u0430\u043a\u0436\u0435 \u043d\u0435\u0442 \u0437\u0430\u0432\u043e\u0434\u043e\u0432 \u0438 \u043f\u0440\u043e\u043c\u044b\u0448\u043b\u0435\u043d\u043d\u043e\u0441\u0442\u0438, \u0438 \u0441\u043e\u0445\u0440\u0430\u043d\u0438\u043b\u0430\u0441\u044c \u044d\u043a\u043e\u043b\u043e\u0433\u0438\u0447\u0435\u0441\u043a\u0438 \u0447\u0438\u0441\u0442\u0430\u044f \u043f\u0440\u0438\u0440\u043e\u0434\u043d\u0430\u044f \u0441\u0440\u0435\u0434\u0430.<\/p>\n<p>\u041f\u043e\u0434\u0445\u043e\u0434\u044f\u0449\u0435\u0435  \u043c\u0435\u0441\u0442\u043e \u0434\u043b\u044f \u043b\u044e\u0431\u043e\u0433\u043e \u0442\u0443\u0440\u0438\u0441\u0442\u0430 \u0438 \u043e\u0441\u043e\u0431\u0435\u043d\u043d\u043e \u0434\u043b\u044f \u0441\u0435\u043c\u0435\u0439 \u0441 \u0434\u0435\u0442\u044c\u043c\u0438, \u043e\u0440\u0433\u0430\u043d\u0438\u0437\u0430\u0446\u0438\u0438 \u0434\u0435\u0442\u0441\u043a\u0438\u0445 \u0438 \u043c\u043e\u043b\u043e\u0434\u0435\u0436\u043d\u044b\u0445 \u043b\u0430\u0433\u0435\u0440\u0435\u0439,  \u0430 \u0442\u0430\u043a\u0436\u0435 \u0432\u0441\u0435\u0445 \u0442\u0443\u0440\u0438\u0441\u0442\u043e\u0432, \u043a\u043e\u0442\u043e\u0440\u044b\u0435 \u0445\u043e\u0442\u044f\u0442 \u0444\u0430\u043d\u0442\u0430\u0441\u0442\u0438\u0447\u0435\u0441\u043a\u043e\u0433\u043e \u043e\u0442\u0434\u044b\u0445\u0430 \u0437\u0434\u0435\u0441\u044c, \u0432  \u043d\u0430\u0448\u0435\u043c \u043a\u0435\u043c\u043f\u0438\u043d\u0433\u0435 \u0443 \u043c\u043e\u0440\u044f, \u0432 \u044d\u043a\u043e\u043b\u043e\u0433\u0438\u0447\u0435\u0441\u043a\u0438 \u0447\u0438\u0441\u0442\u043e\u0439 \u043f\u0440\u0438\u0440\u043e\u0434\u043d\u043e\u0439 \u0441\u0440\u0435\u0434\u0435.<\/p>\n<p><iframe loading=\"lazy\" src=\"https:\/\/premium.giraffe360.com\/propertium\/mikelbaka\/\" width=\"100%\" height=\"550\" frameborder=\"0\" scrolling=\"no\" allowfullscreen=\"allowfullscreen\"><\/iframe><\/p>\n<p><iframe loading=\"lazy\" width=\"100%\" height=\"450\" src=\"https:\/\/www.youtube.com\/embed\/I60WjApo9SE\" frameborder=\"0\" allow=\"accelerometer; autoplay; encrypted-media; gyroscope; picture-in-picture\" allowfullscreen><\/iframe><\/p>\n<article class='gallery' style='background-image:url(https:\/\/mikelbaka.lv\/wp-content\/uploads\/2020\/02\/skats-no-bakas-020-Large.jpg)'><div class=\"gallery__overlay\"><a href=\"javascript:void(0)\" class=\"js-open-gallery button button--white\">Apskat\u012bt galeriju<\/a><\/div><div class=\"gallery__content\" style=\"display: none\"><a href=\"https:\/\/mikelbaka.lv\/wp-content\/uploads\/2020\/02\/skats-no-bakas-020-Large.jpg\" rel=\"lightbox\"><\/a><a href=\"https:\/\/mikelbaka.lv\/wp-content\/uploads\/2020\/02\/4.jpg\" rel=\"lightbox\"><\/a><a href=\"https:\/\/mikelbaka.lv\/wp-content\/uploads\/2020\/02\/3.jpg\" rel=\"lightbox\"><\/a><a href=\"https:\/\/mikelbaka.lv\/wp-content\/uploads\/2020\/02\/1.jpg\" rel=\"lightbox\"><\/a><a href=\"https:\/\/mikelbaka.lv\/wp-content\/uploads\/2020\/03\/DJI_0030-1024x768.jpg\" rel=\"lightbox\"><\/a><a href=\"https:\/\/mikelbaka.lv\/wp-content\/uploads\/2020\/03\/IMG_1584-1024x768.jpg\" rel=\"lightbox\"><\/a><a href=\"https:\/\/mikelbaka.lv\/wp-content\/uploads\/2020\/03\/IMG_20180818_190527-1024x768.jpg\" rel=\"lightbox\"><\/a><a href=\"https:\/\/mikelbaka.lv\/wp-content\/uploads\/2020\/03\/IMG_20180825_185754-1024x768.jpg\" rel=\"lightbox\"><\/a><a href=\"https:\/\/mikelbaka.lv\/wp-content\/uploads\/2020\/03\/D853167-Copy1-1024x683.jpg\" rel=\"lightbox\"><\/a><a href=\"https:\/\/mikelbaka.lv\/wp-content\/uploads\/2020\/03\/daz\u030ca\u0304das-026-1024x683.jpg\" rel=\"lightbox\"><\/a><a href=\"https:\/\/mikelbaka.lv\/wp-content\/uploads\/2020\/03\/DSC01098Ph-kopija-1024x684.jpg\" rel=\"lightbox\"><\/a><a href=\"https:\/\/mikelbaka.lv\/wp-content\/uploads\/2020\/03\/DSC04397-PR-copy-1024x625.jpg\" rel=\"lightbox\"><\/a><\/div><\/article>\n","protected":false},"excerpt":{"rendered":"<p>\u041a\u0435\u043c\u043f\u0438\u043d\u0433 \u043d\u0430\u0445\u043e\u0434\u0438\u0442\u0441\u044f \u0432 \u0412\u0435\u043d\u0441\u0442\u043f\u0438\u043b\u0441\u0441\u043a\u043e\u043c \u043a\u0440\u0430\u0435, \u0443 \u0441\u0430\u043c\u043e\u0433\u043e \u043c\u043e\u0440\u044f, \u0432 \u043f\u043e\u0441\u0435\u043b\u043a\u0435 \u041c\u0438\u043a\u0435\u043b\u044c\u0442\u043e\u0440\u043d\u0438\u0441, \u043e\u043a\u0440\u0443\u0436\u0435\u043d\u043d\u043e\u043c \u0441\u043e\u0441\u043d\u043e\u0432\u044b\u043c \u043b\u0435\u0441\u043e\u043c. \u041f\u043b\u044f\u0436 \u0448\u0438\u0440\u043e\u043a\u0438\u0439, \u043f\u0435\u0441\u0447\u0430\u043d\u044b\u0439, \u0431\u0435\u0437 \u043a\u0430\u043c\u043d\u0435\u0439, \u043f\u0440\u043e\u0442\u044f\u0436\u0435\u043d\u043d\u043e\u0441\u0442\u044c \u2013 \u043d\u0435\u0441\u043a\u043e\u043b\u044c\u043a\u043e \u0441\u043e\u0442 \u043c\u0435\u0442\u0440\u043e\u0432. \u0414\u043e \u0432\u043e\u0441\u0441\u0442\u0430\u043d\u043e\u0432\u043b\u0435\u043d\u0438\u044f \u043d\u0435\u0437\u0430\u0432\u0438\u0441\u0438\u043c\u043e\u0441\u0442\u0438 \u041b\u0430\u0442\u0432\u0438\u0438 \u044d\u0442\u0430 \u0442\u0435\u0440\u0440\u0438\u0442\u043e\u0440\u0438\u044f \u043e\u0442 \u0412\u0435\u043d\u0442\u0441\u043f\u0438\u043b\u0441\u0430 \u0434\u043e \u041a\u043e\u043b\u043a\u0438 \u0431\u044b\u043b\u0430 \u0437\u0430\u043a\u0440\u044b\u0442\u0430 \u0434\u043b\u044f \u043f\u0443\u0442\u0435\u0448\u0435\u0441\u0442\u0432\u0435\u043d\u043d\u0438\u043a\u043e\u0432. \u0412 \u0440\u0435\u0437\u0443\u043b\u044c\u0442\u0430\u0442\u0435 \u0432\u0441\u0435 \u044d\u0442\u043e \u043f\u043e\u0431\u0435\u0440\u0435\u0436\u044c\u0435 \u043d\u0430 \u043f\u0440\u043e\u0442\u044f\u0436\u0435\u043d\u0438\u0438 80 \u043a\u043c \u043d\u0435 \u043f\u0435\u0440\u0435\u043d\u0430\u0441\u0435\u043b\u0435\u043d\u043e, \u0437\u0434\u0435\u0441\u044c \u0442\u0430\u043a\u0436\u0435 \u043d\u0435\u0442 \u0437\u0430\u0432\u043e\u0434\u043e\u0432 \u0438 \u043f\u0440\u043e\u043c\u044b\u0448\u043b\u0435\u043d\u043d\u043e\u0441\u0442\u0438, [&hellip;] <a href=\"https:\/\/mikelbaka.lv\/ru\/%d0%be-%d0%ba%d0%b5%d0%bc%d0%bf%d0%b8%d0%bd%d0%b3%d0%b5\/\" class=\"bold-link\">Uzzin\u0101t vair\u0101k<\/a><\/p>\n","protected":false},"author":1,"featured_media":1041,"parent":0,"menu_order":0,"comment_status":"closed","ping_status":"closed","template":"","meta":{"_acf_changed":false,"footnotes":""},"class_list":["post-174","page","type-page","status-publish","has-post-thumbnail","hentry"],"acf":[],"yoast_head":"<!-- This site is optimized with the Yoast SEO plugin v26.1.1 - https:\/\/yoast.com\/wordpress\/plugins\/seo\/ -->\n<title>\u041e \u043a\u0435\u043c\u043f\u0438\u043d\u0433\u0435 - Kempings Mi\u0137e\u013cb\u0101ka<\/title>\n<meta name=\"robots\" content=\"index, follow, max-snippet:-1, max-image-preview:large, max-video-preview:-1\" \/>\n<link rel=\"canonical\" href=\"https:\/\/mikelbaka.lv\/par-kempingu\/\" \/>\n<meta property=\"og:locale\" content=\"ru_RU\" \/>\n<meta property=\"og:type\" content=\"article\" \/>\n<meta property=\"og:title\" content=\"\u041e \u043a\u0435\u043c\u043f\u0438\u043d\u0433\u0435 - Kempings Mi\u0137e\u013cb\u0101ka\" \/>\n<meta property=\"og:description\" content=\"\u041a\u0435\u043c\u043f\u0438\u043d\u0433 \u043d\u0430\u0445\u043e\u0434\u0438\u0442\u0441\u044f \u0432 \u0412\u0435\u043d\u0441\u0442\u043f\u0438\u043b\u0441\u0441\u043a\u043e\u043c \u043a\u0440\u0430\u0435, \u0443 \u0441\u0430\u043c\u043e\u0433\u043e \u043c\u043e\u0440\u044f, \u0432 \u043f\u043e\u0441\u0435\u043b\u043a\u0435 \u041c\u0438\u043a\u0435\u043b\u044c\u0442\u043e\u0440\u043d\u0438\u0441, \u043e\u043a\u0440\u0443\u0436\u0435\u043d\u043d\u043e\u043c \u0441\u043e\u0441\u043d\u043e\u0432\u044b\u043c \u043b\u0435\u0441\u043e\u043c. \u041f\u043b\u044f\u0436 \u0448\u0438\u0440\u043e\u043a\u0438\u0439, \u043f\u0435\u0441\u0447\u0430\u043d\u044b\u0439, \u0431\u0435\u0437 \u043a\u0430\u043c\u043d\u0435\u0439, \u043f\u0440\u043e\u0442\u044f\u0436\u0435\u043d\u043d\u043e\u0441\u0442\u044c \u2013 \u043d\u0435\u0441\u043a\u043e\u043b\u044c\u043a\u043e \u0441\u043e\u0442 \u043c\u0435\u0442\u0440\u043e\u0432. \u0414\u043e \u0432\u043e\u0441\u0441\u0442\u0430\u043d\u043e\u0432\u043b\u0435\u043d\u0438\u044f \u043d\u0435\u0437\u0430\u0432\u0438\u0441\u0438\u043c\u043e\u0441\u0442\u0438 \u041b\u0430\u0442\u0432\u0438\u0438 \u044d\u0442\u0430 \u0442\u0435\u0440\u0440\u0438\u0442\u043e\u0440\u0438\u044f \u043e\u0442 \u0412\u0435\u043d\u0442\u0441\u043f\u0438\u043b\u0441\u0430 \u0434\u043e \u041a\u043e\u043b\u043a\u0438 \u0431\u044b\u043b\u0430 \u0437\u0430\u043a\u0440\u044b\u0442\u0430 \u0434\u043b\u044f \u043f\u0443\u0442\u0435\u0448\u0435\u0441\u0442\u0432\u0435\u043d\u043d\u0438\u043a\u043e\u0432. \u0412 \u0440\u0435\u0437\u0443\u043b\u044c\u0442\u0430\u0442\u0435 \u0432\u0441\u0435 \u044d\u0442\u043e \u043f\u043e\u0431\u0435\u0440\u0435\u0436\u044c\u0435 \u043d\u0430 \u043f\u0440\u043e\u0442\u044f\u0436\u0435\u043d\u0438\u0438 80 \u043a\u043c \u043d\u0435 \u043f\u0435\u0440\u0435\u043d\u0430\u0441\u0435\u043b\u0435\u043d\u043e, \u0437\u0434\u0435\u0441\u044c \u0442\u0430\u043a\u0436\u0435 \u043d\u0435\u0442 \u0437\u0430\u0432\u043e\u0434\u043e\u0432 \u0438 \u043f\u0440\u043e\u043c\u044b\u0448\u043b\u0435\u043d\u043d\u043e\u0441\u0442\u0438, [&hellip;] Uzzin\u0101t vair\u0101k\" \/>\n<meta property=\"og:url\" content=\"https:\/\/mikelbaka.lv\/par-kempingu\/\" \/>\n<meta property=\"og:site_name\" content=\"Kempings Mi\u0137e\u013cb\u0101ka\" \/>\n<meta property=\"article:modified_time\" content=\"2022-09-30T17:37:18+00:00\" \/>\n<meta property=\"og:image\" content=\"https:\/\/mikelbaka.lv\/wp-content\/uploads\/2020\/03\/IMG_0018.jpg\" \/>\n\t<meta property=\"og:image:width\" content=\"2000\" \/>\n\t<meta property=\"og:image:height\" content=\"1125\" \/>\n\t<meta property=\"og:image:type\" content=\"image\/jpeg\" \/>\n<meta name=\"twitter:card\" content=\"summary_large_image\" \/>\n<script type=\"application\/ld+json\" class=\"yoast-schema-graph\">{\"@context\":\"https:\/\/schema.org\",\"@graph\":[{\"@type\":\"WebPage\",\"@id\":\"https:\/\/mikelbaka.lv\/par-kempingu\/\",\"url\":\"https:\/\/mikelbaka.lv\/par-kempingu\/\",\"name\":\"\u041e \u043a\u0435\u043c\u043f\u0438\u043d\u0433\u0435 - Kempings Mi\u0137e\u013cb\u0101ka\",\"isPartOf\":{\"@id\":\"https:\/\/mikelbaka.lv\/#website\"},\"primaryImageOfPage\":{\"@id\":\"https:\/\/mikelbaka.lv\/par-kempingu\/#primaryimage\"},\"image\":{\"@id\":\"https:\/\/mikelbaka.lv\/par-kempingu\/#primaryimage\"},\"thumbnailUrl\":\"https:\/\/mikelbaka.lv\/wp-content\/uploads\/2020\/03\/IMG_0018.jpg\",\"datePublished\":\"2020-03-03T15:29:50+00:00\",\"dateModified\":\"2022-09-30T17:37:18+00:00\",\"breadcrumb\":{\"@id\":\"https:\/\/mikelbaka.lv\/par-kempingu\/#breadcrumb\"},\"inLanguage\":\"ru-RU\",\"potentialAction\":[{\"@type\":\"ReadAction\",\"target\":[\"https:\/\/mikelbaka.lv\/par-kempingu\/\"]}]},{\"@type\":\"ImageObject\",\"inLanguage\":\"ru-RU\",\"@id\":\"https:\/\/mikelbaka.lv\/par-kempingu\/#primaryimage\",\"url\":\"https:\/\/mikelbaka.lv\/wp-content\/uploads\/2020\/03\/IMG_0018.jpg\",\"contentUrl\":\"https:\/\/mikelbaka.lv\/wp-content\/uploads\/2020\/03\/IMG_0018.jpg\",\"width\":2000,\"height\":1125},{\"@type\":\"BreadcrumbList\",\"@id\":\"https:\/\/mikelbaka.lv\/par-kempingu\/#breadcrumb\",\"itemListElement\":[{\"@type\":\"ListItem\",\"position\":1,\"name\":\"Home\",\"item\":\"https:\/\/mikelbaka.lv\/ru\/\"},{\"@type\":\"ListItem\",\"position\":2,\"name\":\"\u041e \u043a\u0435\u043c\u043f\u0438\u043d\u0433\u0435\"}]},{\"@type\":\"WebSite\",\"@id\":\"https:\/\/mikelbaka.lv\/#website\",\"url\":\"https:\/\/mikelbaka.lv\/\",\"name\":\"Kempings Mi\u0137e\u013cb\u0101ka\",\"description\":\"Br\u012bvdienas pie j\u016bras\",\"publisher\":{\"@id\":\"https:\/\/mikelbaka.lv\/#organization\"},\"potentialAction\":[{\"@type\":\"SearchAction\",\"target\":{\"@type\":\"EntryPoint\",\"urlTemplate\":\"https:\/\/mikelbaka.lv\/?s={search_term_string}\"},\"query-input\":{\"@type\":\"PropertyValueSpecification\",\"valueRequired\":true,\"valueName\":\"search_term_string\"}}],\"inLanguage\":\"ru-RU\"},{\"@type\":\"Organization\",\"@id\":\"https:\/\/mikelbaka.lv\/#organization\",\"name\":\"Kempings \u201cMi\u0137e\u013cb\u0101ka\u201d\",\"url\":\"https:\/\/mikelbaka.lv\/\",\"logo\":{\"@type\":\"ImageObject\",\"inLanguage\":\"ru-RU\",\"@id\":\"https:\/\/mikelbaka.lv\/#\/schema\/logo\/image\/\",\"url\":\"https:\/\/mikelbaka.lv\/wp-content\/uploads\/2020\/04\/screenshot.png\",\"contentUrl\":\"https:\/\/mikelbaka.lv\/wp-content\/uploads\/2020\/04\/screenshot.png\",\"width\":1200,\"height\":900,\"caption\":\"Kempings \u201cMi\u0137e\u013cb\u0101ka\u201d\"},\"image\":{\"@id\":\"https:\/\/mikelbaka.lv\/#\/schema\/logo\/image\/\"}}]}<\/script>\n<!-- \/ Yoast SEO plugin. -->","yoast_head_json":{"title":"\u041e \u043a\u0435\u043c\u043f\u0438\u043d\u0433\u0435 - Kempings Mi\u0137e\u013cb\u0101ka","robots":{"index":"index","follow":"follow","max-snippet":"max-snippet:-1","max-image-preview":"max-image-preview:large","max-video-preview":"max-video-preview:-1"},"canonical":"https:\/\/mikelbaka.lv\/par-kempingu\/","og_locale":"ru_RU","og_type":"article","og_title":"\u041e \u043a\u0435\u043c\u043f\u0438\u043d\u0433\u0435 - Kempings Mi\u0137e\u013cb\u0101ka","og_description":"\u041a\u0435\u043c\u043f\u0438\u043d\u0433 \u043d\u0430\u0445\u043e\u0434\u0438\u0442\u0441\u044f \u0432 \u0412\u0435\u043d\u0441\u0442\u043f\u0438\u043b\u0441\u0441\u043a\u043e\u043c \u043a\u0440\u0430\u0435, \u0443 \u0441\u0430\u043c\u043e\u0433\u043e \u043c\u043e\u0440\u044f, \u0432 \u043f\u043e\u0441\u0435\u043b\u043a\u0435 \u041c\u0438\u043a\u0435\u043b\u044c\u0442\u043e\u0440\u043d\u0438\u0441, \u043e\u043a\u0440\u0443\u0436\u0435\u043d\u043d\u043e\u043c \u0441\u043e\u0441\u043d\u043e\u0432\u044b\u043c \u043b\u0435\u0441\u043e\u043c. \u041f\u043b\u044f\u0436 \u0448\u0438\u0440\u043e\u043a\u0438\u0439, \u043f\u0435\u0441\u0447\u0430\u043d\u044b\u0439, \u0431\u0435\u0437 \u043a\u0430\u043c\u043d\u0435\u0439, \u043f\u0440\u043e\u0442\u044f\u0436\u0435\u043d\u043d\u043e\u0441\u0442\u044c \u2013 \u043d\u0435\u0441\u043a\u043e\u043b\u044c\u043a\u043e \u0441\u043e\u0442 \u043c\u0435\u0442\u0440\u043e\u0432. \u0414\u043e \u0432\u043e\u0441\u0441\u0442\u0430\u043d\u043e\u0432\u043b\u0435\u043d\u0438\u044f \u043d\u0435\u0437\u0430\u0432\u0438\u0441\u0438\u043c\u043e\u0441\u0442\u0438 \u041b\u0430\u0442\u0432\u0438\u0438 \u044d\u0442\u0430 \u0442\u0435\u0440\u0440\u0438\u0442\u043e\u0440\u0438\u044f \u043e\u0442 \u0412\u0435\u043d\u0442\u0441\u043f\u0438\u043b\u0441\u0430 \u0434\u043e \u041a\u043e\u043b\u043a\u0438 \u0431\u044b\u043b\u0430 \u0437\u0430\u043a\u0440\u044b\u0442\u0430 \u0434\u043b\u044f \u043f\u0443\u0442\u0435\u0448\u0435\u0441\u0442\u0432\u0435\u043d\u043d\u0438\u043a\u043e\u0432. \u0412 \u0440\u0435\u0437\u0443\u043b\u044c\u0442\u0430\u0442\u0435 \u0432\u0441\u0435 \u044d\u0442\u043e \u043f\u043e\u0431\u0435\u0440\u0435\u0436\u044c\u0435 \u043d\u0430 \u043f\u0440\u043e\u0442\u044f\u0436\u0435\u043d\u0438\u0438 80 \u043a\u043c \u043d\u0435 \u043f\u0435\u0440\u0435\u043d\u0430\u0441\u0435\u043b\u0435\u043d\u043e, \u0437\u0434\u0435\u0441\u044c \u0442\u0430\u043a\u0436\u0435 \u043d\u0435\u0442 \u0437\u0430\u0432\u043e\u0434\u043e\u0432 \u0438 \u043f\u0440\u043e\u043c\u044b\u0448\u043b\u0435\u043d\u043d\u043e\u0441\u0442\u0438, [&hellip;] Uzzin\u0101t vair\u0101k","og_url":"https:\/\/mikelbaka.lv\/par-kempingu\/","og_site_name":"Kempings Mi\u0137e\u013cb\u0101ka","article_modified_time":"2022-09-30T17:37:18+00:00","og_image":[{"width":2000,"height":1125,"url":"https:\/\/mikelbaka.lv\/wp-content\/uploads\/2020\/03\/IMG_0018.jpg","type":"image\/jpeg"}],"twitter_card":"summary_large_image","schema":{"@context":"https:\/\/schema.org","@graph":[{"@type":"WebPage","@id":"https:\/\/mikelbaka.lv\/par-kempingu\/","url":"https:\/\/mikelbaka.lv\/par-kempingu\/","name":"\u041e \u043a\u0435\u043c\u043f\u0438\u043d\u0433\u0435 - Kempings Mi\u0137e\u013cb\u0101ka","isPartOf":{"@id":"https:\/\/mikelbaka.lv\/#website"},"primaryImageOfPage":{"@id":"https:\/\/mikelbaka.lv\/par-kempingu\/#primaryimage"},"image":{"@id":"https:\/\/mikelbaka.lv\/par-kempingu\/#primaryimage"},"thumbnailUrl":"https:\/\/mikelbaka.lv\/wp-content\/uploads\/2020\/03\/IMG_0018.jpg","datePublished":"2020-03-03T15:29:50+00:00","dateModified":"2022-09-30T17:37:18+00:00","breadcrumb":{"@id":"https:\/\/mikelbaka.lv\/par-kempingu\/#breadcrumb"},"inLanguage":"ru-RU","potentialAction":[{"@type":"ReadAction","target":["https:\/\/mikelbaka.lv\/par-kempingu\/"]}]},{"@type":"ImageObject","inLanguage":"ru-RU","@id":"https:\/\/mikelbaka.lv\/par-kempingu\/#primaryimage","url":"https:\/\/mikelbaka.lv\/wp-content\/uploads\/2020\/03\/IMG_0018.jpg","contentUrl":"https:\/\/mikelbaka.lv\/wp-content\/uploads\/2020\/03\/IMG_0018.jpg","width":2000,"height":1125},{"@type":"BreadcrumbList","@id":"https:\/\/mikelbaka.lv\/par-kempingu\/#breadcrumb","itemListElement":[{"@type":"ListItem","position":1,"name":"Home","item":"https:\/\/mikelbaka.lv\/ru\/"},{"@type":"ListItem","position":2,"name":"\u041e \u043a\u0435\u043c\u043f\u0438\u043d\u0433\u0435"}]},{"@type":"WebSite","@id":"https:\/\/mikelbaka.lv\/#website","url":"https:\/\/mikelbaka.lv\/","name":"Kempings Mi\u0137e\u013cb\u0101ka","description":"Br\u012bvdienas pie j\u016bras","publisher":{"@id":"https:\/\/mikelbaka.lv\/#organization"},"potentialAction":[{"@type":"SearchAction","target":{"@type":"EntryPoint","urlTemplate":"https:\/\/mikelbaka.lv\/?s={search_term_string}"},"query-input":{"@type":"PropertyValueSpecification","valueRequired":true,"valueName":"search_term_string"}}],"inLanguage":"ru-RU"},{"@type":"Organization","@id":"https:\/\/mikelbaka.lv\/#organization","name":"Kempings \u201cMi\u0137e\u013cb\u0101ka\u201d","url":"https:\/\/mikelbaka.lv\/","logo":{"@type":"ImageObject","inLanguage":"ru-RU","@id":"https:\/\/mikelbaka.lv\/#\/schema\/logo\/image\/","url":"https:\/\/mikelbaka.lv\/wp-content\/uploads\/2020\/04\/screenshot.png","contentUrl":"https:\/\/mikelbaka.lv\/wp-content\/uploads\/2020\/04\/screenshot.png","width":1200,"height":900,"caption":"Kempings \u201cMi\u0137e\u013cb\u0101ka\u201d"},"image":{"@id":"https:\/\/mikelbaka.lv\/#\/schema\/logo\/image\/"}}]}},"_links":{"self":[{"href":"https:\/\/mikelbaka.lv\/ru\/wp-json\/wp\/v2\/pages\/174","targetHints":{"allow":["GET"]}}],"collection":[{"href":"https:\/\/mikelbaka.lv\/ru\/wp-json\/wp\/v2\/pages"}],"about":[{"href":"https:\/\/mikelbaka.lv\/ru\/wp-json\/wp\/v2\/types\/page"}],"author":[{"embeddable":true,"href":"https:\/\/mikelbaka.lv\/ru\/wp-json\/wp\/v2\/users\/1"}],"replies":[{"embeddable":true,"href":"https:\/\/mikelbaka.lv\/ru\/wp-json\/wp\/v2\/comments?post=174"}],"version-history":[{"count":3,"href":"https:\/\/mikelbaka.lv\/ru\/wp-json\/wp\/v2\/pages\/174\/revisions"}],"predecessor-version":[{"id":3755,"href":"https:\/\/mikelbaka.lv\/ru\/wp-json\/wp\/v2\/pages\/174\/revisions\/3755"}],"wp:featuredmedia":[{"embeddable":true,"href":"https:\/\/mikelbaka.lv\/ru\/wp-json\/wp\/v2\/media\/1041"}],"wp:attachment":[{"href":"https:\/\/mikelbaka.lv\/ru\/wp-json\/wp\/v2\/media?parent=174"}],"curies":[{"name":"wp","href":"https:\/\/api.w.org\/{rel}","templated":true}]}}