{"id":778,"date":"2020-03-17T11:41:31","date_gmt":"2020-03-17T09:41:31","guid":{"rendered":"http:\/\/mikelbaka.lv\/?page_id=778"},"modified":"2020-03-17T11:41:31","modified_gmt":"2020-03-17T09:41:31","slug":"%d1%83%d1%81%d0%bb%d1%83%d0%b3%d0%b8","status":"publish","type":"page","link":"https:\/\/mikelbaka.lv\/ru\/%d1%83%d1%81%d0%bb%d1%83%d0%b3%d0%b8\/","title":{"rendered":"\u0423\u0441\u043b\u0443\u0433\u0438"},"content":{"rendered":"<div class=\"mphb_sc_rooms-wrapper mphb-room-types block-group sm-block-group wrap\">\r\n<div class=\"mphb-room-type post-766 mphb_room_type type-mphb_room_type status-publish has-post-thumbnail mphb_room_type_category-216 mphb_room_type_facility-wi-fi-ru mphb_room_type_facility-343 mphb_room_type_facility-252 mphb_room_type_facility-300 mphb_room_type_facility-248 mphb_room_type_facility-306 mphb_room_type_facility-282 mphb_room_type_facility-355 mphb-room-type-adults-5 mphb-room-type-children-0  sm-block-3 block-4 accomodation-grid__item\">\r\n\r\n\t\r\n\t\r\n\r\n\t<a href=\"https:\/\/mikelbaka.lv\/ru\/\u043f\u043e\u043c\u0435\u0449\u0435\u043d\u0438\u0435\/%d0%bc%d0%b5%d1%81%d1%82%d0%b0-%d0%b4%d0%bb%d1%8f-%d1%82%d1%80%d0%b5%d0%b9%d0%bb%d0%b5%d1%80%d0%be%d0%b2\/\">\r\n\t<img loading=\"lazy\" decoding=\"async\" width=\"2560\" height=\"1920\" src=\"https:\/\/mikelbaka.lv\/wp-content\/uploads\/2020\/03\/treileri-17-scaled.jpg\" class=\"attachment-post-thumbnail size-post-thumbnail wp-post-image\" alt=\"\" srcset=\"https:\/\/mikelbaka.lv\/wp-content\/uploads\/2020\/03\/treileri-17-scaled.jpg 2560w, https:\/\/mikelbaka.lv\/wp-content\/uploads\/2020\/03\/treileri-17-300x225.jpg 300w, https:\/\/mikelbaka.lv\/wp-content\/uploads\/2020\/03\/treileri-17-1024x768.jpg 1024w, https:\/\/mikelbaka.lv\/wp-content\/uploads\/2020\/03\/treileri-17-768x576.jpg 768w, https:\/\/mikelbaka.lv\/wp-content\/uploads\/2020\/03\/treileri-17-1536x1152.jpg 1536w, https:\/\/mikelbaka.lv\/wp-content\/uploads\/2020\/03\/treileri-17-2048x1536.jpg 2048w, https:\/\/mikelbaka.lv\/wp-content\/uploads\/2020\/03\/treileri-17-1440x1080.jpg 1440w\" sizes=\"auto, (max-width: 2560px) 100vw, 2560px\" \/>\t<\/a>\r\n\r\n\r\n\r\n<a class=\"mphb-room-type-title\" href=\"https:\/\/mikelbaka.lv\/ru\/\u043f\u043e\u043c\u0435\u0449\u0435\u043d\u0438\u0435\/%d0%bc%d0%b5%d1%81%d1%82%d0%b0-%d0%b4%d0%bb%d1%8f-%d1%82%d1%80%d0%b5%d0%b9%d0%bb%d0%b5%d1%80%d0%be%d0%b2\/\">\u041c\u0435\u0441\u0442\u0430 \u0434\u043b\u044f \u0442\u0440\u0435\u0439\u043b\u0435\u0440\u043e\u0432<\/a>\r\n\r\n<p class=\"mphb-view-details-button-wrapper\">\r\n<a class=\"button mphb-view-details-button\" href=\"https:\/\/mikelbaka.lv\/ru\/\u043f\u043e\u043c\u0435\u0449\u0435\u043d\u0438\u0435\/%d0%bc%d0%b5%d1%81%d1%82%d0%b0-%d0%b4%d0%bb%d1%8f-%d1%82%d1%80%d0%b5%d0%b9%d0%bb%d0%b5%d1%80%d0%be%d0%b2\/\" >\u041f\u043e\u0441\u043c\u043e\u0442\u0440\u0435\u0442\u044c \u0434\u0435\u0442\u0430\u043b\u0438<\/a>\r\n<\/p>\r\n\t\r\n<\/div>\r\n\r\n<div class=\"mphb-room-type post-801 mphb_room_type type-mphb_room_type status-publish has-post-thumbnail mphb_room_type_category-216 mphb-room-type-adults-6 mphb-room-type-children-0  sm-block-3 block-4 accomodation-grid__item\">\r\n\r\n\t\r\n\t\r\n\r\n\t<a href=\"https:\/\/mikelbaka.lv\/ru\/\u043f\u043e\u043c\u0435\u0449\u0435\u043d\u0438\u0435\/%d0%bf%d0%b0%d0%bb%d0%b0%d1%82%d0%be%d1%87%d0%bd%d1%8b%d0%b5-%d0%bc%d0%b5%d1%81%d1%82%d0%b0-%d1%83-%d0%bc%d0%be%d1%80%d1%8f\/\">\r\n\t<img loading=\"lazy\" decoding=\"async\" width=\"2048\" height=\"1152\" src=\"https:\/\/mikelbaka.lv\/wp-content\/uploads\/2025\/05\/WhatsApp-Image-2025-05-07-at-12.47.52_7fde7b75.jpg\" class=\"attachment-post-thumbnail size-post-thumbnail wp-post-image\" alt=\"\" srcset=\"https:\/\/mikelbaka.lv\/wp-content\/uploads\/2025\/05\/WhatsApp-Image-2025-05-07-at-12.47.52_7fde7b75.jpg 2048w, https:\/\/mikelbaka.lv\/wp-content\/uploads\/2025\/05\/WhatsApp-Image-2025-05-07-at-12.47.52_7fde7b75-300x169.jpg 300w, https:\/\/mikelbaka.lv\/wp-content\/uploads\/2025\/05\/WhatsApp-Image-2025-05-07-at-12.47.52_7fde7b75-1024x576.jpg 1024w, https:\/\/mikelbaka.lv\/wp-content\/uploads\/2025\/05\/WhatsApp-Image-2025-05-07-at-12.47.52_7fde7b75-768x432.jpg 768w, https:\/\/mikelbaka.lv\/wp-content\/uploads\/2025\/05\/WhatsApp-Image-2025-05-07-at-12.47.52_7fde7b75-1536x864.jpg 1536w, https:\/\/mikelbaka.lv\/wp-content\/uploads\/2025\/05\/WhatsApp-Image-2025-05-07-at-12.47.52_7fde7b75-1920x1080.jpg 1920w\" sizes=\"auto, (max-width: 2048px) 100vw, 2048px\" \/>\t<\/a>\r\n\r\n\r\n\r\n<a class=\"mphb-room-type-title\" href=\"https:\/\/mikelbaka.lv\/ru\/\u043f\u043e\u043c\u0435\u0449\u0435\u043d\u0438\u0435\/%d0%bf%d0%b0%d0%bb%d0%b0%d1%82%d0%be%d1%87%d0%bd%d1%8b%d0%b5-%d0%bc%d0%b5%d1%81%d1%82%d0%b0-%d1%83-%d0%bc%d0%be%d1%80%d1%8f\/\">\u041f\u0430\u043b\u0430\u0442\u043e\u0447\u043d\u044b\u0435 \u043c\u0435\u0441\u0442\u0430 \u0443 \u043c\u043e\u0440\u044f<\/a>\r\n\r\n<p class=\"mphb-view-details-button-wrapper\">\r\n<a class=\"button mphb-view-details-button\" href=\"https:\/\/mikelbaka.lv\/ru\/\u043f\u043e\u043c\u0435\u0449\u0435\u043d\u0438\u0435\/%d0%bf%d0%b0%d0%bb%d0%b0%d1%82%d0%be%d1%87%d0%bd%d1%8b%d0%b5-%d0%bc%d0%b5%d1%81%d1%82%d0%b0-%d1%83-%d0%bc%d0%be%d1%80%d1%8f\/\" >\u041f\u043e\u0441\u043c\u043e\u0442\u0440\u0435\u0442\u044c \u0434\u0435\u0442\u0430\u043b\u0438<\/a>\r\n<\/p>\r\n\t\r\n<\/div>\r\n\r\n<div class=\"mphb-room-type post-835 mphb_room_type type-mphb_room_type status-publish has-post-thumbnail mphb_room_type_category-k- mphb_room_type_facility-wi-fi-ru mphb_room_type_facility-276 mphb_room_type_facility-282 mphb-room-type-adults-4 mphb-room-type-children-0  sm-block-3 block-4 accomodation-grid__item\">\r\n\r\n\t\r\n\t\r\n\r\n\t<a href=\"https:\/\/mikelbaka.lv\/ru\/\u043f\u043e\u043c\u0435\u0449\u0435\u043d\u0438\u0435\/4-%d0%bc%d0%b5%d1%81%d1%82%d0%bd%d1%8b%d0%b9-%d0%ba%d0%b5%d0%bc%d0%bf%d0%b8%d0%bd%d0%b3%d0%be%d0%b2%d1%8b%d0%b9-%d0%b4%d0%be%d0%bc\/\">\r\n\t<img loading=\"lazy\" decoding=\"async\" width=\"2560\" height=\"1440\" src=\"https:\/\/mikelbaka.lv\/wp-content\/uploads\/2020\/03\/4-vietigas-kempinga-majinas-scaled.jpg\" class=\"attachment-post-thumbnail size-post-thumbnail wp-post-image\" alt=\"\" srcset=\"https:\/\/mikelbaka.lv\/wp-content\/uploads\/2020\/03\/4-vietigas-kempinga-majinas-scaled.jpg 2560w, https:\/\/mikelbaka.lv\/wp-content\/uploads\/2020\/03\/4-vietigas-kempinga-majinas-300x169.jpg 300w, https:\/\/mikelbaka.lv\/wp-content\/uploads\/2020\/03\/4-vietigas-kempinga-majinas-1024x576.jpg 1024w, https:\/\/mikelbaka.lv\/wp-content\/uploads\/2020\/03\/4-vietigas-kempinga-majinas-768x432.jpg 768w, https:\/\/mikelbaka.lv\/wp-content\/uploads\/2020\/03\/4-vietigas-kempinga-majinas-1536x864.jpg 1536w, https:\/\/mikelbaka.lv\/wp-content\/uploads\/2020\/03\/4-vietigas-kempinga-majinas-2048x1152.jpg 2048w, https:\/\/mikelbaka.lv\/wp-content\/uploads\/2020\/03\/4-vietigas-kempinga-majinas-1920x1080.jpg 1920w\" sizes=\"auto, (max-width: 2560px) 100vw, 2560px\" \/>\t<\/a>\r\n\r\n\r\n\r\n<a class=\"mphb-room-type-title\" href=\"https:\/\/mikelbaka.lv\/ru\/\u043f\u043e\u043c\u0435\u0449\u0435\u043d\u0438\u0435\/4-%d0%bc%d0%b5%d1%81%d1%82%d0%bd%d1%8b%d0%b9-%d0%ba%d0%b5%d0%bc%d0%bf%d0%b8%d0%bd%d0%b3%d0%be%d0%b2%d1%8b%d0%b9-%d0%b4%d0%be%d0%bc\/\">\u0414\u043e\u043c\u0438\u043a \u0443 \u043c\u043e\u0440\u044f &#8212; \u0434\u043e 4 \u0447\u0435\u043b\u043e\u0432\u0435\u043a<\/a>\r\n\r\n<p class=\"mphb-view-details-button-wrapper\">\r\n<a class=\"button mphb-view-details-button\" href=\"https:\/\/mikelbaka.lv\/ru\/\u043f\u043e\u043c\u0435\u0449\u0435\u043d\u0438\u0435\/4-%d0%bc%d0%b5%d1%81%d1%82%d0%bd%d1%8b%d0%b9-%d0%ba%d0%b5%d0%bc%d0%bf%d0%b8%d0%bd%d0%b3%d0%be%d0%b2%d1%8b%d0%b9-%d0%b4%d0%be%d0%bc\/\" >\u041f\u043e\u0441\u043c\u043e\u0442\u0440\u0435\u0442\u044c \u0434\u0435\u0442\u0430\u043b\u0438<\/a>\r\n<\/p>\r\n\t\r\n<\/div>\r\n\r\n<div class=\"mphb-room-type post-837 mphb_room_type type-mphb_room_type status-publish has-post-thumbnail mphb_room_type_category-k- mphb_room_type_facility-343 mphb_room_type_facility-252 mphb_room_type_facility-300 mphb_room_type_facility-276 mphb_room_type_facility-288 mphb_room_type_facility-306 mphb_room_type_facility-282 mphb_room_type_facility-355 mphb-room-type-adults-6 mphb-room-type-children-0  sm-block-3 block-4 accomodation-grid__item\">\r\n\r\n\t\r\n\t\r\n\r\n\t<a href=\"https:\/\/mikelbaka.lv\/ru\/\u043f\u043e\u043c\u0435\u0449\u0435\u043d\u0438\u0435\/%d0%b4%d0%be%d0%bc%d0%b8%d0%ba%d0%b8-%d0%bd%d0%b0-weekend-6-%d0%bb%d0%b8%d1%86\/\">\r\n\t<img loading=\"lazy\" decoding=\"async\" width=\"2560\" height=\"1920\" src=\"https:\/\/mikelbaka.lv\/wp-content\/uploads\/2020\/03\/brivdienu-majas-2-scaled.jpg\" class=\"attachment-post-thumbnail size-post-thumbnail wp-post-image\" alt=\"\" srcset=\"https:\/\/mikelbaka.lv\/wp-content\/uploads\/2020\/03\/brivdienu-majas-2-scaled.jpg 2560w, https:\/\/mikelbaka.lv\/wp-content\/uploads\/2020\/03\/brivdienu-majas-2-300x225.jpg 300w, https:\/\/mikelbaka.lv\/wp-content\/uploads\/2020\/03\/brivdienu-majas-2-1024x768.jpg 1024w, https:\/\/mikelbaka.lv\/wp-content\/uploads\/2020\/03\/brivdienu-majas-2-768x576.jpg 768w, https:\/\/mikelbaka.lv\/wp-content\/uploads\/2020\/03\/brivdienu-majas-2-1536x1152.jpg 1536w, https:\/\/mikelbaka.lv\/wp-content\/uploads\/2020\/03\/brivdienu-majas-2-2048x1536.jpg 2048w, https:\/\/mikelbaka.lv\/wp-content\/uploads\/2020\/03\/brivdienu-majas-2-1440x1080.jpg 1440w\" sizes=\"auto, (max-width: 2560px) 100vw, 2560px\" \/>\t<\/a>\r\n\r\n\r\n\r\n<a class=\"mphb-room-type-title\" href=\"https:\/\/mikelbaka.lv\/ru\/\u043f\u043e\u043c\u0435\u0449\u0435\u043d\u0438\u0435\/%d0%b4%d0%be%d0%bc%d0%b8%d0%ba%d0%b8-%d0%bd%d0%b0-weekend-6-%d0%bb%d0%b8%d1%86\/\">\u0414\u043e\u043c \u0443 \u043c\u043e\u0440\u044f &#8212; \u0434\u043e 6 \u0447\u0435\u043b\u043e\u0432\u0435\u043a<\/a>\r\n\r\n<p class=\"mphb-view-details-button-wrapper\">\r\n<a class=\"button mphb-view-details-button\" href=\"https:\/\/mikelbaka.lv\/ru\/\u043f\u043e\u043c\u0435\u0449\u0435\u043d\u0438\u0435\/%d0%b4%d0%be%d0%bc%d0%b8%d0%ba%d0%b8-%d0%bd%d0%b0-weekend-6-%d0%bb%d0%b8%d1%86\/\" >\u041f\u043e\u0441\u043c\u043e\u0442\u0440\u0435\u0442\u044c \u0434\u0435\u0442\u0430\u043b\u0438<\/a>\r\n<\/p>\r\n\t\r\n<\/div>\r\n\r\n<div class=\"mphb-room-type post-839 mphb_room_type type-mphb_room_type status-publish has-post-thumbnail mphb_room_type_category-k- mphb_room_type_facility-wi-fi-ru mphb_room_type_facility-343 mphb_room_type_facility-252 mphb_room_type_facility-300 mphb_room_type_facility-276 mphb_room_type_facility-288 mphb_room_type_facility-306 mphb_room_type_facility-282 mphb_room_type_facility-355 mphb-room-type-adults-5 mphb-room-type-children-0  sm-block-3 block-4 accomodation-grid__item\">\r\n\r\n\t\r\n\t\r\n\r\n\t<a href=\"https:\/\/mikelbaka.lv\/ru\/\u043f\u043e\u043c\u0435\u0449\u0435\u043d\u0438\u0435\/%d0%b4%d0%be%d0%bc%d0%b8%d0%ba%d0%b8-%d0%bd%d0%b0-weekend-5-%d0%bb%d0%b8%d1%86\/\">\r\n\t<img loading=\"lazy\" decoding=\"async\" width=\"2560\" height=\"1920\" src=\"https:\/\/mikelbaka.lv\/wp-content\/uploads\/2020\/03\/brivdienu-majas-2-scaled.jpg\" class=\"attachment-post-thumbnail size-post-thumbnail wp-post-image\" alt=\"\" srcset=\"https:\/\/mikelbaka.lv\/wp-content\/uploads\/2020\/03\/brivdienu-majas-2-scaled.jpg 2560w, https:\/\/mikelbaka.lv\/wp-content\/uploads\/2020\/03\/brivdienu-majas-2-300x225.jpg 300w, https:\/\/mikelbaka.lv\/wp-content\/uploads\/2020\/03\/brivdienu-majas-2-1024x768.jpg 1024w, https:\/\/mikelbaka.lv\/wp-content\/uploads\/2020\/03\/brivdienu-majas-2-768x576.jpg 768w, https:\/\/mikelbaka.lv\/wp-content\/uploads\/2020\/03\/brivdienu-majas-2-1536x1152.jpg 1536w, https:\/\/mikelbaka.lv\/wp-content\/uploads\/2020\/03\/brivdienu-majas-2-2048x1536.jpg 2048w, https:\/\/mikelbaka.lv\/wp-content\/uploads\/2020\/03\/brivdienu-majas-2-1440x1080.jpg 1440w\" sizes=\"auto, (max-width: 2560px) 100vw, 2560px\" \/>\t<\/a>\r\n\r\n\r\n\r\n<a class=\"mphb-room-type-title\" href=\"https:\/\/mikelbaka.lv\/ru\/\u043f\u043e\u043c\u0435\u0449\u0435\u043d\u0438\u0435\/%d0%b4%d0%be%d0%bc%d0%b8%d0%ba%d0%b8-%d0%bd%d0%b0-weekend-5-%d0%bb%d0%b8%d1%86\/\">\u0414\u043e\u043c \u0443 \u043c\u043e\u0440\u044f &#8212; \u0434\u043e 5 \u0447\u0435\u043b\u043e\u0432\u0435\u043a<\/a>\r\n\r\n<p class=\"mphb-view-details-button-wrapper\">\r\n<a class=\"button mphb-view-details-button\" href=\"https:\/\/mikelbaka.lv\/ru\/\u043f\u043e\u043c\u0435\u0449\u0435\u043d\u0438\u0435\/%d0%b4%d0%be%d0%bc%d0%b8%d0%ba%d0%b8-%d0%bd%d0%b0-weekend-5-%d0%bb%d0%b8%d1%86\/\" >\u041f\u043e\u0441\u043c\u043e\u0442\u0440\u0435\u0442\u044c \u0434\u0435\u0442\u0430\u043b\u0438<\/a>\r\n<\/p>\r\n\t\r\n<\/div>\r\n\r\n<div class=\"mphb-room-type post-841 mphb_room_type type-mphb_room_type status-publish has-post-thumbnail mphb_room_type_category-k- mphb_room_type_facility-wi-fi-ru mphb_room_type_facility-343 mphb_room_type_facility-252 mphb_room_type_facility-300 mphb_room_type_facility-276 mphb_room_type_facility-288 mphb_room_type_facility-306 mphb_room_type_facility-282 mphb_room_type_facility-355 mphb-room-type-adults-4 mphb-room-type-children-0  sm-block-3 block-4 accomodation-grid__item\">\r\n\r\n\t\r\n\t\r\n\r\n\t<a href=\"https:\/\/mikelbaka.lv\/ru\/\u043f\u043e\u043c\u0435\u0449\u0435\u043d\u0438\u0435\/%d0%b4%d0%be%d0%bc%d0%b8%d0%ba%d0%b8-%d0%bd%d0%b0-weekend-4-%d0%bb%d0%b8%d1%86\/\">\r\n\t<img loading=\"lazy\" decoding=\"async\" width=\"2560\" height=\"1920\" src=\"https:\/\/mikelbaka.lv\/wp-content\/uploads\/2020\/03\/brivdienu-majas-2-scaled.jpg\" class=\"attachment-post-thumbnail size-post-thumbnail wp-post-image\" alt=\"\" srcset=\"https:\/\/mikelbaka.lv\/wp-content\/uploads\/2020\/03\/brivdienu-majas-2-scaled.jpg 2560w, https:\/\/mikelbaka.lv\/wp-content\/uploads\/2020\/03\/brivdienu-majas-2-300x225.jpg 300w, https:\/\/mikelbaka.lv\/wp-content\/uploads\/2020\/03\/brivdienu-majas-2-1024x768.jpg 1024w, https:\/\/mikelbaka.lv\/wp-content\/uploads\/2020\/03\/brivdienu-majas-2-768x576.jpg 768w, https:\/\/mikelbaka.lv\/wp-content\/uploads\/2020\/03\/brivdienu-majas-2-1536x1152.jpg 1536w, https:\/\/mikelbaka.lv\/wp-content\/uploads\/2020\/03\/brivdienu-majas-2-2048x1536.jpg 2048w, https:\/\/mikelbaka.lv\/wp-content\/uploads\/2020\/03\/brivdienu-majas-2-1440x1080.jpg 1440w\" sizes=\"auto, (max-width: 2560px) 100vw, 2560px\" \/>\t<\/a>\r\n\r\n\r\n\r\n<a class=\"mphb-room-type-title\" href=\"https:\/\/mikelbaka.lv\/ru\/\u043f\u043e\u043c\u0435\u0449\u0435\u043d\u0438\u0435\/%d0%b4%d0%be%d0%bc%d0%b8%d0%ba%d0%b8-%d0%bd%d0%b0-weekend-4-%d0%bb%d0%b8%d1%86\/\">\u0414\u043e\u043c \u0443 \u043c\u043e\u0440\u044f &#8212; \u0434\u043e 4 \u0447\u0435\u043b\u043e\u0432\u0435\u043a<\/a>\r\n\r\n<p class=\"mphb-view-details-button-wrapper\">\r\n<a class=\"button mphb-view-details-button\" href=\"https:\/\/mikelbaka.lv\/ru\/\u043f\u043e\u043c\u0435\u0449\u0435\u043d\u0438\u0435\/%d0%b4%d0%be%d0%bc%d0%b8%d0%ba%d0%b8-%d0%bd%d0%b0-weekend-4-%d0%bb%d0%b8%d1%86\/\" >\u041f\u043e\u0441\u043c\u043e\u0442\u0440\u0435\u0442\u044c \u0434\u0435\u0442\u0430\u043b\u0438<\/a>\r\n<\/p>\r\n\t\r\n<\/div>\r\n\r\n<div class=\"mphb-room-type post-3388 mphb_room_type type-mphb_room_type status-publish mphb_room_type_category-216 mphb_room_type_facility-air-mattresses-ru mphb_room_type_facility-camping-chairs-ru mphb_room_type_facility-camping-table-ru mphb_room_type_facility-276 mphb_room_type_facility-264 mphb-room-type-adults-5 mphb-room-type-children-0  sm-block-3 block-4 accomodation-grid__item\">\r\n\r\n\t\r\n\t\r\n\r\n<a class=\"mphb-room-type-title\" href=\"https:\/\/mikelbaka.lv\/ru\/\u043f\u043e\u043c\u0435\u0449\u0435\u043d\u0438\u0435\/furnished-tent-for-5\/\">Furnished tent for 5<\/a>\r\n\r\n<p class=\"mphb-view-details-button-wrapper\">\r\n<a class=\"button mphb-view-details-button\" href=\"https:\/\/mikelbaka.lv\/ru\/\u043f\u043e\u043c\u0435\u0449\u0435\u043d\u0438\u0435\/furnished-tent-for-5\/\" >\u041f\u043e\u0441\u043c\u043e\u0442\u0440\u0435\u0442\u044c \u0434\u0435\u0442\u0430\u043b\u0438<\/a>\r\n<\/p>\r\n\t\r\n<\/div>\r\n<\/div>\n","protected":false},"excerpt":{"rendered":"<p> <a href=\"https:\/\/mikelbaka.lv\/ru\/\u043f\u043e\u043c\u0435\u0449\u0435\u043d\u0438\u0435\/furnished-tent-for-5\/\" class=\"bold-link\">Uzzin\u0101t vair\u0101k<\/a><\/p>\n","protected":false},"author":1,"featured_media":0,"parent":0,"menu_order":0,"comment_status":"closed","ping_status":"closed","template":"templates\/page-full.tpl.php","meta":{"_acf_changed":false,"footnotes":""},"class_list":["post-778","page","type-page","status-publish","hentry"],"acf":[],"yoast_head":"<!-- This site is optimized with the Yoast SEO plugin v26.1.1 - https:\/\/yoast.com\/wordpress\/plugins\/seo\/ -->\n<title>\u0423\u0441\u043b\u0443\u0433\u0438 - Kempings Mi\u0137e\u013cb\u0101ka<\/title>\n<meta name=\"robots\" content=\"index, follow, max-snippet:-1, max-image-preview:large, max-video-preview:-1\" \/>\n<link rel=\"canonical\" href=\"https:\/\/mikelbaka.lv\/pakalpojumi\/\" \/>\n<meta property=\"og:locale\" content=\"ru_RU\" \/>\n<meta property=\"og:type\" content=\"article\" \/>\n<meta property=\"og:title\" content=\"\u0423\u0441\u043b\u0443\u0433\u0438 - Kempings Mi\u0137e\u013cb\u0101ka\" \/>\n<meta property=\"og:description\" content=\"Uzzin\u0101t vair\u0101k\" \/>\n<meta property=\"og:url\" content=\"https:\/\/mikelbaka.lv\/pakalpojumi\/\" \/>\n<meta property=\"og:site_name\" content=\"Kempings Mi\u0137e\u013cb\u0101ka\" \/>\n<meta name=\"twitter:card\" content=\"summary_large_image\" \/>\n<script type=\"application\/ld+json\" class=\"yoast-schema-graph\">{\"@context\":\"https:\/\/schema.org\",\"@graph\":[{\"@type\":\"WebPage\",\"@id\":\"https:\/\/mikelbaka.lv\/pakalpojumi\/\",\"url\":\"https:\/\/mikelbaka.lv\/pakalpojumi\/\",\"name\":\"\u0423\u0441\u043b\u0443\u0433\u0438 - Kempings Mi\u0137e\u013cb\u0101ka\",\"isPartOf\":{\"@id\":\"https:\/\/mikelbaka.lv\/#website\"},\"datePublished\":\"2020-03-17T09:41:31+00:00\",\"breadcrumb\":{\"@id\":\"https:\/\/mikelbaka.lv\/pakalpojumi\/#breadcrumb\"},\"inLanguage\":\"ru-RU\",\"potentialAction\":[{\"@type\":\"ReadAction\",\"target\":[\"https:\/\/mikelbaka.lv\/pakalpojumi\/\"]}]},{\"@type\":\"BreadcrumbList\",\"@id\":\"https:\/\/mikelbaka.lv\/pakalpojumi\/#breadcrumb\",\"itemListElement\":[{\"@type\":\"ListItem\",\"position\":1,\"name\":\"Home\",\"item\":\"https:\/\/mikelbaka.lv\/ru\/\"},{\"@type\":\"ListItem\",\"position\":2,\"name\":\"\u0423\u0441\u043b\u0443\u0433\u0438\"}]},{\"@type\":\"WebSite\",\"@id\":\"https:\/\/mikelbaka.lv\/#website\",\"url\":\"https:\/\/mikelbaka.lv\/\",\"name\":\"Kempings Mi\u0137e\u013cb\u0101ka\",\"description\":\"Br\u012bvdienas pie j\u016bras\",\"publisher\":{\"@id\":\"https:\/\/mikelbaka.lv\/#organization\"},\"potentialAction\":[{\"@type\":\"SearchAction\",\"target\":{\"@type\":\"EntryPoint\",\"urlTemplate\":\"https:\/\/mikelbaka.lv\/?s={search_term_string}\"},\"query-input\":{\"@type\":\"PropertyValueSpecification\",\"valueRequired\":true,\"valueName\":\"search_term_string\"}}],\"inLanguage\":\"ru-RU\"},{\"@type\":\"Organization\",\"@id\":\"https:\/\/mikelbaka.lv\/#organization\",\"name\":\"Kempings \u201cMi\u0137e\u013cb\u0101ka\u201d\",\"url\":\"https:\/\/mikelbaka.lv\/\",\"logo\":{\"@type\":\"ImageObject\",\"inLanguage\":\"ru-RU\",\"@id\":\"https:\/\/mikelbaka.lv\/#\/schema\/logo\/image\/\",\"url\":\"https:\/\/mikelbaka.lv\/wp-content\/uploads\/2020\/04\/screenshot.png\",\"contentUrl\":\"https:\/\/mikelbaka.lv\/wp-content\/uploads\/2020\/04\/screenshot.png\",\"width\":1200,\"height\":900,\"caption\":\"Kempings \u201cMi\u0137e\u013cb\u0101ka\u201d\"},\"image\":{\"@id\":\"https:\/\/mikelbaka.lv\/#\/schema\/logo\/image\/\"}}]}<\/script>\n<!-- \/ Yoast SEO plugin. -->","yoast_head_json":{"title":"\u0423\u0441\u043b\u0443\u0433\u0438 - Kempings Mi\u0137e\u013cb\u0101ka","robots":{"index":"index","follow":"follow","max-snippet":"max-snippet:-1","max-image-preview":"max-image-preview:large","max-video-preview":"max-video-preview:-1"},"canonical":"https:\/\/mikelbaka.lv\/pakalpojumi\/","og_locale":"ru_RU","og_type":"article","og_title":"\u0423\u0441\u043b\u0443\u0433\u0438 - Kempings Mi\u0137e\u013cb\u0101ka","og_description":"Uzzin\u0101t vair\u0101k","og_url":"https:\/\/mikelbaka.lv\/pakalpojumi\/","og_site_name":"Kempings Mi\u0137e\u013cb\u0101ka","twitter_card":"summary_large_image","schema":{"@context":"https:\/\/schema.org","@graph":[{"@type":"WebPage","@id":"https:\/\/mikelbaka.lv\/pakalpojumi\/","url":"https:\/\/mikelbaka.lv\/pakalpojumi\/","name":"\u0423\u0441\u043b\u0443\u0433\u0438 - Kempings Mi\u0137e\u013cb\u0101ka","isPartOf":{"@id":"https:\/\/mikelbaka.lv\/#website"},"datePublished":"2020-03-17T09:41:31+00:00","breadcrumb":{"@id":"https:\/\/mikelbaka.lv\/pakalpojumi\/#breadcrumb"},"inLanguage":"ru-RU","potentialAction":[{"@type":"ReadAction","target":["https:\/\/mikelbaka.lv\/pakalpojumi\/"]}]},{"@type":"BreadcrumbList","@id":"https:\/\/mikelbaka.lv\/pakalpojumi\/#breadcrumb","itemListElement":[{"@type":"ListItem","position":1,"name":"Home","item":"https:\/\/mikelbaka.lv\/ru\/"},{"@type":"ListItem","position":2,"name":"\u0423\u0441\u043b\u0443\u0433\u0438"}]},{"@type":"WebSite","@id":"https:\/\/mikelbaka.lv\/#website","url":"https:\/\/mikelbaka.lv\/","name":"Kempings Mi\u0137e\u013cb\u0101ka","description":"Br\u012bvdienas pie j\u016bras","publisher":{"@id":"https:\/\/mikelbaka.lv\/#organization"},"potentialAction":[{"@type":"SearchAction","target":{"@type":"EntryPoint","urlTemplate":"https:\/\/mikelbaka.lv\/?s={search_term_string}"},"query-input":{"@type":"PropertyValueSpecification","valueRequired":true,"valueName":"search_term_string"}}],"inLanguage":"ru-RU"},{"@type":"Organization","@id":"https:\/\/mikelbaka.lv\/#organization","name":"Kempings \u201cMi\u0137e\u013cb\u0101ka\u201d","url":"https:\/\/mikelbaka.lv\/","logo":{"@type":"ImageObject","inLanguage":"ru-RU","@id":"https:\/\/mikelbaka.lv\/#\/schema\/logo\/image\/","url":"https:\/\/mikelbaka.lv\/wp-content\/uploads\/2020\/04\/screenshot.png","contentUrl":"https:\/\/mikelbaka.lv\/wp-content\/uploads\/2020\/04\/screenshot.png","width":1200,"height":900,"caption":"Kempings \u201cMi\u0137e\u013cb\u0101ka\u201d"},"image":{"@id":"https:\/\/mikelbaka.lv\/#\/schema\/logo\/image\/"}}]}},"_links":{"self":[{"href":"https:\/\/mikelbaka.lv\/ru\/wp-json\/wp\/v2\/pages\/778","targetHints":{"allow":["GET"]}}],"collection":[{"href":"https:\/\/mikelbaka.lv\/ru\/wp-json\/wp\/v2\/pages"}],"about":[{"href":"https:\/\/mikelbaka.lv\/ru\/wp-json\/wp\/v2\/types\/page"}],"author":[{"embeddable":true,"href":"https:\/\/mikelbaka.lv\/ru\/wp-json\/wp\/v2\/users\/1"}],"replies":[{"embeddable":true,"href":"https:\/\/mikelbaka.lv\/ru\/wp-json\/wp\/v2\/comments?post=778"}],"version-history":[{"count":1,"href":"https:\/\/mikelbaka.lv\/ru\/wp-json\/wp\/v2\/pages\/778\/revisions"}],"predecessor-version":[{"id":779,"href":"https:\/\/mikelbaka.lv\/ru\/wp-json\/wp\/v2\/pages\/778\/revisions\/779"}],"wp:attachment":[{"href":"https:\/\/mikelbaka.lv\/ru\/wp-json\/wp\/v2\/media?parent=778"}],"curies":[{"name":"wp","href":"https:\/\/api.w.org\/{rel}","templated":true}]}}