{"id":884,"date":"2020-03-17T16:35:23","date_gmt":"2020-03-17T14:35:23","guid":{"rendered":"http:\/\/mikelbaka.lv\/?page_id=884"},"modified":"2020-03-17T16:35:23","modified_gmt":"2020-03-17T14:35:23","slug":"%d1%82%d1%80%d0%b0%d0%bd%d0%b7%d0%b0%d0%ba%d1%86%d0%b8%d1%8f-%d0%bd%d0%b5-%d1%83%d0%b4%d0%b0%d0%bb%d0%b0%d1%81%d1%8c","status":"publish","type":"page","link":"https:\/\/mikelbaka.lv\/ru\/podtverzdenie-bronirovanija\/%d1%82%d1%80%d0%b0%d0%bd%d0%b7%d0%b0%d0%ba%d1%86%d0%b8%d1%8f-%d0%bd%d0%b5-%d1%83%d0%b4%d0%b0%d0%bb%d0%b0%d1%81%d1%8c\/","title":{"rendered":"\u0422\u0440\u0430\u043d\u0437\u0430\u043a\u0446\u0438\u044f \u043d\u0435 \u0443\u0434\u0430\u043b\u0430\u0441\u044c"},"content":{"rendered":"<p>\u041a \u0441\u043e\u0436\u0430\u043b\u0435\u043d\u0438\u044e, \u0432\u0430\u0448\u0430 \u0442\u0440\u0430\u043d\u0437\u0430\u043a\u0446\u0438\u044f \u043d\u0435 \u043c\u043e\u0436\u0435\u0442 \u0431\u044b\u0442\u044c \u0437\u0430\u0432\u0435\u0440\u0448\u0435\u043d\u0430 \u0432 \u043d\u0430\u0441\u0442\u043e\u044f\u0449\u0435\u0435 \u0432\u0440\u0435\u043c\u044f. \u041f\u043e\u0436\u0430\u043b\u0443\u0439\u0441\u0442\u0430, \u043f\u043e\u043f\u0440\u043e\u0431\u0443\u0439\u0442\u0435 \u0435\u0449\u0435 \u0440\u0430\u0437 \u0438\u043b\u0438 \u0441\u0432\u044f\u0436\u0438\u0442\u0435\u0441\u044c \u0441 \u043d\u0430\u043c\u0438.<\/p>\n","protected":false},"excerpt":{"rendered":"<p>\u041a \u0441\u043e\u0436\u0430\u043b\u0435\u043d\u0438\u044e, \u0432\u0430\u0448\u0430 \u0442\u0440\u0430\u043d\u0437\u0430\u043a\u0446\u0438\u044f \u043d\u0435 \u043c\u043e\u0436\u0435\u0442 \u0431\u044b\u0442\u044c \u0437\u0430\u0432\u0435\u0440\u0448\u0435\u043d\u0430 \u0432 \u043d\u0430\u0441\u0442\u043e\u044f\u0449\u0435\u0435 \u0432\u0440\u0435\u043c\u044f. \u041f\u043e\u0436\u0430\u043b\u0443\u0439\u0441\u0442\u0430, \u043f\u043e\u043f\u0440\u043e\u0431\u0443\u0439\u0442\u0435 \u0435\u0449\u0435 \u0440\u0430\u0437 \u0438\u043b\u0438 \u0441\u0432\u044f\u0436\u0438\u0442\u0435\u0441\u044c \u0441 \u043d\u0430\u043c\u0438. <a href=\"https:\/\/mikelbaka.lv\/ru\/podtverzdenie-bronirovanija\/%d1%82%d1%80%d0%b0%d0%bd%d0%b7%d0%b0%d0%ba%d1%86%d0%b8%d1%8f-%d0%bd%d0%b5-%d1%83%d0%b4%d0%b0%d0%bb%d0%b0%d1%81%d1%8c\/\" class=\"bold-link\">Uzzin\u0101t vair\u0101k<\/a><\/p>\n","protected":false},"author":1,"featured_media":0,"parent":878,"menu_order":0,"comment_status":"closed","ping_status":"closed","template":"","meta":{"_acf_changed":false,"footnotes":""},"class_list":["post-884","page","type-page","status-publish","hentry"],"acf":[],"yoast_head":"<!-- This site is optimized with the Yoast SEO plugin v26.1.1 - https:\/\/yoast.com\/wordpress\/plugins\/seo\/ -->\n<title>\u0422\u0440\u0430\u043d\u0437\u0430\u043a\u0446\u0438\u044f \u043d\u0435 \u0443\u0434\u0430\u043b\u0430\u0441\u044c - Kempings Mi\u0137e\u013cb\u0101ka<\/title>\n<meta name=\"robots\" content=\"index, follow, max-snippet:-1, max-image-preview:large, max-video-preview:-1\" \/>\n<link rel=\"canonical\" href=\"https:\/\/mikelbaka.lv\/rezervacijas-apstiprinajums\/transakcija-nav-izdevusies\/\" \/>\n<meta property=\"og:locale\" content=\"ru_RU\" \/>\n<meta property=\"og:type\" content=\"article\" \/>\n<meta property=\"og:title\" content=\"\u0422\u0440\u0430\u043d\u0437\u0430\u043a\u0446\u0438\u044f \u043d\u0435 \u0443\u0434\u0430\u043b\u0430\u0441\u044c - Kempings Mi\u0137e\u013cb\u0101ka\" \/>\n<meta property=\"og:description\" content=\"\u041a \u0441\u043e\u0436\u0430\u043b\u0435\u043d\u0438\u044e, \u0432\u0430\u0448\u0430 \u0442\u0440\u0430\u043d\u0437\u0430\u043a\u0446\u0438\u044f \u043d\u0435 \u043c\u043e\u0436\u0435\u0442 \u0431\u044b\u0442\u044c \u0437\u0430\u0432\u0435\u0440\u0448\u0435\u043d\u0430 \u0432 \u043d\u0430\u0441\u0442\u043e\u044f\u0449\u0435\u0435 \u0432\u0440\u0435\u043c\u044f. \u041f\u043e\u0436\u0430\u043b\u0443\u0439\u0441\u0442\u0430, \u043f\u043e\u043f\u0440\u043e\u0431\u0443\u0439\u0442\u0435 \u0435\u0449\u0435 \u0440\u0430\u0437 \u0438\u043b\u0438 \u0441\u0432\u044f\u0436\u0438\u0442\u0435\u0441\u044c \u0441 \u043d\u0430\u043c\u0438. Uzzin\u0101t vair\u0101k\" \/>\n<meta property=\"og:url\" content=\"https:\/\/mikelbaka.lv\/rezervacijas-apstiprinajums\/transakcija-nav-izdevusies\/\" \/>\n<meta property=\"og:site_name\" content=\"Kempings Mi\u0137e\u013cb\u0101ka\" \/>\n<meta name=\"twitter:card\" content=\"summary_large_image\" \/>\n<script type=\"application\/ld+json\" class=\"yoast-schema-graph\">{\"@context\":\"https:\/\/schema.org\",\"@graph\":[{\"@type\":\"WebPage\",\"@id\":\"https:\/\/mikelbaka.lv\/rezervacijas-apstiprinajums\/transakcija-nav-izdevusies\/\",\"url\":\"https:\/\/mikelbaka.lv\/rezervacijas-apstiprinajums\/transakcija-nav-izdevusies\/\",\"name\":\"\u0422\u0440\u0430\u043d\u0437\u0430\u043a\u0446\u0438\u044f \u043d\u0435 \u0443\u0434\u0430\u043b\u0430\u0441\u044c - Kempings Mi\u0137e\u013cb\u0101ka\",\"isPartOf\":{\"@id\":\"https:\/\/mikelbaka.lv\/#website\"},\"datePublished\":\"2020-03-17T14:35:23+00:00\",\"breadcrumb\":{\"@id\":\"https:\/\/mikelbaka.lv\/rezervacijas-apstiprinajums\/transakcija-nav-izdevusies\/#breadcrumb\"},\"inLanguage\":\"ru-RU\",\"potentialAction\":[{\"@type\":\"ReadAction\",\"target\":[\"https:\/\/mikelbaka.lv\/rezervacijas-apstiprinajums\/transakcija-nav-izdevusies\/\"]}]},{\"@type\":\"BreadcrumbList\",\"@id\":\"https:\/\/mikelbaka.lv\/rezervacijas-apstiprinajums\/transakcija-nav-izdevusies\/#breadcrumb\",\"itemListElement\":[{\"@type\":\"ListItem\",\"position\":1,\"name\":\"Home\",\"item\":\"https:\/\/mikelbaka.lv\/ru\/\"},{\"@type\":\"ListItem\",\"position\":2,\"name\":\"\u041f\u043e\u0434\u0442\u0432\u0435\u0440\u0436\u0434\u0435\u043d\u0438\u0435 \u0431\u0440\u043e\u043d\u0438\u0440\u043e\u0432\u0430\u043d\u0438\u044f\",\"item\":\"https:\/\/mikelbaka.lv\/rezervacijas-apstiprinajums\/\"},{\"@type\":\"ListItem\",\"position\":3,\"name\":\"\u0422\u0440\u0430\u043d\u0437\u0430\u043a\u0446\u0438\u044f \u043d\u0435 \u0443\u0434\u0430\u043b\u0430\u0441\u044c\"}]},{\"@type\":\"WebSite\",\"@id\":\"https:\/\/mikelbaka.lv\/#website\",\"url\":\"https:\/\/mikelbaka.lv\/\",\"name\":\"Kempings Mi\u0137e\u013cb\u0101ka\",\"description\":\"Br\u012bvdienas pie j\u016bras\",\"publisher\":{\"@id\":\"https:\/\/mikelbaka.lv\/#organization\"},\"potentialAction\":[{\"@type\":\"SearchAction\",\"target\":{\"@type\":\"EntryPoint\",\"urlTemplate\":\"https:\/\/mikelbaka.lv\/?s={search_term_string}\"},\"query-input\":{\"@type\":\"PropertyValueSpecification\",\"valueRequired\":true,\"valueName\":\"search_term_string\"}}],\"inLanguage\":\"ru-RU\"},{\"@type\":\"Organization\",\"@id\":\"https:\/\/mikelbaka.lv\/#organization\",\"name\":\"Kempings \u201cMi\u0137e\u013cb\u0101ka\u201d\",\"url\":\"https:\/\/mikelbaka.lv\/\",\"logo\":{\"@type\":\"ImageObject\",\"inLanguage\":\"ru-RU\",\"@id\":\"https:\/\/mikelbaka.lv\/#\/schema\/logo\/image\/\",\"url\":\"https:\/\/mikelbaka.lv\/wp-content\/uploads\/2020\/04\/screenshot.png\",\"contentUrl\":\"https:\/\/mikelbaka.lv\/wp-content\/uploads\/2020\/04\/screenshot.png\",\"width\":1200,\"height\":900,\"caption\":\"Kempings \u201cMi\u0137e\u013cb\u0101ka\u201d\"},\"image\":{\"@id\":\"https:\/\/mikelbaka.lv\/#\/schema\/logo\/image\/\"}}]}<\/script>\n<!-- \/ Yoast SEO plugin. -->","yoast_head_json":{"title":"\u0422\u0440\u0430\u043d\u0437\u0430\u043a\u0446\u0438\u044f \u043d\u0435 \u0443\u0434\u0430\u043b\u0430\u0441\u044c - Kempings Mi\u0137e\u013cb\u0101ka","robots":{"index":"index","follow":"follow","max-snippet":"max-snippet:-1","max-image-preview":"max-image-preview:large","max-video-preview":"max-video-preview:-1"},"canonical":"https:\/\/mikelbaka.lv\/rezervacijas-apstiprinajums\/transakcija-nav-izdevusies\/","og_locale":"ru_RU","og_type":"article","og_title":"\u0422\u0440\u0430\u043d\u0437\u0430\u043a\u0446\u0438\u044f \u043d\u0435 \u0443\u0434\u0430\u043b\u0430\u0441\u044c - Kempings Mi\u0137e\u013cb\u0101ka","og_description":"\u041a \u0441\u043e\u0436\u0430\u043b\u0435\u043d\u0438\u044e, \u0432\u0430\u0448\u0430 \u0442\u0440\u0430\u043d\u0437\u0430\u043a\u0446\u0438\u044f \u043d\u0435 \u043c\u043e\u0436\u0435\u0442 \u0431\u044b\u0442\u044c \u0437\u0430\u0432\u0435\u0440\u0448\u0435\u043d\u0430 \u0432 \u043d\u0430\u0441\u0442\u043e\u044f\u0449\u0435\u0435 \u0432\u0440\u0435\u043c\u044f. \u041f\u043e\u0436\u0430\u043b\u0443\u0439\u0441\u0442\u0430, \u043f\u043e\u043f\u0440\u043e\u0431\u0443\u0439\u0442\u0435 \u0435\u0449\u0435 \u0440\u0430\u0437 \u0438\u043b\u0438 \u0441\u0432\u044f\u0436\u0438\u0442\u0435\u0441\u044c \u0441 \u043d\u0430\u043c\u0438. Uzzin\u0101t vair\u0101k","og_url":"https:\/\/mikelbaka.lv\/rezervacijas-apstiprinajums\/transakcija-nav-izdevusies\/","og_site_name":"Kempings Mi\u0137e\u013cb\u0101ka","twitter_card":"summary_large_image","schema":{"@context":"https:\/\/schema.org","@graph":[{"@type":"WebPage","@id":"https:\/\/mikelbaka.lv\/rezervacijas-apstiprinajums\/transakcija-nav-izdevusies\/","url":"https:\/\/mikelbaka.lv\/rezervacijas-apstiprinajums\/transakcija-nav-izdevusies\/","name":"\u0422\u0440\u0430\u043d\u0437\u0430\u043a\u0446\u0438\u044f \u043d\u0435 \u0443\u0434\u0430\u043b\u0430\u0441\u044c - Kempings Mi\u0137e\u013cb\u0101ka","isPartOf":{"@id":"https:\/\/mikelbaka.lv\/#website"},"datePublished":"2020-03-17T14:35:23+00:00","breadcrumb":{"@id":"https:\/\/mikelbaka.lv\/rezervacijas-apstiprinajums\/transakcija-nav-izdevusies\/#breadcrumb"},"inLanguage":"ru-RU","potentialAction":[{"@type":"ReadAction","target":["https:\/\/mikelbaka.lv\/rezervacijas-apstiprinajums\/transakcija-nav-izdevusies\/"]}]},{"@type":"BreadcrumbList","@id":"https:\/\/mikelbaka.lv\/rezervacijas-apstiprinajums\/transakcija-nav-izdevusies\/#breadcrumb","itemListElement":[{"@type":"ListItem","position":1,"name":"Home","item":"https:\/\/mikelbaka.lv\/ru\/"},{"@type":"ListItem","position":2,"name":"\u041f\u043e\u0434\u0442\u0432\u0435\u0440\u0436\u0434\u0435\u043d\u0438\u0435 \u0431\u0440\u043e\u043d\u0438\u0440\u043e\u0432\u0430\u043d\u0438\u044f","item":"https:\/\/mikelbaka.lv\/rezervacijas-apstiprinajums\/"},{"@type":"ListItem","position":3,"name":"\u0422\u0440\u0430\u043d\u0437\u0430\u043a\u0446\u0438\u044f \u043d\u0435 \u0443\u0434\u0430\u043b\u0430\u0441\u044c"}]},{"@type":"WebSite","@id":"https:\/\/mikelbaka.lv\/#website","url":"https:\/\/mikelbaka.lv\/","name":"Kempings Mi\u0137e\u013cb\u0101ka","description":"Br\u012bvdienas pie j\u016bras","publisher":{"@id":"https:\/\/mikelbaka.lv\/#organization"},"potentialAction":[{"@type":"SearchAction","target":{"@type":"EntryPoint","urlTemplate":"https:\/\/mikelbaka.lv\/?s={search_term_string}"},"query-input":{"@type":"PropertyValueSpecification","valueRequired":true,"valueName":"search_term_string"}}],"inLanguage":"ru-RU"},{"@type":"Organization","@id":"https:\/\/mikelbaka.lv\/#organization","name":"Kempings \u201cMi\u0137e\u013cb\u0101ka\u201d","url":"https:\/\/mikelbaka.lv\/","logo":{"@type":"ImageObject","inLanguage":"ru-RU","@id":"https:\/\/mikelbaka.lv\/#\/schema\/logo\/image\/","url":"https:\/\/mikelbaka.lv\/wp-content\/uploads\/2020\/04\/screenshot.png","contentUrl":"https:\/\/mikelbaka.lv\/wp-content\/uploads\/2020\/04\/screenshot.png","width":1200,"height":900,"caption":"Kempings \u201cMi\u0137e\u013cb\u0101ka\u201d"},"image":{"@id":"https:\/\/mikelbaka.lv\/#\/schema\/logo\/image\/"}}]}},"_links":{"self":[{"href":"https:\/\/mikelbaka.lv\/ru\/wp-json\/wp\/v2\/pages\/884","targetHints":{"allow":["GET"]}}],"collection":[{"href":"https:\/\/mikelbaka.lv\/ru\/wp-json\/wp\/v2\/pages"}],"about":[{"href":"https:\/\/mikelbaka.lv\/ru\/wp-json\/wp\/v2\/types\/page"}],"author":[{"embeddable":true,"href":"https:\/\/mikelbaka.lv\/ru\/wp-json\/wp\/v2\/users\/1"}],"replies":[{"embeddable":true,"href":"https:\/\/mikelbaka.lv\/ru\/wp-json\/wp\/v2\/comments?post=884"}],"version-history":[{"count":1,"href":"https:\/\/mikelbaka.lv\/ru\/wp-json\/wp\/v2\/pages\/884\/revisions"}],"predecessor-version":[{"id":885,"href":"https:\/\/mikelbaka.lv\/ru\/wp-json\/wp\/v2\/pages\/884\/revisions\/885"}],"up":[{"embeddable":true,"href":"https:\/\/mikelbaka.lv\/ru\/wp-json\/wp\/v2\/pages\/878"}],"wp:attachment":[{"href":"https:\/\/mikelbaka.lv\/ru\/wp-json\/wp\/v2\/media?parent=884"}],"curies":[{"name":"wp","href":"https:\/\/api.w.org\/{rel}","templated":true}]}}