{"id":904,"date":"2020-03-17T16:41:08","date_gmt":"2020-03-17T14:41:08","guid":{"rendered":"http:\/\/mikelbaka.lv\/?page_id=904"},"modified":"2020-03-17T16:41:08","modified_gmt":"2020-03-17T14:41:08","slug":"%d0%bf%d0%be%d0%b8%d1%81%d0%ba-%d0%b4%d0%be%d1%81%d1%82%d1%83%d0%bf%d0%bd%d0%be%d1%81%d1%82%d0%b8","status":"publish","type":"page","link":"https:\/\/mikelbaka.lv\/ru\/%d0%bf%d0%be%d0%b8%d1%81%d0%ba-%d0%b4%d0%be%d1%81%d1%82%d1%83%d0%bf%d0%bd%d0%be%d1%81%d1%82%d0%b8\/","title":{"rendered":"\u041f\u043e\u0438\u0441\u043a \u0434\u043e\u0441\u0442\u0443\u043f\u043d\u043e\u0441\u0442\u0438"},"content":{"rendered":"<div class=\"mphb_sc_search-wrapper \"><form method=\"GET\" class=\"mphb_sc_search-form\" action=\"https:\/\/mikelbaka.lv\/search-results\/\">\r\n\r\n\t<p class = \"mphb-required-fields-tip\">\n\t<small>\n\t\t\u041e\u0431\u044f\u0437\u0430\u0442\u0435\u043b\u044c\u043d\u044b\u0435 \u0434\u043b\u044f \u0437\u0430\u043f\u043e\u043b\u043d\u0435\u043d\u0438\u044f \u043f\u043e\u043b\u044f \u043e\u0431\u043e\u0437\u043d\u0430\u0447\u0435\u043d\u044b\t\t<abbr title=\"required\">*<\/abbr>\n\t<\/small>\n<\/p>\n\r\n\t<p class=\"mphb_sc_search-check-in-date\">\r\n\t\t<label for=\"mphb_check_in_date-mphb-search-form-69e365ebd5530\">\r\n\t\t\t\u0417\u0430\u0435\u0437\u0434\t\t\t<abbr title=\"\u0412 \u0444\u043e\u0440\u043c\u0430\u0442\u0435 dd\/mm\/yyyy\">*<\/abbr>\r\n\t\t<\/label>\r\n\t\t<br \/>\r\n\t\t<input\r\n\t\t\tid=\"mphb_check_in_date-mphb-search-form-69e365ebd5530\"\r\n\t\t\tdata-datepick-group=\"mphb-search-form-69e365ebd5530\"\r\n\t\t\tvalue=\"\"\r\n\t\t\tplaceholder=\"\u0414\u0430\u0442\u0430 \u0437\u0430\u0435\u0437\u0434\u0430\"\r\n\t\t\trequired=\"required\"\r\n\t\t\ttype=\"text\"\r\n\t\t\tname=\"mphb_check_in_date\"\r\n\t\t\tclass=\"mphb-datepick\"\r\n\t\t\tautocomplete=\"off\"\r\n\t\t\t\/>\r\n\t<\/p>\r\n\r\n\t<p class=\"mphb_sc_search-check-out-date\">\r\n\t\t<label for=\"mphb_check_out_date-mphb-search-form-69e365ebd5530\">\r\n\t\t\t\u041e\u0442\u044a\u0435\u0437\u0434\t\t\t<abbr title=\"\u0412 \u0444\u043e\u0440\u043c\u0430\u0442\u0435 dd\/mm\/yyyy\">*<\/abbr>\r\n\t\t<\/label>\r\n\t\t<br \/>\r\n\t\t<input\r\n\t\t\tid=\"mphb_check_out_date-mphb-search-form-69e365ebd5530\"\r\n\t\t\tdata-datepick-group=\"mphb-search-form-69e365ebd5530\"\r\n\t\t\tvalue=\"\"\r\n\t\t\tplaceholder=\"\u0414\u0430\u0442\u0430 \u043e\u0442\u044a\u0435\u0437\u0434\u0430\"\r\n\t\t\trequired=\"required\"\r\n\t\t\ttype=\"text\"\r\n\t\t\tname=\"mphb_check_out_date\"\r\n\t\t\tclass=\"mphb-datepick\"\r\n\t\t\tautocomplete=\"off\"\r\n\t\t\t\/>\r\n\t<\/p>\r\n\r\n\t\t\t<input type=\"hidden\" id=\"mphb_adults-mphb-search-form-69e365ebd5530\" name=\"mphb_adults\" value=\"1\" \/>\r\n\t\r\n\t\t\t<input type=\"hidden\" id=\"mphb_children-mphb-search-form-69e365ebd5530\" name=\"mphb_children\" value=\"0\" \/>\r\n\t\r\n\t\r\n\t\r\n\t<input id=\"mphb_check_in_date-mphb-search-form-69e365ebd5530-hidden\" value=\"\" type=\"hidden\" name=\"mphb_check_in_date\" \/><input id=\"mphb_check_out_date-mphb-search-form-69e365ebd5530-hidden\" value=\"\" type=\"hidden\" name=\"mphb_check_out_date\" \/>\r\n\t<p class=\"mphb_sc_search-submit-button-wrapper\">\r\n\t\t<input type=\"submit\" class=\"button\" value=\"\u041d\u0430\u0439\u0442\u0438\"\/>\r\n\t<\/p>\r\n\r\n\t\r\n<\/form><\/div>\n","protected":false},"excerpt":{"rendered":"<p> <a href=\"https:\/\/mikelbaka.lv\/ru\/%d0%bf%d0%be%d0%b8%d1%81%d0%ba-%d0%b4%d0%be%d1%81%d1%82%d1%83%d0%bf%d0%bd%d0%be%d1%81%d1%82%d0%b8\/\" class=\"bold-link\">Uzzin\u0101t vair\u0101k<\/a><\/p>\n","protected":false},"author":1,"featured_media":0,"parent":0,"menu_order":0,"comment_status":"closed","ping_status":"closed","template":"templates\/booking.tpl.php","meta":{"_acf_changed":false,"footnotes":""},"class_list":["post-904","page","type-page","status-publish","hentry"],"acf":[],"yoast_head":"<!-- This site is optimized with the Yoast SEO plugin v26.1.1 - https:\/\/yoast.com\/wordpress\/plugins\/seo\/ -->\n<title>\u041f\u043e\u0438\u0441\u043a \u0434\u043e\u0441\u0442\u0443\u043f\u043d\u043e\u0441\u0442\u0438 - Kempings Mi\u0137e\u013cb\u0101ka<\/title>\n<meta name=\"robots\" content=\"index, follow, max-snippet:-1, max-image-preview:large, max-video-preview:-1\" \/>\n<link rel=\"canonical\" href=\"https:\/\/mikelbaka.lv\/meklet-pieejamibu\/\" \/>\n<meta property=\"og:locale\" content=\"ru_RU\" \/>\n<meta property=\"og:type\" content=\"article\" \/>\n<meta property=\"og:title\" content=\"\u041f\u043e\u0438\u0441\u043a \u0434\u043e\u0441\u0442\u0443\u043f\u043d\u043e\u0441\u0442\u0438 - Kempings Mi\u0137e\u013cb\u0101ka\" \/>\n<meta property=\"og:description\" content=\"Uzzin\u0101t vair\u0101k\" \/>\n<meta property=\"og:url\" content=\"https:\/\/mikelbaka.lv\/meklet-pieejamibu\/\" \/>\n<meta property=\"og:site_name\" content=\"Kempings Mi\u0137e\u013cb\u0101ka\" \/>\n<meta name=\"twitter:card\" content=\"summary_large_image\" \/>\n<script type=\"application\/ld+json\" class=\"yoast-schema-graph\">{\"@context\":\"https:\/\/schema.org\",\"@graph\":[{\"@type\":\"WebPage\",\"@id\":\"https:\/\/mikelbaka.lv\/meklet-pieejamibu\/\",\"url\":\"https:\/\/mikelbaka.lv\/meklet-pieejamibu\/\",\"name\":\"\u041f\u043e\u0438\u0441\u043a \u0434\u043e\u0441\u0442\u0443\u043f\u043d\u043e\u0441\u0442\u0438 - Kempings Mi\u0137e\u013cb\u0101ka\",\"isPartOf\":{\"@id\":\"https:\/\/mikelbaka.lv\/#website\"},\"datePublished\":\"2020-03-17T14:41:08+00:00\",\"breadcrumb\":{\"@id\":\"https:\/\/mikelbaka.lv\/meklet-pieejamibu\/#breadcrumb\"},\"inLanguage\":\"ru-RU\",\"potentialAction\":[{\"@type\":\"ReadAction\",\"target\":[\"https:\/\/mikelbaka.lv\/meklet-pieejamibu\/\"]}]},{\"@type\":\"BreadcrumbList\",\"@id\":\"https:\/\/mikelbaka.lv\/meklet-pieejamibu\/#breadcrumb\",\"itemListElement\":[{\"@type\":\"ListItem\",\"position\":1,\"name\":\"Home\",\"item\":\"https:\/\/mikelbaka.lv\/ru\/\"},{\"@type\":\"ListItem\",\"position\":2,\"name\":\"\u041f\u043e\u0438\u0441\u043a \u0434\u043e\u0441\u0442\u0443\u043f\u043d\u043e\u0441\u0442\u0438\"}]},{\"@type\":\"WebSite\",\"@id\":\"https:\/\/mikelbaka.lv\/#website\",\"url\":\"https:\/\/mikelbaka.lv\/\",\"name\":\"Kempings Mi\u0137e\u013cb\u0101ka\",\"description\":\"Br\u012bvdienas pie j\u016bras\",\"publisher\":{\"@id\":\"https:\/\/mikelbaka.lv\/#organization\"},\"potentialAction\":[{\"@type\":\"SearchAction\",\"target\":{\"@type\":\"EntryPoint\",\"urlTemplate\":\"https:\/\/mikelbaka.lv\/?s={search_term_string}\"},\"query-input\":{\"@type\":\"PropertyValueSpecification\",\"valueRequired\":true,\"valueName\":\"search_term_string\"}}],\"inLanguage\":\"ru-RU\"},{\"@type\":\"Organization\",\"@id\":\"https:\/\/mikelbaka.lv\/#organization\",\"name\":\"Kempings \u201cMi\u0137e\u013cb\u0101ka\u201d\",\"url\":\"https:\/\/mikelbaka.lv\/\",\"logo\":{\"@type\":\"ImageObject\",\"inLanguage\":\"ru-RU\",\"@id\":\"https:\/\/mikelbaka.lv\/#\/schema\/logo\/image\/\",\"url\":\"https:\/\/mikelbaka.lv\/wp-content\/uploads\/2020\/04\/screenshot.png\",\"contentUrl\":\"https:\/\/mikelbaka.lv\/wp-content\/uploads\/2020\/04\/screenshot.png\",\"width\":1200,\"height\":900,\"caption\":\"Kempings \u201cMi\u0137e\u013cb\u0101ka\u201d\"},\"image\":{\"@id\":\"https:\/\/mikelbaka.lv\/#\/schema\/logo\/image\/\"}}]}<\/script>\n<!-- \/ Yoast SEO plugin. -->","yoast_head_json":{"title":"\u041f\u043e\u0438\u0441\u043a \u0434\u043e\u0441\u0442\u0443\u043f\u043d\u043e\u0441\u0442\u0438 - Kempings Mi\u0137e\u013cb\u0101ka","robots":{"index":"index","follow":"follow","max-snippet":"max-snippet:-1","max-image-preview":"max-image-preview:large","max-video-preview":"max-video-preview:-1"},"canonical":"https:\/\/mikelbaka.lv\/meklet-pieejamibu\/","og_locale":"ru_RU","og_type":"article","og_title":"\u041f\u043e\u0438\u0441\u043a \u0434\u043e\u0441\u0442\u0443\u043f\u043d\u043e\u0441\u0442\u0438 - Kempings Mi\u0137e\u013cb\u0101ka","og_description":"Uzzin\u0101t vair\u0101k","og_url":"https:\/\/mikelbaka.lv\/meklet-pieejamibu\/","og_site_name":"Kempings Mi\u0137e\u013cb\u0101ka","twitter_card":"summary_large_image","schema":{"@context":"https:\/\/schema.org","@graph":[{"@type":"WebPage","@id":"https:\/\/mikelbaka.lv\/meklet-pieejamibu\/","url":"https:\/\/mikelbaka.lv\/meklet-pieejamibu\/","name":"\u041f\u043e\u0438\u0441\u043a \u0434\u043e\u0441\u0442\u0443\u043f\u043d\u043e\u0441\u0442\u0438 - Kempings Mi\u0137e\u013cb\u0101ka","isPartOf":{"@id":"https:\/\/mikelbaka.lv\/#website"},"datePublished":"2020-03-17T14:41:08+00:00","breadcrumb":{"@id":"https:\/\/mikelbaka.lv\/meklet-pieejamibu\/#breadcrumb"},"inLanguage":"ru-RU","potentialAction":[{"@type":"ReadAction","target":["https:\/\/mikelbaka.lv\/meklet-pieejamibu\/"]}]},{"@type":"BreadcrumbList","@id":"https:\/\/mikelbaka.lv\/meklet-pieejamibu\/#breadcrumb","itemListElement":[{"@type":"ListItem","position":1,"name":"Home","item":"https:\/\/mikelbaka.lv\/ru\/"},{"@type":"ListItem","position":2,"name":"\u041f\u043e\u0438\u0441\u043a \u0434\u043e\u0441\u0442\u0443\u043f\u043d\u043e\u0441\u0442\u0438"}]},{"@type":"WebSite","@id":"https:\/\/mikelbaka.lv\/#website","url":"https:\/\/mikelbaka.lv\/","name":"Kempings Mi\u0137e\u013cb\u0101ka","description":"Br\u012bvdienas pie j\u016bras","publisher":{"@id":"https:\/\/mikelbaka.lv\/#organization"},"potentialAction":[{"@type":"SearchAction","target":{"@type":"EntryPoint","urlTemplate":"https:\/\/mikelbaka.lv\/?s={search_term_string}"},"query-input":{"@type":"PropertyValueSpecification","valueRequired":true,"valueName":"search_term_string"}}],"inLanguage":"ru-RU"},{"@type":"Organization","@id":"https:\/\/mikelbaka.lv\/#organization","name":"Kempings \u201cMi\u0137e\u013cb\u0101ka\u201d","url":"https:\/\/mikelbaka.lv\/","logo":{"@type":"ImageObject","inLanguage":"ru-RU","@id":"https:\/\/mikelbaka.lv\/#\/schema\/logo\/image\/","url":"https:\/\/mikelbaka.lv\/wp-content\/uploads\/2020\/04\/screenshot.png","contentUrl":"https:\/\/mikelbaka.lv\/wp-content\/uploads\/2020\/04\/screenshot.png","width":1200,"height":900,"caption":"Kempings \u201cMi\u0137e\u013cb\u0101ka\u201d"},"image":{"@id":"https:\/\/mikelbaka.lv\/#\/schema\/logo\/image\/"}}]}},"_links":{"self":[{"href":"https:\/\/mikelbaka.lv\/ru\/wp-json\/wp\/v2\/pages\/904","targetHints":{"allow":["GET"]}}],"collection":[{"href":"https:\/\/mikelbaka.lv\/ru\/wp-json\/wp\/v2\/pages"}],"about":[{"href":"https:\/\/mikelbaka.lv\/ru\/wp-json\/wp\/v2\/types\/page"}],"author":[{"embeddable":true,"href":"https:\/\/mikelbaka.lv\/ru\/wp-json\/wp\/v2\/users\/1"}],"replies":[{"embeddable":true,"href":"https:\/\/mikelbaka.lv\/ru\/wp-json\/wp\/v2\/comments?post=904"}],"version-history":[{"count":1,"href":"https:\/\/mikelbaka.lv\/ru\/wp-json\/wp\/v2\/pages\/904\/revisions"}],"predecessor-version":[{"id":905,"href":"https:\/\/mikelbaka.lv\/ru\/wp-json\/wp\/v2\/pages\/904\/revisions\/905"}],"wp:attachment":[{"href":"https:\/\/mikelbaka.lv\/ru\/wp-json\/wp\/v2\/media?parent=904"}],"curies":[{"name":"wp","href":"https:\/\/api.w.org\/{rel}","templated":true}]}}